{"id":41282,"date":"2025-09-29T15:35:13","date_gmt":"2025-09-29T13:35:13","guid":{"rendered":"https:\/\/exposed-concrete-franchise.com\/?page_id=41282"},"modified":"2025-10-08T17:25:24","modified_gmt":"2025-10-08T15:25:24","slug":"benefits","status":"publish","type":"page","link":"https:\/\/exposed-concrete-franchise.com\/nb\/benefits\/","title":{"rendered":"Fordeler"},"content":{"rendered":"<div data-elementor-type=\"wp-page\" data-elementor-id=\"41282\" class=\"elementor elementor-41282\" data-elementor-post-type=\"page\">\n\t\t\t\t<div class=\"elementor-element elementor-element-1ef03dd e-flex e-con-boxed e-con e-parent\" data-id=\"1ef03dd\" data-element_type=\"container\" data-e-type=\"container\" data-settings=\"{&quot;background_background&quot;:&quot;classic&quot;,&quot;jet_parallax_layout_list&quot;:[]}\">\n\t\t\t\t\t<div class=\"e-con-inner\">\n\t\t<div class=\"elementor-element elementor-element-ff0ac9f e-flex e-con-boxed e-con e-child\" data-id=\"ff0ac9f\" data-element_type=\"container\" data-e-type=\"container\" data-settings=\"{&quot;jet_parallax_layout_list&quot;:[]}\">\n\t\t\t\t\t<div class=\"e-con-inner\">\n\t\t\t\t<div class=\"elementor-element elementor-element-d4f6846 elementor-widget elementor-widget-heading\" data-id=\"d4f6846\" data-element_type=\"widget\" data-e-type=\"widget\" data-widget_type=\"heading.default\">\n\t\t\t\t<div class=\"elementor-widget-container\">\n\t\t\t\t\t<h2 class=\"elementor-heading-title elementor-size-default\">Fordeler<\/h2>\t\t\t\t<\/div>\n\t\t\t\t<\/div>\n\t\t\t\t\t<\/div>\n\t\t\t\t<\/div>\n\t\t\t\t\t<\/div>\n\t\t\t\t<\/div>\n\t\t<div class=\"elementor-element elementor-element-32dbb54 e-flex e-con-boxed e-con e-parent\" data-id=\"32dbb54\" data-element_type=\"container\" data-e-type=\"container\" data-settings=\"{&quot;jet_parallax_layout_list&quot;:[]}\">\n\t\t\t\t\t<div class=\"e-con-inner\">\n\t\t<div class=\"elementor-element elementor-element-f1f68d0 e-con-full e-flex e-con e-child\" data-id=\"f1f68d0\" data-element_type=\"container\" data-e-type=\"container\" data-settings=\"{&quot;jet_parallax_layout_list&quot;:[]}\">\n\t\t\t\t<div class=\"elementor-element elementor-element-f9a02b8 elementor-widget elementor-widget-heading\" data-id=\"f9a02b8\" data-element_type=\"widget\" data-e-type=\"widget\" data-widget_type=\"heading.default\">\n\t\t\t\t<div class=\"elementor-widget-container\">\n\t\t\t\t\t<h2 class=\"elementor-heading-title elementor-size-default\">Merkevarestyrke og umiddelbar tilstedev\u00e6relse p\u00e5 markedet<\/h2>\t\t\t\t<\/div>\n\t\t\t\t<\/div>\n\t\t\t\t<div class=\"elementor-element elementor-element-6b7da8b elementor-widget__width-initial elementor-widget elementor-widget-text-editor\" data-id=\"6b7da8b\" data-element_type=\"widget\" data-e-type=\"widget\" data-widget_type=\"text-editor.default\">\n\t\t\t\t<div class=\"elementor-widget-container\">\n\t\t\t\t\t\t\t\t\t<p>Beconart-merket er beskyttet i hele EU og nyter sterk anerkjennelse i mange europeiske land og utenfor - spesielt i krevende arkitektoniske prosjekter. Referanser og attester av h\u00f8y verdi understreker dette: prosjekter som Stuttgart 21, bybanetunnelen i Karlsruhe, universitetet i Potsdam, 5th Avenue New York og Bleckede grenset\u00e5rn demonstrerer kompetanse i komplekse sammenhenger. Uttalelser fra arkitekter og oppdragsgivere bekrefter tillit, kvalitet, levering til rett tid og sv\u00e6rt estetiske resultater - sterke ankerfester for potensielle lisenstakere.<\/p>\t\t\t\t\t\t\t\t<\/div>\n\t\t\t\t<\/div>\n\t\t\t\t<div class=\"elementor-element elementor-element-d4c34e8 elementor-mobile-align-center elementor-widget elementor-widget-global elementor-global-33601 elementor-widget-button\" data-id=\"d4c34e8\" data-element_type=\"widget\" data-e-type=\"widget\" data-widget_type=\"button.default\">\n\t\t\t\t<div class=\"elementor-widget-container\">\n\t\t\t\t\t\t\t\t\t<div class=\"elementor-button-wrapper\">\n\t\t\t\t\t<a class=\"elementor-button elementor-button-link elementor-size-sm\" href=\"https:\/\/exposed-concrete-franchise.com\/nb\/#kontakt\">\n\t\t\t\t\t\t<span class=\"elementor-button-content-wrapper\">\n\t\t\t\t\t\t\t\t\t<span class=\"elementor-button-text\">Kontakt oss<\/span>\n\t\t\t\t\t<\/span>\n\t\t\t\t\t<\/a>\n\t\t\t\t<\/div>\n\t\t\t\t\t\t\t\t<\/div>\n\t\t\t\t<\/div>\n\t\t\t\t<\/div>\n\t\t<div class=\"elementor-element elementor-element-43de31f e-con-full elementor-hidden-mobile e-flex e-con e-child\" data-id=\"43de31f\" data-element_type=\"container\" data-e-type=\"container\" data-settings=\"{&quot;jet_parallax_layout_list&quot;:[]}\">\n\t\t\t\t<\/div>\n\t\t<div class=\"elementor-element elementor-element-dbb1049 e-con-full e-flex e-con e-child\" data-id=\"dbb1049\" data-element_type=\"container\" data-e-type=\"container\" data-settings=\"{&quot;background_background&quot;:&quot;classic&quot;,&quot;jet_parallax_layout_list&quot;:[]}\">\n\t\t\t\t<\/div>\n\t\t\t\t\t<\/div>\n\t\t\t\t<\/div>\n\t\t<div class=\"elementor-element elementor-element-e1a11cd e-flex e-con-boxed e-con e-parent\" data-id=\"e1a11cd\" data-element_type=\"container\" data-e-type=\"container\" data-settings=\"{&quot;jet_parallax_layout_list&quot;:[]}\">\n\t\t\t\t\t<div class=\"e-con-inner\">\n\t\t<div class=\"elementor-element elementor-element-3776630 e-con-full e-flex e-con e-child\" data-id=\"3776630\" data-element_type=\"container\" data-e-type=\"container\" data-settings=\"{&quot;jet_parallax_layout_list&quot;:[]}\">\n\t\t\t\t<div class=\"elementor-element elementor-element-191fcd9 elementor-widget elementor-widget-heading\" data-id=\"191fcd9\" data-element_type=\"widget\" data-e-type=\"widget\" data-widget_type=\"heading.default\">\n\t\t\t\t<div class=\"elementor-widget-container\">\n\t\t\t\t\t<h2 class=\"elementor-heading-title elementor-size-default\">Bred portef\u00f8lje og sterk differensiering<\/h2>\t\t\t\t<\/div>\n\t\t\t\t<\/div>\n\t\t\t\t<div class=\"elementor-element elementor-element-f3b02fb elementor-widget__width-initial elementor-widget elementor-widget-text-editor\" data-id=\"f3b02fb\" data-element_type=\"widget\" data-e-type=\"widget\" data-widget_type=\"text-editor.default\">\n\t\t\t\t<div class=\"elementor-widget-container\">\n\t\t\t\t\t\t\t\t\t<p>Beconart dekker nesten alle aspekter av arbeid med eksponert betong, fra kosmetikk og retusjering til restaurering av brannskader, betongglasur\/fargeforbedring, buskhamring og graffitifjerning. I tillegg skiller lettbetong- og ultralettbetongl\u00f8sninger seg ut, ikke bare visuelt, men ogs\u00e5 n\u00e5r det gjelder bygningsfysikk (f.eks. termisk ytelse). En strukturert inngang og lokal tilstedev\u00e6relse st\u00f8tter partnere med etablerte lokasjoner i Tyskland (M\u00fcnchen, Stuttgart, Berlin, Frankfurt, Hamburg) s\u00e5 vel som Sveits, Norge, Danmark, Portugal og andre land, noe som sikrer standardisert oppl\u00e6ring, kunnskapsutveksling og langsiktig prosessoptimalisering.<\/p>\t\t\t\t\t\t\t\t<\/div>\n\t\t\t\t<\/div>\n\t\t\t\t<div class=\"elementor-element elementor-element-c9d1d26 elementor-widget elementor-widget-button\" data-id=\"c9d1d26\" data-element_type=\"widget\" data-e-type=\"widget\" data-widget_type=\"button.default\">\n\t\t\t\t<div class=\"elementor-widget-container\">\n\t\t\t\t\t\t\t\t\t<div class=\"elementor-button-wrapper\">\n\t\t\t\t\t<a class=\"elementor-button elementor-button-link elementor-size-sm\" href=\"https:\/\/exposed-concrete-franchise.com\/nb\/#kontakt\">\n\t\t\t\t\t\t<span class=\"elementor-button-content-wrapper\">\n\t\t\t\t\t\t\t\t\t<span class=\"elementor-button-text\">Bestill et m\u00f8te<\/span>\n\t\t\t\t\t<\/span>\n\t\t\t\t\t<\/a>\n\t\t\t\t<\/div>\n\t\t\t\t\t\t\t\t<\/div>\n\t\t\t\t<\/div>\n\t\t\t\t<\/div>\n\t\t<div class=\"elementor-element elementor-element-54ad5ed e-con-full elementor-hidden-mobile e-flex e-con e-child\" data-id=\"54ad5ed\" data-element_type=\"container\" data-e-type=\"container\" data-settings=\"{&quot;jet_parallax_layout_list&quot;:[]}\">\n\t\t\t\t<\/div>\n\t\t<div class=\"elementor-element elementor-element-715ef9d e-con-full e-flex e-con e-child\" data-id=\"715ef9d\" data-element_type=\"container\" data-e-type=\"container\" data-settings=\"{&quot;background_background&quot;:&quot;classic&quot;,&quot;jet_parallax_layout_list&quot;:[]}\">\n\t\t\t\t<\/div>\n\t\t\t\t\t<\/div>\n\t\t\t\t<\/div>\n\t\t<div class=\"elementor-element elementor-element-9040ee8 e-flex e-con-boxed e-con e-parent\" data-id=\"9040ee8\" data-element_type=\"container\" data-e-type=\"container\" data-settings=\"{&quot;jet_parallax_layout_list&quot;:[]}\">\n\t\t\t\t\t<div class=\"e-con-inner\">\n\t\t<div class=\"elementor-element elementor-element-828a876 e-con-full e-flex e-con e-child\" data-id=\"828a876\" data-element_type=\"container\" data-e-type=\"container\" data-settings=\"{&quot;jet_parallax_layout_list&quot;:[]}\">\n\t\t\t\t<div class=\"elementor-element elementor-element-6ae196f elementor-widget elementor-widget-heading\" data-id=\"6ae196f\" data-element_type=\"widget\" data-e-type=\"widget\" data-widget_type=\"heading.default\">\n\t\t\t\t<div class=\"elementor-widget-container\">\n\t\t\t\t\t<h2 class=\"elementor-heading-title elementor-size-default\">Effektive prosesser og rask avkastning p\u00e5 investeringen<\/h2>\t\t\t\t<\/div>\n\t\t\t\t<\/div>\n\t\t\t\t<div class=\"elementor-element elementor-element-5e18696 elementor-widget__width-initial elementor-widget elementor-widget-text-editor\" data-id=\"5e18696\" data-element_type=\"widget\" data-e-type=\"widget\" data-widget_type=\"text-editor.default\">\n\t\t\t\t<div class=\"elementor-widget-container\">\n\t\t\t\t\t\t\t\t\t<p>Etablerte prosedyrer og merkevareaksept hjelper partnerne med \u00e5 vinne kontrakter raskere, drive effektivt og oppn\u00e5 solide marginer. Partnerne beholder regional fleksibilitet - prissetting, teamstruktur og forretningsutvikling kan tilpasses lokale behov - samtidig som de drar nytte av Beconarts velpr\u00f8vde struktur, tilstedev\u00e6relse p\u00e5 markedet og kvalitetsledelse. Organisasjonsutviklingen v\u00e5r har som m\u00e5l \u00e5 gj\u00f8re det daglige arbeidet engasjerende og inspirerende, og det \u00e5 v\u00e6re en del av et profesjonelt, europeisk nettverk fremmer kunnskapsoverf\u00f8ring og samarbeid. Beconart er posisjonert i premiumsegmentet, og tjenester som overleveringsklare overflater og brannskadesanering bidrar til kundetilfredshet og anbefalinger - en klar differensiator for b\u00e6rekraftig vekst.<\/p>\t\t\t\t\t\t\t\t<\/div>\n\t\t\t\t<\/div>\n\t\t\t\t<div class=\"elementor-element elementor-element-e5c5afa elementor-widget elementor-widget-button\" data-id=\"e5c5afa\" data-element_type=\"widget\" data-e-type=\"widget\" data-widget_type=\"button.default\">\n\t\t\t\t<div class=\"elementor-widget-container\">\n\t\t\t\t\t\t\t\t\t<div class=\"elementor-button-wrapper\">\n\t\t\t\t\t<a class=\"elementor-button elementor-button-link elementor-size-sm\" href=\"https:\/\/exposed-concrete-franchise.com\/nb\/#kontakt\">\n\t\t\t\t\t\t<span class=\"elementor-button-content-wrapper\">\n\t\t\t\t\t\t\t\t\t<span class=\"elementor-button-text\">Bli en del av familien<\/span>\n\t\t\t\t\t<\/span>\n\t\t\t\t\t<\/a>\n\t\t\t\t<\/div>\n\t\t\t\t\t\t\t\t<\/div>\n\t\t\t\t<\/div>\n\t\t\t\t<\/div>\n\t\t<div class=\"elementor-element elementor-element-ae7c2e2 e-con-full elementor-hidden-mobile e-flex e-con e-child\" data-id=\"ae7c2e2\" data-element_type=\"container\" data-e-type=\"container\" data-settings=\"{&quot;jet_parallax_layout_list&quot;:[]}\">\n\t\t\t\t<\/div>\n\t\t<div class=\"elementor-element elementor-element-eb01c14 e-con-full e-flex e-con e-child\" data-id=\"eb01c14\" data-element_type=\"container\" data-e-type=\"container\" data-settings=\"{&quot;background_background&quot;:&quot;classic&quot;,&quot;jet_parallax_layout_list&quot;:[]}\">\n\t\t\t\t<\/div>\n\t\t\t\t\t<\/div>\n\t\t\t\t<\/div>\n\t\t<div class=\"elementor-element elementor-element-2951ef8 e-flex e-con-boxed e-con e-parent\" data-id=\"2951ef8\" data-element_type=\"container\" data-e-type=\"container\" data-settings=\"{&quot;jet_parallax_layout_list&quot;:[]}\">\n\t\t\t\t\t<div class=\"e-con-inner\">\n\t\t\t\t\t<\/div>\n\t\t\t\t<\/div>\n\t\t\t\t<\/div>","protected":false},"excerpt":{"rendered":"<p>Benefits Brand strength &amp; immediate market presence The Beconart brand is protected across the EU and enjoys strong recognition in many European countries and beyond\u2014especially in demanding architectural projects. High-value references &amp; testimonials underscore this: projects such as Stuttgart 21, the Karlsruhe light-rail tunnel, University of Potsdam, 5th Avenue New York, and the Bleckede border [&hellip;]<\/p>","protected":false},"author":74,"featured_media":0,"parent":0,"menu_order":0,"comment_status":"closed","ping_status":"closed","template":"","meta":{"_acf_changed":false,"footnotes":""},"folder":[],"class_list":["post-41282","page","type-page","status-publish","hentry"],"acf":[],"_links":{"self":[{"href":"https:\/\/exposed-concrete-franchise.com\/nb\/wp-json\/wp\/v2\/pages\/41282","targetHints":{"allow":["GET"]}}],"collection":[{"href":"https:\/\/exposed-concrete-franchise.com\/nb\/wp-json\/wp\/v2\/pages"}],"about":[{"href":"https:\/\/exposed-concrete-franchise.com\/nb\/wp-json\/wp\/v2\/types\/page"}],"author":[{"embeddable":true,"href":"https:\/\/exposed-concrete-franchise.com\/nb\/wp-json\/wp\/v2\/users\/74"}],"replies":[{"embeddable":true,"href":"https:\/\/exposed-concrete-franchise.com\/nb\/wp-json\/wp\/v2\/comments?post=41282"}],"version-history":[{"count":22,"href":"https:\/\/exposed-concrete-franchise.com\/nb\/wp-json\/wp\/v2\/pages\/41282\/revisions"}],"predecessor-version":[{"id":41485,"href":"https:\/\/exposed-concrete-franchise.com\/nb\/wp-json\/wp\/v2\/pages\/41282\/revisions\/41485"}],"wp:attachment":[{"href":"https:\/\/exposed-concrete-franchise.com\/nb\/wp-json\/wp\/v2\/media?parent=41282"}],"wp:term":[{"taxonomy":"folder","embeddable":true,"href":"https:\/\/exposed-concrete-franchise.com\/nb\/wp-json\/wp\/v2\/folder?post=41282"}],"curies":[{"name":"wp","href":"https:\/\/api.w.org\/{rel}","templated":true}]}}