{"id":40492,"date":"2025-02-13T16:46:57","date_gmt":"2025-02-13T15:46:57","guid":{"rendered":"https:\/\/exposed-concrete-franchise.com\/?page_id=40492"},"modified":"2025-02-13T16:49:42","modified_gmt":"2025-02-13T15:49:42","slug":"terms-and-conditions","status":"publish","type":"page","link":"https:\/\/exposed-concrete-franchise.com\/nb\/terms-and-conditions\/","title":{"rendered":"Vilk\u00e5r og betingelser"},"content":{"rendered":"<div data-elementor-type=\"wp-page\" data-elementor-id=\"40492\" class=\"elementor elementor-40492\" data-elementor-post-type=\"page\">\n\t\t\t\t<div class=\"elementor-element elementor-element-48a354a9 e-con-full e-flex e-con e-parent\" data-id=\"48a354a9\" data-element_type=\"container\" data-e-type=\"container\" data-settings=\"{&quot;background_background&quot;:&quot;classic&quot;,&quot;jet_parallax_layout_list&quot;:[]}\">\n\t\t<div class=\"elementor-element elementor-element-7c8558af e-flex e-con-boxed e-con e-child\" data-id=\"7c8558af\" data-element_type=\"container\" data-e-type=\"container\" data-settings=\"{&quot;jet_parallax_layout_list&quot;:[]}\">\n\t\t\t\t\t<div class=\"e-con-inner\">\n\t\t\t\t<div class=\"elementor-element elementor-element-33d6785b elementor-widget elementor-widget-heading\" data-id=\"33d6785b\" data-element_type=\"widget\" data-e-type=\"widget\" data-widget_type=\"heading.default\">\n\t\t\t\t<div class=\"elementor-widget-container\">\n\t\t\t\t\t<h2 class=\"elementor-heading-title elementor-size-default\">Vilk\u00e5r og betingelser<\/h2>\t\t\t\t<\/div>\n\t\t\t\t<\/div>\n\t\t\t\t\t<\/div>\n\t\t\t\t<\/div>\n\t\t\t\t<\/div>\n\t\t<div class=\"elementor-element elementor-element-1c8d366a e-flex e-con-boxed e-con e-parent\" data-id=\"1c8d366a\" data-element_type=\"container\" data-e-type=\"container\" data-settings=\"{&quot;jet_parallax_layout_list&quot;:[]}\">\n\t\t\t\t\t<div class=\"e-con-inner\">\n\t\t\t\t<div class=\"elementor-element elementor-element-5bf7eedd elementor-widget elementor-widget-text-editor\" data-id=\"5bf7eedd\" data-element_type=\"widget\" data-e-type=\"widget\" data-widget_type=\"text-editor.default\">\n\t\t\t\t<div class=\"elementor-widget-container\">\n\t\t\t\t\t\t\t\t\t<p><strong>1. Omfanget av vilk\u00e5rene<\/strong><\/p><p>F\u00f8lgende betingelser regulerer forretningsforholdet mellom beconart og dets kunder. Nettsidene, selskapene og merkevarene til ledelsen, inkludert viste tilbud og bestillinger, er ogs\u00e5 inkludert.<br \/>Kontrakter aksepteres kun i henhold til v\u00e5re bestillings-, leverings- og betalingsbetingelser. Kundens innkj\u00f8psbetingelser avvises uttrykkelig med mindre de er individuelt akseptert skriftlig. Stillhet fra beconart ang\u00e5ende innsendte kontrakts- og innkj\u00f8psbetingelser utgj\u00f8r ikke aksept. Kontrakts- og innkj\u00f8psbetingelser er kun bindende hvis vi uttrykkelig har bekreftet dem skriftlig.<br \/>Motstridende eller avvikende avtaler eller tillegg, samt muntlige eller telefoniske avtaler, er kun bindende dersom de bekreftes skriftlig av oss.<br \/>Vi har rett til \u00e5 engasjere andre kvalifiserte selskaper, frilans kunstnere og entrepren\u00f8rer, spesialiserte selskaper osv. som er direkte underordnet oss for \u00e5 oppfylle og levere den kontraktsmessige forpliktelsen (byggetjenester av underleverand\u00f8rer).<\/p><p><strong>2. Tilbud<\/strong><\/p><p>V\u00e5re tilbud er alltid uforpliktende og basert p\u00e5 v\u00e5re generelle vilk\u00e5r og betingelser. Avvikende avtaler gjelder bare hvis de er uttrykkelig og tydelig angitt skriftlig i tilbudet og bekreftet av oss skriftlig eller per e-post. Muntlige sideavtaler er ikke tillatt.<br \/>Vi p\u00e5tar oss ikke ansvar for riktigheten av tekniske data og annen informasjon i prislister, rundskriv, kataloger og annet trykt materiale og produsentbrosjyrer. Det tas forbehold om tekniske endringer. Eventuelle avvik utgj\u00f8r ikke reklamasjon s\u00e5 lenge de er rimelige for kunden.<\/p><p><strong>3. Kontraktsinng\u00e5else og kontraktsinnhold<\/strong><\/p><p>Omfanget av tjenestene som beconart leverer, godtgj\u00f8relsen som skal betales av kunden og eventuelle andre n\u00f8dvendige betingelser fastsettes i en individuell kontrakt, arbeids- eller rammekontrakt mellom beconart og kunden\/kontraktspartneren. En kontrakt inng\u00e5s n\u00e5r kunden sender inn en signert kontraktskopi (bestilling) (i enkelte tilfeller ogs\u00e5 via e-post eller faks) og beconart leverer tjenesten og\/eller materiellet. Alle bestillinger som legges inn hos beconart blir f\u00f8rst bindende med v\u00e5r skriftlige ordrebekreftelse eller med p\u00e5begynt arbeid. Ved \u00e5 legge inn bestillingen eller bekrefte skriftlig, anerkjenner kunden disse vilk\u00e5rene og betingelsene. De er eksplisitt nevnt i de tilsvarende dokumentene og kan sees p\u00e5 nettet p\u00e5<br \/><a href=\"https:\/\/sicht-beton.com\/impressum-datenschutz\/\" target=\"_blank\" rel=\"noopener\">https:\/\/sicht-beton.com\/impressum-datenschutz\/<\/a>. Vi tilbyr trykte eller digitale versjoner p\u00e5 foresp\u00f8rsel.<\/p><p><strong>4. Tidsfrister for levering av tjenester\/gjennomf\u00f8ring<\/strong><\/p><p>Hvis tjenesteytelsen som beconart er forpliktet til, blir uunng\u00e5elig forsinket p\u00e5 grunn av uforutsette og uunng\u00e5elige omstendigheter, for eksempel vind- og v\u00e6rforhold, luft- og komponenttemperaturer konsekvent under 5 grader Celsius, glasurbehandling ved temperaturer under 12 grader Celsius, regn under utend\u00f8rs arbeid, lockout, drifts- og trafikkforstyrrelser av alle slag (spesielt i leverand\u00f8rbedrifter), eksepsjonelle omstendigheter, force majeure, manglende tilgang til byggeplassen, stenging av byggeplassen p\u00e5 grunn av offentlige forskrifter, forlenges den avtalte gjennomf\u00f8ringsfristen tilsvarende. Stillstand, driftsstans eller forsinkelse som ikke kan tilskrives oss, m\u00e5 kompenseres av kunden per ansatt pluss tilleggskostnader som reiseutgifter, godtgj\u00f8relser og i henhold til servicekontrakten p\u00e5 80%. Et lavere krav m\u00e5 bevises av kunden.<br \/>Vi gj\u00f8r oppmerksom p\u00e5 at horisontale flater, eksponerte overflater, gulv og sprekker er utsatt for naturlig forvitring, bevegelse eller slitasje, og vi garanterer ikke bindingsstyrke, fargeekthet eller holdbarhet. Delvis behandlede utend\u00f8rsflater kan f\u00e5 et sv\u00e6rt inhomogent utseende under endrede v\u00e6rforhold. Beslutningen om \u00e5 behandle bare deler av en overflate skjer p\u00e5 kundens uttrykkelige foresp\u00f8rsel.<br \/>Tjenestene vil bare bli utf\u00f8rt hvis de byggerelaterte kravene fra kunden er oppfylt. Dette inkluderer uhindret tilgang til byggeplassen og sikkerhet. N\u00f8dvendige hjelpemidler som str\u00f8m, vann og stillas fra en arbeidsh\u00f8yde p\u00e5 3,20 meter m\u00e5 leveres av klienten. Alternativt kan beconart, etter godkjenning og autorisasjon av de omkringliggende grunnflatene av kunden, utf\u00f8re dette mot en ekstra kostnad. I tillegg m\u00e5 kunden s\u00f8rge for parkeringsplasser for kj\u00f8ret\u00f8y og maskiner som er tilpasset prosjektets st\u00f8rrelse.<br \/>Tillatelser fra eiere, myndigheter osv. for eventuelle stengninger av veier, avl\u00f8psvann eller lignende oppgaver er ikke en del av tilbudet og m\u00e5 fremskaffes av kunden. P\u00e5 foresp\u00f8rsel kan disse oppgavene h\u00e5ndteres av beconart og faktureres separat.<br \/>Med mindre annet er regulert her, er det de nyeste versjonene av VOB\/B og VOB\/C som gjelder for m\u00e5ling og fakturering.<\/p><p><strong>5. Godkjenning<\/strong><\/p><p>Omfattende arbeid diskuteres vanligvis ukentlig p\u00e5 stedet eller eksternt mellom kunden og beconart og nedtegnes skriftlig. For utf\u00f8relsestider som overstiger 4 kalenderuker, dokumenteres ferdigstillelsesrapporter i inspeksjonsprotokoller vedr\u00f8rende utf\u00f8relse og delvis overtakelse. N\u00e5r alt arbeid er fullf\u00f8rt, kan overtakelse skje enten ved personlig oppm\u00f8te p\u00e5 stedet eller gjennom en skriftlig ferdigstillelsesrapport. Ved gjennomgang av den skriftlige sluttfakturaen anses tjenesten som akseptert.<br \/>Godkjennelse f\u00f8lger arbeidsavtaleloven i BGB og\/eller VOB.<\/p><p><strong>6. Klager, feilrapporter og erstatningsansvar<\/strong><\/p><p>Reklamasjoner vedr\u00f8rende ufullstendig eller uriktig utf\u00f8relse eller \u00e5penbare mangler skal meldes skriftlig umiddelbart, senest 8 dager etter utf\u00f8relsen. Andre mangler m\u00e5 rapporteres skriftlig umiddelbart etter at de er oppdaget. Dersom reklamasjoner og mangelsmeldinger ikke er fremsatt i tide, anses den utf\u00f8rte tjenesten som akseptert, og det kan ikke gj\u00f8res ytterligere krav gjeldende.<br \/>Hvis det p\u00e5beropes mangler, har beconart rett til \u00e5 inspisere de innrapporterte tjenestene og utbedre eventuelle mangler.<br \/>Ved reklamasjon p\u00e5 enkeltartikler fortsetter behandlingen av de \u00f8vrige tjenestene som om det ikke hadde v\u00e6rt reklamert.<br \/>Hvis kunden gjennomf\u00f8rer korrigerende tiltak uten samtykke fra beconart, bortfaller alle garantikrav mot beconart.<\/p><p><strong>7. Bestemmelser for materialleveranser<\/strong><\/p><p>Levering av materialer skjer etter mottak av en skriftlig bestilling og avhenger av logistiske forhold.<br \/>Normene i de tekniske databladene og sikkerhetsdatabladene m\u00e5 f\u00f8lges under bearbeiding av materialet. Retur av leverte varer godtas ikke.<br \/>Hvis det bes om levering av materiell til kunden eller en byggeplassadresse, g\u00e5r risikoen for utilsiktet tap eller forringelse av varene over p\u00e5 kunden ved utsendelse, senest n\u00e5r de forlater lageret.<\/p><p><strong>8. Priser og betalingsbetingelser<\/strong><\/p><p>Alle prisopplysninger er nettopriser med tillegg av gjeldende lovbestemt merverdiavgift, eller i henhold til \u00a7 13b UStG med hensyn til omvendt avgiftsplikt. Betalinger m\u00e5 gj\u00f8res innen den avtalte betalingsfristen etter fakturering. V\u00e5re standard betalingsbetingelser er 5 kalenderdager netto. Vi forbeholder oss retten til \u00e5 kreve forsinkelseserstatning.<br \/>Kunden kan kun motregne krav fra beconart med ubestridte eller rettskraftig avgjorte krav. Klienten har kun rett til tilbakeholdsrett dersom motkravet er basert p\u00e5 kontraktsforholdet.<br \/>Reklamasjon p\u00e5 faktura m\u00e5 fremsettes skriftlig innen en uke etter mottak. I motsatt fall anses v\u00e5r faktura som akseptert.<\/p><p><strong>9. Forskuddsbetalinger \/ delbetalinger<\/strong><\/p><p>For nye kunder krever vi vanligvis forskuddsbetaling av hele ordreverdien sammen med ordrebekreftelsen. Vi er ikke forpliktet til \u00e5 levere leveranser eller tjenester f\u00f8r vi har mottatt forskuddsbetalingen.<br \/>Formell aksept og delbetalinger skjer basert p\u00e5 fremdriften i byggingen. For utf\u00f8relsestider som overstiger 5 kalenderdager, anses ukentlige delbetalinger som avtalt.<br \/>Betalinger skal kun gj\u00f8res til den kontoen som er spesifisert i fakturaen. Hvis delbetalinger ikke mottas i tide, har vi rett til \u00e5 innstille arbeidet inntil betaling er mottatt.<\/p><p><strong>10. Tilbaketrekking<\/strong><\/p><p>Hvis kunden trekker seg fra kontrakten uten berettiget grunn, eller hvis kontrakten ikke kan utf\u00f8res p\u00e5 grunn av \u00e5rsaker som kan tilskrives kunden, har beconart rett til \u00e5 kreve 25% av nettokontraktssummen som erstatning, uten at det ber\u00f8rer bevis for st\u00f8rre skade.<\/p><p><strong>11. Kredittsjekk<\/strong><\/p><p>For \u00e5 beskytte mot mislighold og misbruk av tjenester fra tredjeparter, har beconart rett til \u00e5 innhente kredittrapporter f\u00f8r kontrakten inng\u00e5s og overf\u00f8re personlige kontraktsdata til et kredittbyr\u00e5. Ved behandling utenfor kontraktsforhold har beconart ogs\u00e5 rett til \u00e5 videresende relevante data.<\/p><p><strong>12. Jurisdiksjon<\/strong><\/p><p>Det eksklusive vernetinget og oppfyllelsesstedet for alle tvister som oppst\u00e5r direkte eller indirekte fra kontraktsforholdet, er beconarts hovedkontor i Stuttgart.<\/p><p><strong>13. Avsluttende bestemmelser<\/strong><\/p><p>Lovene i Forbundsrepublikken Tyskland gjelder utelukkende. Avvikende avtaler m\u00e5 v\u00e6re skriftlige. E-post er ikke tilstrekkelig for skriftlig form.<br \/>Dersom en bestemmelse i disse Vilk\u00e5rene er eller blir ugyldig, skal gyldigheten av de \u00f8vrige bestemmelsene ikke p\u00e5virkes. Partene skal erstatte den ugyldige bestemmelsen med en gyldig bestemmelse som i st\u00f8rst mulig grad oppn\u00e5r det tiltenkte \u00f8konomiske form\u00e5let.<\/p>\t\t\t\t\t\t\t\t<\/div>\n\t\t\t\t<\/div>\n\t\t\t\t\t<\/div>\n\t\t\t\t<\/div>\n\t\t\t\t<\/div>","protected":false},"excerpt":{"rendered":"<p>Terms and conditions 1. Scope of Conditions The following conditions govern the business relationships between beconart and its clients. The websites, companies, and brands of the management, including viewed offers and orders, are also included.Contracts are only accepted under our order, delivery, and payment conditions. The client&#8217;s purchasing conditions are expressly rejected unless they are [&hellip;]<\/p>","protected":false},"author":74,"featured_media":0,"parent":0,"menu_order":0,"comment_status":"closed","ping_status":"closed","template":"","meta":{"_acf_changed":false,"footnotes":""},"folder":[],"class_list":["post-40492","page","type-page","status-publish","hentry"],"acf":[],"_links":{"self":[{"href":"https:\/\/exposed-concrete-franchise.com\/nb\/wp-json\/wp\/v2\/pages\/40492","targetHints":{"allow":["GET"]}}],"collection":[{"href":"https:\/\/exposed-concrete-franchise.com\/nb\/wp-json\/wp\/v2\/pages"}],"about":[{"href":"https:\/\/exposed-concrete-franchise.com\/nb\/wp-json\/wp\/v2\/types\/page"}],"author":[{"embeddable":true,"href":"https:\/\/exposed-concrete-franchise.com\/nb\/wp-json\/wp\/v2\/users\/74"}],"replies":[{"embeddable":true,"href":"https:\/\/exposed-concrete-franchise.com\/nb\/wp-json\/wp\/v2\/comments?post=40492"}],"version-history":[{"count":7,"href":"https:\/\/exposed-concrete-franchise.com\/nb\/wp-json\/wp\/v2\/pages\/40492\/revisions"}],"predecessor-version":[{"id":40503,"href":"https:\/\/exposed-concrete-franchise.com\/nb\/wp-json\/wp\/v2\/pages\/40492\/revisions\/40503"}],"wp:attachment":[{"href":"https:\/\/exposed-concrete-franchise.com\/nb\/wp-json\/wp\/v2\/media?parent=40492"}],"wp:term":[{"taxonomy":"folder","embeddable":true,"href":"https:\/\/exposed-concrete-franchise.com\/nb\/wp-json\/wp\/v2\/folder?post=40492"}],"curies":[{"name":"wp","href":"https:\/\/api.w.org\/{rel}","templated":true}]}}