{"id":40479,"date":"2025-02-13T16:32:26","date_gmt":"2025-02-13T15:32:26","guid":{"rendered":"https:\/\/exposed-concrete-franchise.com\/?page_id=40479"},"modified":"2025-02-13T16:38:19","modified_gmt":"2025-02-13T15:38:19","slug":"privacy-policy","status":"publish","type":"page","link":"https:\/\/exposed-concrete-franchise.com\/nb\/privacy-policy\/","title":{"rendered":"Retningslinjer for personvern"},"content":{"rendered":"<div data-elementor-type=\"wp-page\" data-elementor-id=\"40479\" class=\"elementor elementor-40479\" data-elementor-post-type=\"page\">\n\t\t\t\t<div class=\"elementor-element elementor-element-5e4dcc0f e-con-full e-flex e-con e-parent\" data-id=\"5e4dcc0f\" data-element_type=\"container\" data-e-type=\"container\" data-settings=\"{&quot;background_background&quot;:&quot;classic&quot;,&quot;jet_parallax_layout_list&quot;:[]}\">\n\t\t<div class=\"elementor-element elementor-element-5029d980 e-flex e-con-boxed e-con e-child\" data-id=\"5029d980\" data-element_type=\"container\" data-e-type=\"container\" data-settings=\"{&quot;jet_parallax_layout_list&quot;:[]}\">\n\t\t\t\t\t<div class=\"e-con-inner\">\n\t\t\t\t<div class=\"elementor-element elementor-element-39f7bdfa elementor-widget elementor-widget-heading\" data-id=\"39f7bdfa\" data-element_type=\"widget\" data-e-type=\"widget\" data-widget_type=\"heading.default\">\n\t\t\t\t<div class=\"elementor-widget-container\">\n\t\t\t\t\t<h2 class=\"elementor-heading-title elementor-size-default\">Retningslinjer for personvern<\/h2>\t\t\t\t<\/div>\n\t\t\t\t<\/div>\n\t\t\t\t\t<\/div>\n\t\t\t\t<\/div>\n\t\t\t\t<\/div>\n\t\t<div class=\"elementor-element elementor-element-330b8c4a e-flex e-con-boxed e-con e-parent\" data-id=\"330b8c4a\" data-element_type=\"container\" data-e-type=\"container\" data-settings=\"{&quot;jet_parallax_layout_list&quot;:[]}\">\n\t\t\t\t\t<div class=\"e-con-inner\">\n\t\t\t\t<div class=\"elementor-element elementor-element-12b6dc24 elementor-widget elementor-widget-text-editor\" data-id=\"12b6dc24\" data-element_type=\"widget\" data-e-type=\"widget\" data-widget_type=\"text-editor.default\">\n\t\t\t\t<div class=\"elementor-widget-container\">\n\t\t\t\t\t\t\t\t\t<p><strong>Retningslinjer for personvern<\/strong><br \/>Nedenfor vil vi informere deg om v\u00e5r personvernerkl\u00e6ring. Her finner du informasjon om innsamling og bruk av personopplysninger n\u00e5r du bruker nettstedet v\u00e5rt. Vi overholder personvernlovene som gjelder i Tyskland. Du kan n\u00e5r som helst f\u00e5 tilgang til denne erkl\u00e6ringen p\u00e5 nettstedet v\u00e5rt.<\/p><p>Vi gj\u00f8r uttrykkelig oppmerksom p\u00e5 at dataoverf\u00f8ring p\u00e5 Internett (f.eks. kommunikasjon via e-post) kan ha sikkerhetshull og ikke kan beskyttes fullstendig mot tilgang fra tredjeparter.<\/p><p>Bruk av kontaktopplysningene fra v\u00e5r juridiske merknad til kommersiell reklame er uttrykkelig ikke \u00f8nskelig, med mindre vi p\u00e5 forh\u00e5nd har gitt skriftlig samtykke eller det allerede foreligger et forretningsforhold. Leverand\u00f8ren og alle personer som er nevnt p\u00e5 dette nettstedet, motsetter seg herved enhver kommersiell bruk og utlevering av deres data.<\/p><p><strong>Personopplysninger<\/strong><br \/>Du kan bes\u00f8ke nettstedet v\u00e5rt uten \u00e5 oppgi personopplysninger. Hvis personopplysninger (for eksempel navn, adresse eller e-postadresse) samles inn p\u00e5 sidene v\u00e5re, gj\u00f8res dette p\u00e5 frivillig basis n\u00e5r det er mulig. Disse opplysningene vil ikke bli gitt videre til tredjeparter uten ditt uttrykkelige samtykke.<\/p><p>Hvis det skal opprettes, utformes eller endres et avtaleforhold mellom deg og oss, eller hvis du sender inn en foresp\u00f8rsel, samler vi inn og bruker personopplysninger fra deg i den grad det er n\u00f8dvendig for disse form\u00e5lene (beholdningsdata). Vi samler inn, behandler og bruker personopplysninger i den grad det er n\u00f8dvendig for at du skal kunne bruke nettjenestene v\u00e5re (bruksdata).<\/p><p>Alle personopplysninger lagres kun s\u00e5 lenge det er n\u00f8dvendig for det angitte form\u00e5let (behandling av din foresp\u00f8rsel eller h\u00e5ndtering av en kontrakt). Det vil bli tatt hensyn til lovbestemte og skatterelaterte oppbevaringsperioder. Etter p\u00e5legg fra kompetente myndigheter kan vi i enkelttilfeller utlevere informasjon om disse opplysningene (lagerdata) hvis dette er n\u00f8dvendig for rettsh\u00e5ndhevelse, sikkerhetsform\u00e5l, oppfyllelse av de lovp\u00e5lagte oppgavene til grunnlovsmyndighetene eller den milit\u00e6re kontraspionasjen, eller for h\u00e5ndhevelse av immaterielle rettigheter.<\/p><p><strong>Bruk av informasjonskapsler<\/strong><br \/>For \u00e5 administrere informasjonskapslene og lignende teknologier (sporingspiksler, websignaler osv.) som brukes p\u00e5 nettstedet v\u00e5rt, samt de tilh\u00f8rende samtykkene, bruker vi samtykkeverkt\u00f8yet \"Real Cookie Banner\". Du finner mer informasjon om funksjonaliteten til \"Real Cookie Banner\" p\u00e5<br \/><a href=\"https:\/\/devowl.io\/en\/rcb\/data-processing\/\" target=\"_blank\" rel=\"noopener noreferrer\">https:\/\/devowl.io\/en\/rcb\/data-processing\/<\/a>.<\/p><p>Det rettslige grunnlaget for behandling av personopplysninger i denne sammenhengen er personvernforordningen artikkel 6 nr. 1 bokstav c) og artikkel 6 nr. 1 bokstav f). V\u00e5r berettigede interesse er \u00e5 administrere informasjonskapsler og lignende teknologier som brukes, og de tilh\u00f8rende samtykkene.<\/p><p>Det er verken kontraktsmessig p\u00e5krevd eller n\u00f8dvendig \u00e5 oppgi personopplysninger for \u00e5 inng\u00e5 en kontrakt. Du er ikke forpliktet til \u00e5 oppgi personopplysninger. Hvis du ikke oppgir personopplysninger, kan vi ikke administrere samtykkene dine.<\/p><p><strong>Kommentarfunksjoner<\/strong><br \/>Som en del av kommentarfunksjonen samler vi inn personopplysninger (f.eks. navn, e-post) i forbindelse med din kommentar til et innlegg bare i den grad du har oppgitt dem. N\u00e5r du publiserer en kommentar, vil e-postadressen du oppgir, bli lagret, men ikke publisert. Navnet ditt vil bli publisert dersom du ikke har skrevet under pseudonym.<\/p><p><strong>Personvernerkl\u00e6ring for Facebook-plugin (\"Liker\")<\/strong><br \/>Dette nettstedet bruker plugins fra Facebook.com, levert av Facebook Inc, 1601 S. California Avenue, Palo Alto, CA 94304, USA. Brukere av nettstedet v\u00e5rt, der Facebook-plugin-modulen (\"Liker\"-knappen) er installert, informeres herved om at plugin-modulen oppretter en forbindelse til Facebook, og dermed overf\u00f8rer informasjon til nettleseren din for \u00e5 gj\u00f8re det mulig for plugin-modulen \u00e5 vises p\u00e5 nettstedet.<\/p><p>Ved bruk av plugin-modulen overf\u00f8res det i tillegg data til Facebook-servere, som inneholder informasjon om dine bes\u00f8k p\u00e5 nettstedet v\u00e5rt. Innloggede Facebook-brukere vil f\u00e5 bruksdataene sine knyttet til sin personlige Facebook-konto.<\/p><p>Hvis du aktivt bruker Facebook-plugin-modulen (f.eks. ved \u00e5 klikke p\u00e5 \"Liker\"-knappen eller bruke kommentarfunksjonen), blir disse dataene overf\u00f8rt til Facebook-kontoen din og publisert. Du kan unng\u00e5 dette ved \u00e5 logge deg ut av Facebook-kontoen din f\u00f8r du bruker programtillegget.<\/p><p>Mer informasjon om Facebooks databruk finner du i Facebooks personvernerkl\u00e6ring p\u00e5 <a href=\"http:\/\/de-de.facebook.com\/policy.php\" target=\"_blank\" rel=\"noopener\">http:\/\/de-de.facebook.com\/policy.php<\/a>.<\/p><p><strong>Personvernerkl\u00e6ring for Google Analytics nettanalysetjeneste<\/strong><br \/>Dette nettstedet bruker Google Analytics, en webanalysetjeneste levert av Google Inc. (\"Google\"). Google Analytics bruker \"informasjonskapsler\", tekstfiler som lagres p\u00e5 datamaskinen din og som muliggj\u00f8r en analyse av din bruk av nettstedet. Informasjonen som genereres av informasjonskapselen om din bruk av dette nettstedet, overf\u00f8res vanligvis til en Google-server i USA og lagres der.<\/p><p>Vi har aktivert IP-anonymisering. Din IP-adresse blir derfor forkortet av Google i EU-medlemsland eller andre parter i avtalen om Det europeiske \u00f8konomiske samarbeidsomr\u00e5det f\u00f8r overf\u00f8ring. Bare i unntakstilfeller vil den fullstendige IP-adressen bli overf\u00f8rt til en Google-server i USA og forkortet der.<\/p><p>P\u00e5 vegne av operat\u00f8ren av dette nettstedet vil Google bruke denne informasjonen til \u00e5 evaluere din bruk av nettstedet, sammenstille rapporter om nettstedsaktivitet og tilby andre tjenester knyttet til nettstedsaktivitet og internettbruk. IP-adressen som nettleseren din overf\u00f8rer som en del av Google Analytics, vil ikke bli sl\u00e5tt sammen med andre Google-data.<\/p><p>Du kan forhindre lagring av informasjonskapsler ved \u00e5 justere innstillingene i nettleseren din. V\u00e6r imidlertid oppmerksom p\u00e5 at hvis du gj\u00f8r dette, kan det hende at du ikke kan bruke alle funksjonene p\u00e5 dette nettstedet fullt ut. Du kan ogs\u00e5 forhindre innsamling av data som genereres av informasjonskapselen og som er relatert til din bruk av nettstedet (inkludert din IP-adresse) og behandlingen av disse dataene av Google ved \u00e5 laste ned og installere nettlesertillegget som er tilgjengelig p\u00e5<br \/><a href=\"http:\/\/tools.google.com\/dlpage\/gaoptout?hl=en\" target=\"_blank\" rel=\"noopener\">http:\/\/tools.google.com\/dlpage\/gaoptout?hl=en<\/a>.<\/p><p><strong>Rett til informasjon<\/strong><br \/>Du har rett til \u00e5 sp\u00f8rre, gratis og uten forsinkelse, om dataene som er samlet inn om deg. Du har ogs\u00e5 rett til n\u00e5r som helst \u00e5 tilbakekalle ditt samtykke til bruk av personopplysningene dine for fremtiden.<\/p><p>For \u00e5 f\u00e5 informasjon, vennligst kontakt leverand\u00f8ren ved hjelp av kontaktopplysningene som er oppgitt i den juridiske merknaden.<\/p>\t\t\t\t\t\t\t\t<\/div>\n\t\t\t\t<\/div>\n\t\t\t\t\t<\/div>\n\t\t\t\t<\/div>\n\t\t\t\t<\/div>","protected":false},"excerpt":{"rendered":"<p>Privacy policy Privacy PolicyBelow, we would like to inform you about our privacy policy. Here, you will find information about the collection and use of personal data when using our website. We comply with the data protection laws applicable in Germany. You can access this statement at any time on our website. We explicitly point [&hellip;]<\/p>","protected":false},"author":74,"featured_media":0,"parent":0,"menu_order":0,"comment_status":"closed","ping_status":"closed","template":"","meta":{"_acf_changed":false,"footnotes":""},"folder":[],"class_list":["post-40479","page","type-page","status-publish","hentry"],"acf":[],"_links":{"self":[{"href":"https:\/\/exposed-concrete-franchise.com\/nb\/wp-json\/wp\/v2\/pages\/40479","targetHints":{"allow":["GET"]}}],"collection":[{"href":"https:\/\/exposed-concrete-franchise.com\/nb\/wp-json\/wp\/v2\/pages"}],"about":[{"href":"https:\/\/exposed-concrete-franchise.com\/nb\/wp-json\/wp\/v2\/types\/page"}],"author":[{"embeddable":true,"href":"https:\/\/exposed-concrete-franchise.com\/nb\/wp-json\/wp\/v2\/users\/74"}],"replies":[{"embeddable":true,"href":"https:\/\/exposed-concrete-franchise.com\/nb\/wp-json\/wp\/v2\/comments?post=40479"}],"version-history":[{"count":7,"href":"https:\/\/exposed-concrete-franchise.com\/nb\/wp-json\/wp\/v2\/pages\/40479\/revisions"}],"predecessor-version":[{"id":40491,"href":"https:\/\/exposed-concrete-franchise.com\/nb\/wp-json\/wp\/v2\/pages\/40479\/revisions\/40491"}],"wp:attachment":[{"href":"https:\/\/exposed-concrete-franchise.com\/nb\/wp-json\/wp\/v2\/media?parent=40479"}],"wp:term":[{"taxonomy":"folder","embeddable":true,"href":"https:\/\/exposed-concrete-franchise.com\/nb\/wp-json\/wp\/v2\/folder?post=40479"}],"curies":[{"name":"wp","href":"https:\/\/api.w.org\/{rel}","templated":true}]}}