{"id":41282,"date":"2025-09-29T15:35:13","date_gmt":"2025-09-29T13:35:13","guid":{"rendered":"https:\/\/exposed-concrete-franchise.com\/?page_id=41282"},"modified":"2025-10-08T17:25:24","modified_gmt":"2025-10-08T15:25:24","slug":"benefits","status":"publish","type":"page","link":"https:\/\/exposed-concrete-franchise.com\/fr\/benefits\/","title":{"rendered":"Avantages"},"content":{"rendered":"<div data-elementor-type=\"wp-page\" data-elementor-id=\"41282\" class=\"elementor elementor-41282\" data-elementor-post-type=\"page\">\n\t\t\t\t<div class=\"elementor-element elementor-element-1ef03dd e-flex e-con-boxed e-con e-parent\" data-id=\"1ef03dd\" data-element_type=\"container\" data-e-type=\"container\" data-settings=\"{&quot;background_background&quot;:&quot;classic&quot;,&quot;jet_parallax_layout_list&quot;:[]}\">\n\t\t\t\t\t<div class=\"e-con-inner\">\n\t\t<div class=\"elementor-element elementor-element-ff0ac9f e-flex e-con-boxed e-con e-child\" data-id=\"ff0ac9f\" data-element_type=\"container\" data-e-type=\"container\" data-settings=\"{&quot;jet_parallax_layout_list&quot;:[]}\">\n\t\t\t\t\t<div class=\"e-con-inner\">\n\t\t\t\t<div class=\"elementor-element elementor-element-d4f6846 elementor-widget elementor-widget-heading\" data-id=\"d4f6846\" data-element_type=\"widget\" data-e-type=\"widget\" data-widget_type=\"heading.default\">\n\t\t\t\t<div class=\"elementor-widget-container\">\n\t\t\t\t\t<h2 class=\"elementor-heading-title elementor-size-default\">Avantages<\/h2>\t\t\t\t<\/div>\n\t\t\t\t<\/div>\n\t\t\t\t\t<\/div>\n\t\t\t\t<\/div>\n\t\t\t\t\t<\/div>\n\t\t\t\t<\/div>\n\t\t<div class=\"elementor-element elementor-element-32dbb54 e-flex e-con-boxed e-con e-parent\" data-id=\"32dbb54\" data-element_type=\"container\" data-e-type=\"container\" data-settings=\"{&quot;jet_parallax_layout_list&quot;:[]}\">\n\t\t\t\t\t<div class=\"e-con-inner\">\n\t\t<div class=\"elementor-element elementor-element-f1f68d0 e-con-full e-flex e-con e-child\" data-id=\"f1f68d0\" data-element_type=\"container\" data-e-type=\"container\" data-settings=\"{&quot;jet_parallax_layout_list&quot;:[]}\">\n\t\t\t\t<div class=\"elementor-element elementor-element-f9a02b8 elementor-widget elementor-widget-heading\" data-id=\"f9a02b8\" data-element_type=\"widget\" data-e-type=\"widget\" data-widget_type=\"heading.default\">\n\t\t\t\t<div class=\"elementor-widget-container\">\n\t\t\t\t\t<h2 class=\"elementor-heading-title elementor-size-default\">Force de la marque et pr\u00e9sence imm\u00e9diate sur le march\u00e9<\/h2>\t\t\t\t<\/div>\n\t\t\t\t<\/div>\n\t\t\t\t<div class=\"elementor-element elementor-element-6b7da8b elementor-widget__width-initial elementor-widget elementor-widget-text-editor\" data-id=\"6b7da8b\" data-element_type=\"widget\" data-e-type=\"widget\" data-widget_type=\"text-editor.default\">\n\t\t\t\t<div class=\"elementor-widget-container\">\n\t\t\t\t\t\t\t\t\t<p>La marque Beconart est prot\u00e9g\u00e9e dans toute l'UE et jouit d'une forte reconnaissance dans de nombreux pays europ\u00e9ens et au-del\u00e0, en particulier dans le cadre de projets architecturaux exigeants. Des r\u00e9f\u00e9rences et des t\u00e9moignages de grande valeur le soulignent : des projets tels que Stuttgart 21, le tunnel de m\u00e9tro l\u00e9ger de Karlsruhe, l'Universit\u00e9 de Potsdam, 5th Avenue New York et la tour frontali\u00e8re de Bleckede d\u00e9montrent la comp\u00e9tence de Beconart dans des contextes complexes. Les d\u00e9clarations des architectes et des clients confirment la confiance, la qualit\u00e9, la livraison dans les d\u00e9lais et les r\u00e9sultats hautement esth\u00e9tiques - des points d'ancrage puissants pour les candidats \u00e0 l'obtention d'une licence.<\/p>\t\t\t\t\t\t\t\t<\/div>\n\t\t\t\t<\/div>\n\t\t\t\t<div class=\"elementor-element elementor-element-d4c34e8 elementor-mobile-align-center elementor-widget elementor-widget-global elementor-global-33601 elementor-widget-button\" data-id=\"d4c34e8\" data-element_type=\"widget\" data-e-type=\"widget\" data-widget_type=\"button.default\">\n\t\t\t\t<div class=\"elementor-widget-container\">\n\t\t\t\t\t\t\t\t\t<div class=\"elementor-button-wrapper\">\n\t\t\t\t\t<a class=\"elementor-button elementor-button-link elementor-size-sm\" href=\"https:\/\/exposed-concrete-franchise.com\/fr\/#kontakt\">\n\t\t\t\t\t\t<span class=\"elementor-button-content-wrapper\">\n\t\t\t\t\t\t\t\t\t<span class=\"elementor-button-text\">Nous contacter<\/span>\n\t\t\t\t\t<\/span>\n\t\t\t\t\t<\/a>\n\t\t\t\t<\/div>\n\t\t\t\t\t\t\t\t<\/div>\n\t\t\t\t<\/div>\n\t\t\t\t<\/div>\n\t\t<div class=\"elementor-element elementor-element-43de31f e-con-full elementor-hidden-mobile e-flex e-con e-child\" data-id=\"43de31f\" data-element_type=\"container\" data-e-type=\"container\" data-settings=\"{&quot;jet_parallax_layout_list&quot;:[]}\">\n\t\t\t\t<\/div>\n\t\t<div class=\"elementor-element elementor-element-dbb1049 e-con-full e-flex e-con e-child\" data-id=\"dbb1049\" data-element_type=\"container\" data-e-type=\"container\" data-settings=\"{&quot;background_background&quot;:&quot;classic&quot;,&quot;jet_parallax_layout_list&quot;:[]}\">\n\t\t\t\t<\/div>\n\t\t\t\t\t<\/div>\n\t\t\t\t<\/div>\n\t\t<div class=\"elementor-element elementor-element-e1a11cd e-flex e-con-boxed e-con e-parent\" data-id=\"e1a11cd\" data-element_type=\"container\" data-e-type=\"container\" data-settings=\"{&quot;jet_parallax_layout_list&quot;:[]}\">\n\t\t\t\t\t<div class=\"e-con-inner\">\n\t\t<div class=\"elementor-element elementor-element-3776630 e-con-full e-flex e-con e-child\" data-id=\"3776630\" data-element_type=\"container\" data-e-type=\"container\" data-settings=\"{&quot;jet_parallax_layout_list&quot;:[]}\">\n\t\t\t\t<div class=\"elementor-element elementor-element-191fcd9 elementor-widget elementor-widget-heading\" data-id=\"191fcd9\" data-element_type=\"widget\" data-e-type=\"widget\" data-widget_type=\"heading.default\">\n\t\t\t\t<div class=\"elementor-widget-container\">\n\t\t\t\t\t<h2 class=\"elementor-heading-title elementor-size-default\">Large portefeuille et forte diff\u00e9renciation<\/h2>\t\t\t\t<\/div>\n\t\t\t\t<\/div>\n\t\t\t\t<div class=\"elementor-element elementor-element-f3b02fb elementor-widget__width-initial elementor-widget elementor-widget-text-editor\" data-id=\"f3b02fb\" data-element_type=\"widget\" data-e-type=\"widget\" data-widget_type=\"text-editor.default\">\n\t\t\t\t<div class=\"elementor-widget-container\">\n\t\t\t\t\t\t\t\t\t<p>De la cosm\u00e9tique et des retouches \u00e0 l'\u00e9limination des graffitis, en passant par la restauration des dommages caus\u00e9s par le feu, le gla\u00e7age du b\u00e9ton et l'affinage des couleurs, le d\u00e9broussaillage et l'\u00e9limination des graffitis, Beconart couvre presque tous les aspects du travail sur le b\u00e9ton apparent. En outre, les solutions en b\u00e9ton l\u00e9ger et infral\u00e9ger se distinguent non seulement sur le plan visuel, mais aussi sur le plan de la physique du b\u00e2timent (p. ex. performance thermique). Une entr\u00e9e structur\u00e9e et une pr\u00e9sence locale soutiennent les partenaires \u00e9tablis en Allemagne (Munich, Stuttgart, Berlin, Francfort, Hambourg) ainsi qu'en Suisse, en Norv\u00e8ge, au Danemark, au Portugal et dans d'autres pays, garantissant une formation standardis\u00e9e, un \u00e9change de connaissances et une optimisation des processus \u00e0 long terme.<\/p>\t\t\t\t\t\t\t\t<\/div>\n\t\t\t\t<\/div>\n\t\t\t\t<div class=\"elementor-element elementor-element-c9d1d26 elementor-widget elementor-widget-button\" data-id=\"c9d1d26\" data-element_type=\"widget\" data-e-type=\"widget\" data-widget_type=\"button.default\">\n\t\t\t\t<div class=\"elementor-widget-container\">\n\t\t\t\t\t\t\t\t\t<div class=\"elementor-button-wrapper\">\n\t\t\t\t\t<a class=\"elementor-button elementor-button-link elementor-size-sm\" href=\"https:\/\/exposed-concrete-franchise.com\/fr\/#kontakt\">\n\t\t\t\t\t\t<span class=\"elementor-button-content-wrapper\">\n\t\t\t\t\t\t\t\t\t<span class=\"elementor-button-text\">R\u00e9server une r\u00e9union<\/span>\n\t\t\t\t\t<\/span>\n\t\t\t\t\t<\/a>\n\t\t\t\t<\/div>\n\t\t\t\t\t\t\t\t<\/div>\n\t\t\t\t<\/div>\n\t\t\t\t<\/div>\n\t\t<div class=\"elementor-element elementor-element-54ad5ed e-con-full elementor-hidden-mobile e-flex e-con e-child\" data-id=\"54ad5ed\" data-element_type=\"container\" data-e-type=\"container\" data-settings=\"{&quot;jet_parallax_layout_list&quot;:[]}\">\n\t\t\t\t<\/div>\n\t\t<div class=\"elementor-element elementor-element-715ef9d e-con-full e-flex e-con e-child\" data-id=\"715ef9d\" data-element_type=\"container\" data-e-type=\"container\" data-settings=\"{&quot;background_background&quot;:&quot;classic&quot;,&quot;jet_parallax_layout_list&quot;:[]}\">\n\t\t\t\t<\/div>\n\t\t\t\t\t<\/div>\n\t\t\t\t<\/div>\n\t\t<div class=\"elementor-element elementor-element-9040ee8 e-flex e-con-boxed e-con e-parent\" data-id=\"9040ee8\" data-element_type=\"container\" data-e-type=\"container\" data-settings=\"{&quot;jet_parallax_layout_list&quot;:[]}\">\n\t\t\t\t\t<div class=\"e-con-inner\">\n\t\t<div class=\"elementor-element elementor-element-828a876 e-con-full e-flex e-con e-child\" data-id=\"828a876\" data-element_type=\"container\" data-e-type=\"container\" data-settings=\"{&quot;jet_parallax_layout_list&quot;:[]}\">\n\t\t\t\t<div class=\"elementor-element elementor-element-6ae196f elementor-widget elementor-widget-heading\" data-id=\"6ae196f\" data-element_type=\"widget\" data-e-type=\"widget\" data-widget_type=\"heading.default\">\n\t\t\t\t<div class=\"elementor-widget-container\">\n\t\t\t\t\t<h2 class=\"elementor-heading-title elementor-size-default\">Processus efficaces et retour sur investissement rapide<\/h2>\t\t\t\t<\/div>\n\t\t\t\t<\/div>\n\t\t\t\t<div class=\"elementor-element elementor-element-5e18696 elementor-widget__width-initial elementor-widget elementor-widget-text-editor\" data-id=\"5e18696\" data-element_type=\"widget\" data-e-type=\"widget\" data-widget_type=\"text-editor.default\">\n\t\t\t\t<div class=\"elementor-widget-container\">\n\t\t\t\t\t\t\t\t\t<p>Les proc\u00e9dures \u00e9tablies et l'acceptation de la marque permettent aux partenaires de remporter des contrats plus rapidement, d'op\u00e9rer efficacement et de r\u00e9aliser des marges solides. Les partenaires conservent une flexibilit\u00e9 r\u00e9gionale - la tarification, la structure de l'\u00e9quipe et le d\u00e9veloppement commercial peuvent \u00eatre adapt\u00e9s aux besoins locaux - tout en b\u00e9n\u00e9ficiant de la structure \u00e9prouv\u00e9e de Beconart, de sa pr\u00e9sence sur le march\u00e9 et de son leadership en mati\u00e8re de qualit\u00e9. Notre d\u00e9veloppement organisationnel vise \u00e0 rendre le travail quotidien attrayant et inspirant ; l'appartenance \u00e0 un r\u00e9seau professionnel \u00e0 l'\u00e9chelle europ\u00e9enne favorise le transfert de connaissances et la collaboration. Positionn\u00e9s dans le segment haut de gamme, les services tels que les surfaces pr\u00eates \u00e0 \u00eatre livr\u00e9es et la restauration des dommages caus\u00e9s par le feu stimulent la satisfaction des clients et les renvoient \u00e0 d'autres, ce qui constitue un facteur de diff\u00e9renciation \u00e9vident pour une croissance durable.<\/p>\t\t\t\t\t\t\t\t<\/div>\n\t\t\t\t<\/div>\n\t\t\t\t<div class=\"elementor-element elementor-element-e5c5afa elementor-widget elementor-widget-button\" data-id=\"e5c5afa\" data-element_type=\"widget\" data-e-type=\"widget\" data-widget_type=\"button.default\">\n\t\t\t\t<div class=\"elementor-widget-container\">\n\t\t\t\t\t\t\t\t\t<div class=\"elementor-button-wrapper\">\n\t\t\t\t\t<a class=\"elementor-button elementor-button-link elementor-size-sm\" href=\"https:\/\/exposed-concrete-franchise.com\/fr\/#kontakt\">\n\t\t\t\t\t\t<span class=\"elementor-button-content-wrapper\">\n\t\t\t\t\t\t\t\t\t<span class=\"elementor-button-text\">Rejoindre la famille<\/span>\n\t\t\t\t\t<\/span>\n\t\t\t\t\t<\/a>\n\t\t\t\t<\/div>\n\t\t\t\t\t\t\t\t<\/div>\n\t\t\t\t<\/div>\n\t\t\t\t<\/div>\n\t\t<div class=\"elementor-element elementor-element-ae7c2e2 e-con-full elementor-hidden-mobile e-flex e-con e-child\" data-id=\"ae7c2e2\" data-element_type=\"container\" data-e-type=\"container\" data-settings=\"{&quot;jet_parallax_layout_list&quot;:[]}\">\n\t\t\t\t<\/div>\n\t\t<div class=\"elementor-element elementor-element-eb01c14 e-con-full e-flex e-con e-child\" data-id=\"eb01c14\" data-element_type=\"container\" data-e-type=\"container\" data-settings=\"{&quot;background_background&quot;:&quot;classic&quot;,&quot;jet_parallax_layout_list&quot;:[]}\">\n\t\t\t\t<\/div>\n\t\t\t\t\t<\/div>\n\t\t\t\t<\/div>\n\t\t<div class=\"elementor-element elementor-element-2951ef8 e-flex e-con-boxed e-con e-parent\" data-id=\"2951ef8\" data-element_type=\"container\" data-e-type=\"container\" data-settings=\"{&quot;jet_parallax_layout_list&quot;:[]}\">\n\t\t\t\t\t<div class=\"e-con-inner\">\n\t\t\t\t\t<\/div>\n\t\t\t\t<\/div>\n\t\t\t\t<\/div>","protected":false},"excerpt":{"rendered":"<p>Benefits Brand strength &amp; immediate market presence The Beconart brand is protected across the EU and enjoys strong recognition in many European countries and beyond\u2014especially in demanding architectural projects. High-value references &amp; testimonials underscore this: projects such as Stuttgart 21, the Karlsruhe light-rail tunnel, University of Potsdam, 5th Avenue New York, and the Bleckede border [&hellip;]<\/p>","protected":false},"author":74,"featured_media":0,"parent":0,"menu_order":0,"comment_status":"closed","ping_status":"closed","template":"","meta":{"_acf_changed":false,"footnotes":""},"folder":[],"class_list":["post-41282","page","type-page","status-publish","hentry"],"acf":[],"_links":{"self":[{"href":"https:\/\/exposed-concrete-franchise.com\/fr\/wp-json\/wp\/v2\/pages\/41282","targetHints":{"allow":["GET"]}}],"collection":[{"href":"https:\/\/exposed-concrete-franchise.com\/fr\/wp-json\/wp\/v2\/pages"}],"about":[{"href":"https:\/\/exposed-concrete-franchise.com\/fr\/wp-json\/wp\/v2\/types\/page"}],"author":[{"embeddable":true,"href":"https:\/\/exposed-concrete-franchise.com\/fr\/wp-json\/wp\/v2\/users\/74"}],"replies":[{"embeddable":true,"href":"https:\/\/exposed-concrete-franchise.com\/fr\/wp-json\/wp\/v2\/comments?post=41282"}],"version-history":[{"count":22,"href":"https:\/\/exposed-concrete-franchise.com\/fr\/wp-json\/wp\/v2\/pages\/41282\/revisions"}],"predecessor-version":[{"id":41485,"href":"https:\/\/exposed-concrete-franchise.com\/fr\/wp-json\/wp\/v2\/pages\/41282\/revisions\/41485"}],"wp:attachment":[{"href":"https:\/\/exposed-concrete-franchise.com\/fr\/wp-json\/wp\/v2\/media?parent=41282"}],"wp:term":[{"taxonomy":"folder","embeddable":true,"href":"https:\/\/exposed-concrete-franchise.com\/fr\/wp-json\/wp\/v2\/folder?post=41282"}],"curies":[{"name":"wp","href":"https:\/\/api.w.org\/{rel}","templated":true}]}}