{"id":41280,"date":"2025-09-29T15:34:42","date_gmt":"2025-09-29T13:34:42","guid":{"rendered":"https:\/\/exposed-concrete-franchise.com\/?page_id=41280"},"modified":"2025-10-07T10:56:00","modified_gmt":"2025-10-07T08:56:00","slug":"franchise-overview","status":"publish","type":"page","link":"https:\/\/exposed-concrete-franchise.com\/fr\/franchise-overview\/","title":{"rendered":"Aper\u00e7u de la franchise"},"content":{"rendered":"<div data-elementor-type=\"wp-page\" data-elementor-id=\"41280\" class=\"elementor elementor-41280\" data-elementor-post-type=\"page\">\n\t\t\t\t<div class=\"elementor-element elementor-element-fefccc0 e-flex e-con-boxed e-con e-parent\" data-id=\"fefccc0\" data-element_type=\"container\" data-e-type=\"container\" data-settings=\"{&quot;background_background&quot;:&quot;classic&quot;,&quot;jet_parallax_layout_list&quot;:[]}\">\n\t\t\t\t\t<div class=\"e-con-inner\">\n\t\t<div class=\"elementor-element elementor-element-fbfb2f1 e-flex e-con-boxed e-con e-child\" data-id=\"fbfb2f1\" data-element_type=\"container\" data-e-type=\"container\" data-settings=\"{&quot;jet_parallax_layout_list&quot;:[]}\">\n\t\t\t\t\t<div class=\"e-con-inner\">\n\t\t\t\t<div class=\"elementor-element elementor-element-47dc6c8 elementor-widget elementor-widget-heading\" data-id=\"47dc6c8\" data-element_type=\"widget\" data-e-type=\"widget\" data-widget_type=\"heading.default\">\n\t\t\t\t<div class=\"elementor-widget-container\">\n\t\t\t\t\t<h2 class=\"elementor-heading-title elementor-size-default\">Franchise<br>Vue d'ensemble<\/h2>\t\t\t\t<\/div>\n\t\t\t\t<\/div>\n\t\t\t\t\t<\/div>\n\t\t\t\t<\/div>\n\t\t\t\t\t<\/div>\n\t\t\t\t<\/div>\n\t\t<div class=\"elementor-element elementor-element-fbf31d9 e-flex e-con-boxed e-con e-parent\" data-id=\"fbf31d9\" data-element_type=\"container\" data-e-type=\"container\" data-settings=\"{&quot;jet_parallax_layout_list&quot;:[]}\">\n\t\t\t\t\t<div class=\"e-con-inner\">\n\t\t<div class=\"elementor-element elementor-element-353dbb7 e-con-full e-flex e-con e-child\" data-id=\"353dbb7\" data-element_type=\"container\" data-e-type=\"container\" data-settings=\"{&quot;jet_parallax_layout_list&quot;:[]}\">\n\t\t\t\t<div class=\"elementor-element elementor-element-a2fbdcd elementor-widget elementor-widget-heading\" data-id=\"a2fbdcd\" data-element_type=\"widget\" data-e-type=\"widget\" data-widget_type=\"heading.default\">\n\t\t\t\t<div class=\"elementor-widget-container\">\n\t\t\t\t\t<h2 class=\"elementor-heading-title elementor-size-default\">Beconart \n<br>- Nous rendons le b\u00e9ton visible.<\/h2>\t\t\t\t<\/div>\n\t\t\t\t<\/div>\n\t\t\t\t<div class=\"elementor-element elementor-element-5025d18 elementor-widget elementor-widget-heading\" data-id=\"5025d18\" data-element_type=\"widget\" data-e-type=\"widget\" data-widget_type=\"heading.default\">\n\t\t\t\t<div class=\"elementor-widget-container\">\n\t\t\t\t\t<h2 class=\"elementor-heading-title elementor-size-default\">Beconart est une entreprise active dans toute l'Europe et enregistr\u00e9e au niveau international.<\/h2>\t\t\t\t<\/div>\n\t\t\t\t<\/div>\n\t\t\t\t<div class=\"elementor-element elementor-element-c084280 elementor-widget__width-initial elementor-widget elementor-widget-text-editor\" data-id=\"c084280\" data-element_type=\"widget\" data-e-type=\"widget\" data-widget_type=\"text-editor.default\">\n\t\t\t\t<div class=\"elementor-widget-container\">\n\t\t\t\t\t\t\t\t\t<p>Sp\u00e9cialis\u00e9 dans le post-traitement, la r\u00e9paration, la retouche, la cosm\u00e9tique, la remise \u00e0 neuf, la protection, l'entretien et la maintenance des surfaces en b\u00e9ton expos\u00e9es - y compris la planification, le concept et la mise en \u0153uvre du projet. Nous travaillons avec des \u00e9quipes d\u00e9ploy\u00e9es dans le monde entier.<\/p><ul data-start=\"772\" data-end=\"1491\"><li data-start=\"772\" data-end=\"866\"><p data-start=\"774\" data-end=\"866\"><strong data-start=\"774\" data-end=\"803\">Marque haut de gamme \u00e9tablie<\/strong> avec une valeur de reconnaissance \u00e9lev\u00e9e et une perception positive de la part des clients<\/p><\/li><li data-start=\"867\" data-end=\"935\"><p data-start=\"869\" data-end=\"935\"><strong data-start=\"869\" data-end=\"899\">Syst\u00e8me \u00e9prouv\u00e9 et \u00e9volutif<\/strong> pour des op\u00e9rations commerciales efficaces<\/p><\/li><li data-start=\"936\" data-end=\"1003\"><p data-start=\"938\" data-end=\"1003\"><strong data-start=\"938\" data-end=\"960\">Produits exclusifs<\/strong> avec un design prot\u00e9g\u00e9 et une haptique unique<\/p><\/li><li data-start=\"1004\" data-end=\"1092\"><p data-start=\"1006\" data-end=\"1092\"><strong data-start=\"1006\" data-end=\"1042\">Formation et assistance compl\u00e8tes<\/strong> dans les domaines technique, op\u00e9rationnel et commercial<\/p><\/li><li data-start=\"1093\" data-end=\"1179\"><p data-start=\"1095\" data-end=\"1179\"><strong data-start=\"1095\" data-end=\"1129\">Des strat\u00e9gies de marketing efficaces<\/strong> qui g\u00e9n\u00e8rent continuellement des prospects et de la visibilit\u00e9<\/p><\/li><li data-start=\"1180\" data-end=\"1255\"><p data-start=\"1182\" data-end=\"1255\"><strong data-start=\"1182\" data-end=\"1220\">Des rendements attractifs et transparents<\/strong> par une structure de marge claire<\/p><\/li><li data-start=\"1256\" data-end=\"1351\"><p data-start=\"1258\" data-end=\"1351\"><strong data-start=\"1258\" data-end=\"1285\">Un fort potentiel de croissance<\/strong> pour les nouvelles constructions, les r\u00e9novations et la protection des monuments<\/p><\/li><li data-start=\"1352\" data-end=\"1491\"><p data-start=\"1354\" data-end=\"1491\"><strong data-start=\"1354\" data-end=\"1402\">Durabilit\u00e9 et maintien de la valeur \u00e0 long terme<\/strong> gr\u00e2ce \u00e0 un traitement de surface \u00e9conome en ressources et \u00e0 l'allongement de la dur\u00e9e de vie des structures en b\u00e9ton<\/p><\/li><\/ul><p data-start=\"1493\" data-end=\"1655\">\u00a0<\/p>\t\t\t\t\t\t\t\t<\/div>\n\t\t\t\t<\/div>\n\t\t\t\t<div class=\"elementor-element elementor-element-afc755a elementor-mobile-align-center elementor-widget elementor-widget-button\" data-id=\"afc755a\" data-element_type=\"widget\" data-e-type=\"widget\" data-widget_type=\"button.default\">\n\t\t\t\t<div class=\"elementor-widget-container\">\n\t\t\t\t\t\t\t\t\t<div class=\"elementor-button-wrapper\">\n\t\t\t\t\t<a class=\"elementor-button elementor-button-link elementor-size-sm\" href=\"https:\/\/exposed-concrete-franchise.com\/fr\/#kontakt\">\n\t\t\t\t\t\t<span class=\"elementor-button-content-wrapper\">\n\t\t\t\t\t\t\t\t\t<span class=\"elementor-button-text\">R\u00e9server une r\u00e9union<\/span>\n\t\t\t\t\t<\/span>\n\t\t\t\t\t<\/a>\n\t\t\t\t<\/div>\n\t\t\t\t\t\t\t\t<\/div>\n\t\t\t\t<\/div>\n\t\t\t\t<\/div>\n\t\t<div class=\"elementor-element elementor-element-5096e1a e-con-full elementor-hidden-mobile e-flex e-con e-child\" data-id=\"5096e1a\" data-element_type=\"container\" data-e-type=\"container\" data-settings=\"{&quot;jet_parallax_layout_list&quot;:[]}\">\n\t\t\t\t<\/div>\n\t\t<div class=\"elementor-element elementor-element-48779ab e-con-full e-flex e-con e-child\" data-id=\"48779ab\" data-element_type=\"container\" data-e-type=\"container\" data-settings=\"{&quot;background_background&quot;:&quot;classic&quot;,&quot;jet_parallax_layout_list&quot;:[]}\">\n\t\t\t\t<\/div>\n\t\t\t\t\t<\/div>\n\t\t\t\t<\/div>\n\t\t<div class=\"elementor-element elementor-element-e5f4d93 e-flex e-con-boxed e-con e-parent\" data-id=\"e5f4d93\" data-element_type=\"container\" data-e-type=\"container\" data-settings=\"{&quot;background_background&quot;:&quot;classic&quot;,&quot;jet_parallax_layout_list&quot;:[]}\">\n\t\t\t\t\t<div class=\"e-con-inner\">\n\t\t<div class=\"elementor-element elementor-element-b4c7297 e-con-full e-flex e-con e-child\" data-id=\"b4c7297\" data-element_type=\"container\" data-e-type=\"container\" data-settings=\"{&quot;background_background&quot;:&quot;classic&quot;,&quot;jet_parallax_layout_list&quot;:[]}\">\n\t\t\t\t<\/div>\n\t\t<div class=\"elementor-element elementor-element-5aa25c1 e-con-full e-flex e-con e-child\" data-id=\"5aa25c1\" data-element_type=\"container\" data-e-type=\"container\" data-settings=\"{&quot;jet_parallax_layout_list&quot;:[]}\">\n\t\t<div class=\"elementor-element elementor-element-fa95aa2 e-flex e-con-boxed e-con e-child\" data-id=\"fa95aa2\" data-element_type=\"container\" data-e-type=\"container\" data-settings=\"{&quot;jet_parallax_layout_list&quot;:[]}\">\n\t\t\t\t\t<div class=\"e-con-inner\">\n\t\t\t\t<div class=\"elementor-element elementor-element-3854f93 elementor-widget elementor-widget-heading\" data-id=\"3854f93\" data-element_type=\"widget\" data-e-type=\"widget\" data-widget_type=\"heading.default\">\n\t\t\t\t<div class=\"elementor-widget-container\">\n\t\t\t\t\t<h2 class=\"elementor-heading-title elementor-size-default\">Franchise Beconart : <br>Actif en Allemagne et en Europe<\/h2>\t\t\t\t<\/div>\n\t\t\t\t<\/div>\n\t\t\t\t<div class=\"elementor-element elementor-element-3d9bc7f elementor-widget elementor-widget-text-editor\" data-id=\"3d9bc7f\" data-element_type=\"widget\" data-e-type=\"widget\" data-widget_type=\"text-editor.default\">\n\t\t\t\t<div class=\"elementor-widget-container\">\n\t\t\t\t\t\t\t\t\t<p>Rejoignez un sp\u00e9cialiste de premier plan pour <strong data-start=\"539\" data-end=\"598\">restauration, cosm\u00e9tique et entretien du b\u00e9ton apparent<\/strong>. B\u00e9n\u00e9ficiez d'une cr\u00e9dibilit\u00e9 imm\u00e9diate, d'un soutien marketing et d'une qualit\u00e9 normalis\u00e9e pour remporter des projets plus rapidement en Allemagne et en Europe.<\/p>\t\t\t\t\t\t\t\t<\/div>\n\t\t\t\t<\/div>\n\t\t\t\t<div class=\"elementor-element elementor-element-e92127d elementor-widget elementor-widget-button\" data-id=\"e92127d\" data-element_type=\"widget\" data-e-type=\"widget\" data-widget_type=\"button.default\">\n\t\t\t\t<div class=\"elementor-widget-container\">\n\t\t\t\t\t\t\t\t\t<div class=\"elementor-button-wrapper\">\n\t\t\t\t\t<a class=\"elementor-button elementor-button-link elementor-size-sm\" href=\"https:\/\/exposed-concrete-franchise.com\/fr\/#kontakt\">\n\t\t\t\t\t\t<span class=\"elementor-button-content-wrapper\">\n\t\t\t\t\t\t\t\t\t<span class=\"elementor-button-text\">Demande d'informations sur la franchise<\/span>\n\t\t\t\t\t<\/span>\n\t\t\t\t\t<\/a>\n\t\t\t\t<\/div>\n\t\t\t\t\t\t\t\t<\/div>\n\t\t\t\t<\/div>\n\t\t\t\t\t<\/div>\n\t\t\t\t<\/div>\n\t\t\t\t<\/div>\n\t\t\t\t\t<\/div>\n\t\t\t\t<\/div>\n\t\t<div class=\"elementor-element elementor-element-58ef6e5 e-flex e-con-boxed e-con e-parent\" data-id=\"58ef6e5\" data-element_type=\"container\" data-e-type=\"container\" data-settings=\"{&quot;jet_parallax_layout_list&quot;:[]}\">\n\t\t\t\t\t<div class=\"e-con-inner\">\n\t\t<div class=\"elementor-element elementor-element-be8e59b e-con-full e-flex e-con e-child\" data-id=\"be8e59b\" data-element_type=\"container\" data-e-type=\"container\" data-settings=\"{&quot;jet_parallax_layout_list&quot;:[]}\">\n\t\t\t\t<div class=\"elementor-element elementor-element-f37f782 elementor-widget elementor-widget-heading\" data-id=\"f37f782\" data-element_type=\"widget\" data-e-type=\"widget\" data-widget_type=\"heading.default\">\n\t\t\t\t<div class=\"elementor-widget-container\">\n\t\t\t\t\t<h2 class=\"elementor-heading-title elementor-size-default\">Notre mod\u00e8le de franchise \"plug-and-play\" s'appuie sur une marque enregistr\u00e9e dans l'UE<\/h2>\t\t\t\t<\/div>\n\t\t\t\t<\/div>\n\t\t\t\t<div class=\"elementor-element elementor-element-b8f665e elementor-widget__width-initial elementor-widget elementor-widget-text-editor\" data-id=\"b8f665e\" data-element_type=\"widget\" data-e-type=\"widget\" data-widget_type=\"text-editor.default\">\n\t\t\t\t<div class=\"elementor-widget-container\">\n\t\t\t\t\t\t\t\t\t<p data-start=\"826\" data-end=\"1474\">Id\u00e9al pour les partenaires qui b\u00e9n\u00e9ficient d'un nom \u00e9tabli et l\u00e9galement prot\u00e9g\u00e9. Beconart propose un savoir-faire certifi\u00e9 et des normes de qualit\u00e9 en mati\u00e8re de cosm\u00e9tique du b\u00e9ton apparent, de retouches, de r\u00e9novation, de restauration, de nettoyage, de protection et d'entretien, ainsi que de surfaces en b\u00e9ton pr\u00eates \u00e0 \u00eatre remises, le tout sous l'\u00e9gide d'une marque forte. Une infrastructure et un soutien efficaces, ancr\u00e9s dans un d\u00e9veloppement organisationnel centralis\u00e9 - guid\u00e9 par des d\u00e9veloppeurs organisationnels et des cybern\u00e9ticiens - visent \u00e0 rendre la journ\u00e9e de travail attrayante et efficace pour les partenaires.<\/p>\t\t\t\t\t\t\t\t<\/div>\n\t\t\t\t<\/div>\n\t\t\t\t<div class=\"elementor-element elementor-element-d3dc5e6 elementor-widget elementor-widget-button\" data-id=\"d3dc5e6\" data-element_type=\"widget\" data-e-type=\"widget\" data-widget_type=\"button.default\">\n\t\t\t\t<div class=\"elementor-widget-container\">\n\t\t\t\t\t\t\t\t\t<div class=\"elementor-button-wrapper\">\n\t\t\t\t\t<a class=\"elementor-button elementor-button-link elementor-size-sm\" href=\"https:\/\/exposed-concrete-franchise.com\/fr\/#kontakt\">\n\t\t\t\t\t\t<span class=\"elementor-button-content-wrapper\">\n\t\t\t\t\t\t\t\t\t<span class=\"elementor-button-text\">Nous contacter<\/span>\n\t\t\t\t\t<\/span>\n\t\t\t\t\t<\/a>\n\t\t\t\t<\/div>\n\t\t\t\t\t\t\t\t<\/div>\n\t\t\t\t<\/div>\n\t\t\t\t<\/div>\n\t\t<div class=\"elementor-element elementor-element-116ed99 e-con-full elementor-hidden-mobile e-flex e-con e-child\" data-id=\"116ed99\" data-element_type=\"container\" data-e-type=\"container\" data-settings=\"{&quot;jet_parallax_layout_list&quot;:[]}\">\n\t\t\t\t<\/div>\n\t\t<div class=\"elementor-element elementor-element-209c06a e-con-full e-flex e-con e-child\" data-id=\"209c06a\" data-element_type=\"container\" data-e-type=\"container\" data-settings=\"{&quot;background_background&quot;:&quot;classic&quot;,&quot;jet_parallax_layout_list&quot;:[]}\">\n\t\t\t\t<\/div>\n\t\t\t\t\t<\/div>\n\t\t\t\t<\/div>\n\t\t\t\t<\/div>","protected":false},"excerpt":{"rendered":"<p>FranchiseOverview Beconart - \"Nous rendons le b\u00e9ton visible\". Beconart est une entreprise active dans toute l'Europe et enregistr\u00e9e au niveau international. Elle est sp\u00e9cialis\u00e9e dans le post-traitement, la r\u00e9paration, la retouche, la cosm\u00e9tique, la remise \u00e0 neuf, la protection, l'entretien et la maintenance des surfaces en b\u00e9ton expos\u00e9es, y compris la planification, le concept et la mise en \u0153uvre du projet. Nous disposons d'\u00e9quipes d\u00e9ploy\u00e9es dans le monde entier. Marque haut de gamme \u00e9tablie avec une valeur de reconnaissance \u00e9lev\u00e9e et des clients positifs [...]<\/p>","protected":false},"author":74,"featured_media":0,"parent":0,"menu_order":0,"comment_status":"closed","ping_status":"closed","template":"","meta":{"_acf_changed":false,"footnotes":""},"folder":[],"class_list":["post-41280","page","type-page","status-publish","hentry"],"acf":[],"_links":{"self":[{"href":"https:\/\/exposed-concrete-franchise.com\/fr\/wp-json\/wp\/v2\/pages\/41280","targetHints":{"allow":["GET"]}}],"collection":[{"href":"https:\/\/exposed-concrete-franchise.com\/fr\/wp-json\/wp\/v2\/pages"}],"about":[{"href":"https:\/\/exposed-concrete-franchise.com\/fr\/wp-json\/wp\/v2\/types\/page"}],"author":[{"embeddable":true,"href":"https:\/\/exposed-concrete-franchise.com\/fr\/wp-json\/wp\/v2\/users\/74"}],"replies":[{"embeddable":true,"href":"https:\/\/exposed-concrete-franchise.com\/fr\/wp-json\/wp\/v2\/comments?post=41280"}],"version-history":[{"count":49,"href":"https:\/\/exposed-concrete-franchise.com\/fr\/wp-json\/wp\/v2\/pages\/41280\/revisions"}],"predecessor-version":[{"id":41463,"href":"https:\/\/exposed-concrete-franchise.com\/fr\/wp-json\/wp\/v2\/pages\/41280\/revisions\/41463"}],"wp:attachment":[{"href":"https:\/\/exposed-concrete-franchise.com\/fr\/wp-json\/wp\/v2\/media?parent=41280"}],"wp:term":[{"taxonomy":"folder","embeddable":true,"href":"https:\/\/exposed-concrete-franchise.com\/fr\/wp-json\/wp\/v2\/folder?post=41280"}],"curies":[{"name":"wp","href":"https:\/\/api.w.org\/{rel}","templated":true}]}}