{"id":40492,"date":"2025-02-13T16:46:57","date_gmt":"2025-02-13T15:46:57","guid":{"rendered":"https:\/\/exposed-concrete-franchise.com\/?page_id=40492"},"modified":"2025-02-13T16:49:42","modified_gmt":"2025-02-13T15:49:42","slug":"terms-and-conditions","status":"publish","type":"page","link":"https:\/\/exposed-concrete-franchise.com\/fr\/terms-and-conditions\/","title":{"rendered":"Conditions g\u00e9n\u00e9rales d'utilisation"},"content":{"rendered":"<div data-elementor-type=\"wp-page\" data-elementor-id=\"40492\" class=\"elementor elementor-40492\" data-elementor-post-type=\"page\">\n\t\t\t\t<div class=\"elementor-element elementor-element-48a354a9 e-con-full e-flex e-con e-parent\" data-id=\"48a354a9\" data-element_type=\"container\" data-e-type=\"container\" data-settings=\"{&quot;background_background&quot;:&quot;classic&quot;,&quot;jet_parallax_layout_list&quot;:[]}\">\n\t\t<div class=\"elementor-element elementor-element-7c8558af e-flex e-con-boxed e-con e-child\" data-id=\"7c8558af\" data-element_type=\"container\" data-e-type=\"container\" data-settings=\"{&quot;jet_parallax_layout_list&quot;:[]}\">\n\t\t\t\t\t<div class=\"e-con-inner\">\n\t\t\t\t<div class=\"elementor-element elementor-element-33d6785b elementor-widget elementor-widget-heading\" data-id=\"33d6785b\" data-element_type=\"widget\" data-e-type=\"widget\" data-widget_type=\"heading.default\">\n\t\t\t\t<div class=\"elementor-widget-container\">\n\t\t\t\t\t<h2 class=\"elementor-heading-title elementor-size-default\">Conditions d'utilisation<\/h2>\t\t\t\t<\/div>\n\t\t\t\t<\/div>\n\t\t\t\t\t<\/div>\n\t\t\t\t<\/div>\n\t\t\t\t<\/div>\n\t\t<div class=\"elementor-element elementor-element-1c8d366a e-flex e-con-boxed e-con e-parent\" data-id=\"1c8d366a\" data-element_type=\"container\" data-e-type=\"container\" data-settings=\"{&quot;jet_parallax_layout_list&quot;:[]}\">\n\t\t\t\t\t<div class=\"e-con-inner\">\n\t\t\t\t<div class=\"elementor-element elementor-element-5bf7eedd elementor-widget elementor-widget-text-editor\" data-id=\"5bf7eedd\" data-element_type=\"widget\" data-e-type=\"widget\" data-widget_type=\"text-editor.default\">\n\t\t\t\t<div class=\"elementor-widget-container\">\n\t\t\t\t\t\t\t\t\t<p><strong>1. Champ d'application des conditions<\/strong><\/p><p>Les conditions suivantes r\u00e9gissent les relations commerciales entre beconart et ses clients. Les sites Internet, les entreprises et les marques de la direction, y compris les offres et les commandes consult\u00e9es, sont \u00e9galement inclus.<br \/>Les contrats ne sont accept\u00e9s que dans le cadre de nos conditions de commande, de livraison et de paiement. Les conditions d'achat du client sont express\u00e9ment rejet\u00e9es, \u00e0 moins qu'elles ne soient accept\u00e9es individuellement par \u00e9crit. Le silence de beconart sur les conditions contractuelles et d'achat soumises ne constitue pas une acceptation. Les conditions contractuelles et d'achat ne sont contraignantes que si nous les avons express\u00e9ment confirm\u00e9es par \u00e9crit.<br \/>Les accords ou compl\u00e9ments contradictoires ou divergents, ainsi que les accords verbaux ou t\u00e9l\u00e9phoniques, ne sont contraignants que s'ils sont confirm\u00e9s par \u00e9crit par nos soins.<br \/>Nous sommes autoris\u00e9s \u00e0 engager d'autres entreprises qualifi\u00e9es, des artistes et entrepreneurs ind\u00e9pendants, des entreprises sp\u00e9cialis\u00e9es, etc., qui nous sont directement subordonn\u00e9s, afin de remplir et de fournir l'obligation contractuelle (services de construction par des sous-traitants).<\/p><p><strong>2. Offres<\/strong><\/p><p>Nos offres sont toujours sans engagement, sans obligation et bas\u00e9es sur nos conditions g\u00e9n\u00e9rales. Les accords divergents ne s'appliquent que s'ils sont explicitement et clairement mentionn\u00e9s par \u00e9crit dans l'offre et confirm\u00e9s par nous par \u00e9crit ou par courriel. Les accords parall\u00e8les oraux ne sont pas autoris\u00e9s.<br \/>Nous n'assumons aucune responsabilit\u00e9 quant \u00e0 l'exactitude des donn\u00e9es techniques et autres informations figurant dans les listes de prix, les circulaires, les catalogues et autres imprim\u00e9s, ainsi que dans les brochures des fabricants. Les modifications techniques demeurent r\u00e9serv\u00e9es. Les \u00e9carts \u00e9ventuels ne constituent pas des r\u00e9clamations dans la mesure o\u00f9 ils sont raisonnables pour le client.<\/p><p><strong>3. Conclusion du contrat et contenu du contrat<\/strong><\/p><p>L'\u00e9tendue des services fournis par beconart, la r\u00e9mun\u00e9ration \u00e0 verser par le client et toutes les autres conditions n\u00e9cessaires sont d\u00e9termin\u00e9es dans un contrat individuel, un contrat de travail ou un contrat-cadre entre beconart et le client\/partenaire contractuel. Un contrat est conclu lorsque le client soumet un exemplaire sign\u00e9 du contrat (commande) (dans certains cas \u00e9galement par e-mail ou par fax) et que beconart fournit la prestation et\/ou la livraison de mat\u00e9riel. Toutes les commandes pass\u00e9es \u00e0 beconart ne deviennent contraignantes qu'avec notre confirmation \u00e9crite de la commande ou avec le d\u00e9but des travaux. En passant la commande ou en la confirmant par \u00e9crit, le client reconna\u00eet les pr\u00e9sentes conditions g\u00e9n\u00e9rales. Celles-ci sont explicitement mentionn\u00e9es dans les documents correspondants et peuvent \u00eatre consult\u00e9es en ligne \u00e0 l'adresse suivante<br \/><a href=\"https:\/\/sicht-beton.com\/impressum-datenschutz\/\" target=\"_blank\" rel=\"noopener\">https:\/\/sicht-beton.com\/impressum-datenschutz\/<\/a>. Nous fournissons des versions imprim\u00e9es ou num\u00e9riques sur demande.<\/p><p><strong>4. Prestation de services \/ d\u00e9lais d'ex\u00e9cution<\/strong><\/p><p>Si la prestation de services due par beconart est in\u00e9vitablement retard\u00e9e en raison de circonstances impr\u00e9vues et in\u00e9vitables, telles que le vent et les conditions m\u00e9t\u00e9orologiques, des temp\u00e9ratures de l'air et des composants constamment inf\u00e9rieures \u00e0 5 degr\u00e9s Celsius, le traitement de l'\u00e9mail \u00e0 des temp\u00e9ratures inf\u00e9rieures \u00e0 12 degr\u00e9s Celsius, la pluie pendant les travaux ext\u00e9rieurs, les lock-out, les perturbations de l'exploitation et de la circulation de toutes sortes (en particulier dans les entreprises fournisseurs), les circonstances exceptionnelles, la force majeure, l'absence d'acc\u00e8s au chantier, la fermeture du chantier en raison de r\u00e9glementations officielles, le d\u00e9lai d'ex\u00e9cution convenu est prolong\u00e9 en cons\u00e9quence. Toute immobilisation, tout temps d'arr\u00eat ou tout retard qui ne nous est pas imputable doit \u00eatre indemnis\u00e9 par le client par employ\u00e9, plus les frais suppl\u00e9mentaires tels que les frais de d\u00e9placement, les indemnit\u00e9s, et selon le contrat de service \u00e0 80%. Toute demande inf\u00e9rieure doit \u00eatre prouv\u00e9e par le client.<br \/>Nous attirons l'attention sur le fait que les surfaces horizontales, les surfaces expos\u00e9es, les sols et les fissures sont soumis aux intemp\u00e9ries naturelles, aux mouvements ou \u00e0 l'usure, et que nous ne garantissons pas la r\u00e9sistance de l'adh\u00e9rence, la solidit\u00e9 de la couleur ou la durabilit\u00e9. Les surfaces ext\u00e9rieures partiellement trait\u00e9es peuvent pr\u00e9senter un aspect g\u00e9n\u00e9ral tr\u00e8s inhomog\u00e8ne en cas de changement des conditions m\u00e9t\u00e9orologiques. La d\u00e9cision de ne traiter que certaines parties d'une surface est prise \u00e0 la demande expresse du client.<br \/>Les services ne seront fournis que si les exigences du client en mati\u00e8re de construction sont satisfaites. Il s'agit notamment de garantir le libre acc\u00e8s au chantier et la s\u00e9curit\u00e9. Les services publics n\u00e9cessaires, tels que l'\u00e9lectricit\u00e9, l'eau et les \u00e9chafaudages d'une hauteur de travail de 3,20 m\u00e8tres, doivent \u00eatre fournis par le client. Beconart peut \u00e9galement se charger de cette t\u00e2che, moyennant un suppl\u00e9ment de prix, apr\u00e8s approbation et autorisation des surfaces du sol environnant par le client. En outre, le client doit pr\u00e9voir des places de stationnement pour les v\u00e9hicules et les machines, en fonction de la taille du projet.<br \/>Les autorisations des propri\u00e9taires, des autorit\u00e9s, etc., pour d'\u00e9ventuelles fermetures de routes, l'\u00e9vacuation des eaux us\u00e9es ou d'autres t\u00e2ches similaires ne font pas partie de l'offre et doivent \u00eatre fournies par le client. Sur demande, ces t\u00e2ches peuvent \u00eatre prises en charge par beconart et seront factur\u00e9es s\u00e9par\u00e9ment.<br \/>Sauf disposition contraire, les derni\u00e8res versions de la VOB\/B et de la VOB\/C s'appliquent aux mesures et \u00e0 la facturation.<\/p><p><strong>5. Acceptation<\/strong><\/p><p>Les travaux de grande envergure font g\u00e9n\u00e9ralement l'objet d'une discussion hebdomadaire sur place ou \u00e0 distance entre le client et beconart et sont consign\u00e9s par \u00e9crit. Pour les d\u00e9lais d'ex\u00e9cution sup\u00e9rieurs \u00e0 4 semaines calendaires, les rapports d'ach\u00e8vement sont document\u00e9s dans des protocoles d'inspection concernant l'ex\u00e9cution et la r\u00e9ception partielle. Lorsque tous les travaux sont termin\u00e9s, l'acceptation peut se faire soit en personne sur place, soit par le biais d'un rapport d'ach\u00e8vement \u00e9crit. L'examen de la facture finale par \u00e9crit vaut acceptation du service.<br \/>L'acceptation est soumise \u00e0 la l\u00e9gislation sur les contrats de travail du BGB et\/ou de la VOB.<\/p><p><strong>6. Plaintes, rapports sur les d\u00e9fauts et responsabilit\u00e9<\/strong><\/p><p>Les r\u00e9clamations relatives \u00e0 une ex\u00e9cution incompl\u00e8te ou incorrecte ou \u00e0 des d\u00e9fauts apparents doivent \u00eatre signal\u00e9es par \u00e9crit imm\u00e9diatement, au plus tard dans les 8 jours suivant l'ex\u00e9cution. Les autres d\u00e9fauts doivent \u00eatre signal\u00e9s par \u00e9crit imm\u00e9diatement apr\u00e8s leur d\u00e9couverte. Si les r\u00e9clamations et les signalements de d\u00e9fauts ne sont pas faits \u00e0 temps, le service ex\u00e9cut\u00e9 est consid\u00e9r\u00e9 comme accept\u00e9 et aucune autre r\u00e9clamation ne peut \u00eatre faite.<br \/>Si des d\u00e9fauts sont invoqu\u00e9s, beconart est en droit d'inspecter les services signal\u00e9s et d'y rem\u00e9dier.<br \/>En cas de r\u00e9clamation sur des points particuliers, le traitement des autres services se poursuivra comme si aucune r\u00e9clamation n'avait \u00e9t\u00e9 formul\u00e9e.<br \/>Si le client prend des mesures correctives sans l'accord de beconart, tous les droits de garantie \u00e0 l'encontre de beconart sont annul\u00e9s.<\/p><p><strong>7. Dispositions relatives aux livraisons de mat\u00e9riaux<\/strong><\/p><p>La livraison des mat\u00e9riaux se fait sur r\u00e9ception d'une commande \u00e9crite et d\u00e9pend des conditions logistiques.<br \/>Les normes contenues dans les fiches techniques et les fiches de donn\u00e9es de s\u00e9curit\u00e9 doivent \u00eatre respect\u00e9es lors de la transformation des mat\u00e9riaux. Les retours de marchandises livr\u00e9es ne sont pas accept\u00e9s.<br \/>Si la livraison du mat\u00e9riel est demand\u00e9e au client ou \u00e0 l'adresse d'un chantier, le risque de perte ou de d\u00e9t\u00e9rioration accidentelle des marchandises est transf\u00e9r\u00e9 au client d\u00e8s l'exp\u00e9dition, au plus tard au moment o\u00f9 elles quittent l'entrep\u00f4t.<\/p><p><strong>8. Prix et conditions de paiement<\/strong><\/p><p>Tous les prix indiqu\u00e9s sont des prix nets major\u00e9s de la TVA l\u00e9gale applicable, ou en consid\u00e9ration du m\u00e9canisme d'autoliquidation pr\u00e9vu \u00e0 l'article 13b de l'UStG. Les paiements doivent \u00eatre effectu\u00e9s dans le d\u00e9lai de paiement convenu apr\u00e8s la facturation. Nos d\u00e9lais de paiement standard sont de 5 jours calendaires nets. Les dommages-int\u00e9r\u00eats pour retard restent r\u00e9serv\u00e9s.<br \/>Le client ne peut compenser les cr\u00e9ances de beconart que par des cr\u00e9ances incontest\u00e9es ou constat\u00e9es judiciairement. Le client ne dispose d'un droit de r\u00e9tention que si sa demande reconventionnelle est fond\u00e9e sur la relation contractuelle.<br \/>Les r\u00e9clamations relatives \u00e0 la facture doivent \u00eatre pr\u00e9sent\u00e9es par \u00e9crit dans un d\u00e9lai d'une semaine \u00e0 compter de la date de r\u00e9ception. Dans le cas contraire, notre facture est consid\u00e9r\u00e9e comme accept\u00e9e.<\/p><p><strong>9. Avances \/ Paiements partiels<\/strong><\/p><p>Pour les nouveaux clients, nous demandons g\u00e9n\u00e9ralement des paiements anticip\u00e9s de la valeur totale de la commande avec la confirmation de la commande. Nous ne sommes pas oblig\u00e9s de fournir des livraisons ou des services avant la r\u00e9ception du paiement anticip\u00e9.<br \/>L'acceptation formelle et les paiements partiels sont effectu\u00e9s en fonction de l'avancement des travaux. Pour les d\u00e9lais d'ex\u00e9cution sup\u00e9rieurs \u00e0 5 jours calendaires, des paiements partiels hebdomadaires sont consid\u00e9r\u00e9s comme convenus.<br \/>Les paiements doivent \u00eatre effectu\u00e9s uniquement sur le compte indiqu\u00e9 sur la facture. Si des paiements partiels ne sont pas re\u00e7us \u00e0 temps, nous sommes en droit de suspendre les travaux jusqu'\u00e0 ce que le paiement soit re\u00e7u.<\/p><p><strong>10. Retrait<\/strong><\/p><p>Si le client se retire du contrat sans raison valable ou si le contrat ne peut \u00eatre ex\u00e9cut\u00e9 pour des raisons imputables au client, beconart est en droit de r\u00e9clamer 25% du montant net du contrat \u00e0 titre de d\u00e9dommagement, sans pr\u00e9judice de la preuve d'un dommage plus important.<\/p><p><strong>11. V\u00e9rification du cr\u00e9dit<\/strong><\/p><p>Afin de se pr\u00e9munir contre les d\u00e9faillances et l'utilisation abusive des services par des tiers, beconart est en droit d'obtenir des rapports de solvabilit\u00e9 avant la conclusion du contrat et de transmettre les donn\u00e9es personnelles du contrat \u00e0 une agence de cr\u00e9dit. En cas de traitement non contractuel, beconart est \u00e9galement en droit de transmettre les donn\u00e9es correspondantes.<\/p><p><strong>12. La comp\u00e9tence juridictionnelle<\/strong><\/p><p>Le si\u00e8ge social de beconart \u00e0 Stuttgart est le seul lieu de juridiction et d'ex\u00e9cution pour tous les litiges d\u00e9coulant directement ou indirectement de la relation contractuelle.<\/p><p><strong>13. Dispositions finales<\/strong><\/p><p>Les lois de la R\u00e9publique f\u00e9d\u00e9rale d'Allemagne s'appliquent exclusivement. Les accords divergents doivent \u00eatre conclus par \u00e9crit. Le courrier \u00e9lectronique n'est pas suffisant pour la forme \u00e9crite.<br \/>Si une disposition des pr\u00e9sentes CGV est ou devient invalide, la validit\u00e9 des autres dispositions n'en est pas affect\u00e9e. Les parties doivent remplacer la disposition invalide par une disposition valide qui se rapproche le plus possible de l'objectif \u00e9conomique vis\u00e9.<\/p>\t\t\t\t\t\t\t\t<\/div>\n\t\t\t\t<\/div>\n\t\t\t\t\t<\/div>\n\t\t\t\t<\/div>\n\t\t\t\t<\/div>","protected":false},"excerpt":{"rendered":"<p>Terms and conditions 1. Scope of Conditions The following conditions govern the business relationships between beconart and its clients. The websites, companies, and brands of the management, including viewed offers and orders, are also included.Contracts are only accepted under our order, delivery, and payment conditions. The client&#8217;s purchasing conditions are expressly rejected unless they are [&hellip;]<\/p>","protected":false},"author":74,"featured_media":0,"parent":0,"menu_order":0,"comment_status":"closed","ping_status":"closed","template":"","meta":{"_acf_changed":false,"footnotes":""},"folder":[],"class_list":["post-40492","page","type-page","status-publish","hentry"],"acf":[],"_links":{"self":[{"href":"https:\/\/exposed-concrete-franchise.com\/fr\/wp-json\/wp\/v2\/pages\/40492","targetHints":{"allow":["GET"]}}],"collection":[{"href":"https:\/\/exposed-concrete-franchise.com\/fr\/wp-json\/wp\/v2\/pages"}],"about":[{"href":"https:\/\/exposed-concrete-franchise.com\/fr\/wp-json\/wp\/v2\/types\/page"}],"author":[{"embeddable":true,"href":"https:\/\/exposed-concrete-franchise.com\/fr\/wp-json\/wp\/v2\/users\/74"}],"replies":[{"embeddable":true,"href":"https:\/\/exposed-concrete-franchise.com\/fr\/wp-json\/wp\/v2\/comments?post=40492"}],"version-history":[{"count":7,"href":"https:\/\/exposed-concrete-franchise.com\/fr\/wp-json\/wp\/v2\/pages\/40492\/revisions"}],"predecessor-version":[{"id":40503,"href":"https:\/\/exposed-concrete-franchise.com\/fr\/wp-json\/wp\/v2\/pages\/40492\/revisions\/40503"}],"wp:attachment":[{"href":"https:\/\/exposed-concrete-franchise.com\/fr\/wp-json\/wp\/v2\/media?parent=40492"}],"wp:term":[{"taxonomy":"folder","embeddable":true,"href":"https:\/\/exposed-concrete-franchise.com\/fr\/wp-json\/wp\/v2\/folder?post=40492"}],"curies":[{"name":"wp","href":"https:\/\/api.w.org\/{rel}","templated":true}]}}