{"id":40479,"date":"2025-02-13T16:32:26","date_gmt":"2025-02-13T15:32:26","guid":{"rendered":"https:\/\/exposed-concrete-franchise.com\/?page_id=40479"},"modified":"2025-02-13T16:38:19","modified_gmt":"2025-02-13T15:38:19","slug":"privacy-policy","status":"publish","type":"page","link":"https:\/\/exposed-concrete-franchise.com\/fr\/privacy-policy\/","title":{"rendered":"Politique de confidentialit\u00e9"},"content":{"rendered":"<div data-elementor-type=\"wp-page\" data-elementor-id=\"40479\" class=\"elementor elementor-40479\" data-elementor-post-type=\"page\">\n\t\t\t\t<div class=\"elementor-element elementor-element-5e4dcc0f e-con-full e-flex e-con e-parent\" data-id=\"5e4dcc0f\" data-element_type=\"container\" data-e-type=\"container\" data-settings=\"{&quot;background_background&quot;:&quot;classic&quot;,&quot;jet_parallax_layout_list&quot;:[]}\">\n\t\t<div class=\"elementor-element elementor-element-5029d980 e-flex e-con-boxed e-con e-child\" data-id=\"5029d980\" data-element_type=\"container\" data-e-type=\"container\" data-settings=\"{&quot;jet_parallax_layout_list&quot;:[]}\">\n\t\t\t\t\t<div class=\"e-con-inner\">\n\t\t\t\t<div class=\"elementor-element elementor-element-39f7bdfa elementor-widget elementor-widget-heading\" data-id=\"39f7bdfa\" data-element_type=\"widget\" data-e-type=\"widget\" data-widget_type=\"heading.default\">\n\t\t\t\t<div class=\"elementor-widget-container\">\n\t\t\t\t\t<h2 class=\"elementor-heading-title elementor-size-default\">Politique de confidentialit\u00e9<\/h2>\t\t\t\t<\/div>\n\t\t\t\t<\/div>\n\t\t\t\t\t<\/div>\n\t\t\t\t<\/div>\n\t\t\t\t<\/div>\n\t\t<div class=\"elementor-element elementor-element-330b8c4a e-flex e-con-boxed e-con e-parent\" data-id=\"330b8c4a\" data-element_type=\"container\" data-e-type=\"container\" data-settings=\"{&quot;jet_parallax_layout_list&quot;:[]}\">\n\t\t\t\t\t<div class=\"e-con-inner\">\n\t\t\t\t<div class=\"elementor-element elementor-element-12b6dc24 elementor-widget elementor-widget-text-editor\" data-id=\"12b6dc24\" data-element_type=\"widget\" data-e-type=\"widget\" data-widget_type=\"text-editor.default\">\n\t\t\t\t<div class=\"elementor-widget-container\">\n\t\t\t\t\t\t\t\t\t<p><strong>Politique de confidentialit\u00e9<\/strong><br \/>Nous souhaitons vous informer ci-dessous de notre politique en mati\u00e8re de protection de la vie priv\u00e9e. Vous y trouverez des informations sur la collecte et l'utilisation des donn\u00e9es personnelles lors de l'utilisation de notre site web. Nous respectons les lois sur la protection des donn\u00e9es en vigueur en Allemagne. Vous pouvez acc\u00e9der \u00e0 cette d\u00e9claration \u00e0 tout moment sur notre site web.<\/p><p>Nous attirons express\u00e9ment l'attention sur le fait que la transmission de donn\u00e9es sur l'internet (par exemple, la communication par courrier \u00e9lectronique) peut pr\u00e9senter des failles de s\u00e9curit\u00e9 et ne peut \u00eatre totalement prot\u00e9g\u00e9e contre l'acc\u00e8s de tiers.<\/p><p>L'utilisation des coordonn\u00e9es figurant dans nos mentions l\u00e9gales \u00e0 des fins de publicit\u00e9 commerciale est express\u00e9ment interdite, \u00e0 moins que nous n'ayons donn\u00e9 notre accord \u00e9crit pr\u00e9alable ou qu'il existe d\u00e9j\u00e0 une relation d'affaires. Le fournisseur et toutes les personnes mentionn\u00e9es sur ce site web s'opposent par la pr\u00e9sente \u00e0 toute utilisation commerciale et \u00e0 la divulgation de leurs donn\u00e9es.<\/p><p><strong>Donn\u00e9es personnelles<\/strong><br \/>Vous pouvez visiter notre site web sans fournir de donn\u00e9es personnelles. Si des donn\u00e9es personnelles (telles que le nom, l'adresse ou l'adresse \u00e9lectronique) sont collect\u00e9es sur nos pages, elles le sont, dans la mesure du possible, sur une base volontaire. Ces donn\u00e9es ne seront pas transmises \u00e0 des tiers sans votre consentement explicite.<\/p><p>Si une relation contractuelle doit \u00eatre \u00e9tablie, con\u00e7ue ou modifi\u00e9e entre vous et nous, ou si vous soumettez une demande, nous collectons et utilisons vos donn\u00e9es personnelles dans la mesure o\u00f9 elles sont n\u00e9cessaires \u00e0 ces fins (donn\u00e9es d'inventaire). Nous collectons, traitons et utilisons des donn\u00e9es \u00e0 caract\u00e8re personnel dans la mesure o\u00f9 cela est n\u00e9cessaire pour vous permettre d'utiliser nos services web (donn\u00e9es d'utilisation).<\/p><p>Toutes les donn\u00e9es personnelles ne sont conserv\u00e9es que pendant la dur\u00e9e n\u00e9cessaire \u00e0 la r\u00e9alisation de l'objectif fix\u00e9 (traitement de votre demande ou ex\u00e9cution d'un contrat). Les d\u00e9lais de conservation l\u00e9gaux et fiscaux sont pris en compte. Sur ordre des autorit\u00e9s comp\u00e9tentes, nous pouvons fournir des informations sur ces donn\u00e9es (donn\u00e9es d'inventaire) dans des cas individuels si cela est n\u00e9cessaire pour l'application de la loi, \u00e0 des fins de s\u00e9curit\u00e9, pour l'accomplissement des t\u00e2ches l\u00e9gales des autorit\u00e9s de protection constitutionnelle ou du service de contre-espionnage militaire, ou pour l'application des droits de propri\u00e9t\u00e9 intellectuelle.<\/p><p><strong>Utilisation des cookies<\/strong><br \/>Pour g\u00e9rer les cookies et les technologies similaires (pixels de suivi, balises web, etc.) utilis\u00e9s sur notre site, ainsi que les consentements correspondants, nous utilisons l'outil de consentement \"Real Cookie Banner\". Les d\u00e9tails de la fonctionnalit\u00e9 de \"Real Cookie Banner\" sont disponibles \u00e0 l'adresse suivante<br \/><a href=\"https:\/\/devowl.io\/en\/rcb\/data-processing\/\" target=\"_blank\" rel=\"noopener noreferrer\">https:\/\/devowl.io\/en\/rcb\/data-processing\/<\/a>.<\/p><p>La base juridique du traitement des donn\u00e9es \u00e0 caract\u00e8re personnel dans ce contexte est l'article 6, paragraphe 1, point c), du RGPD et l'article 6, paragraphe 1, point f), du RGPD. Notre int\u00e9r\u00eat l\u00e9gitime est de g\u00e9rer les cookies et les technologies similaires utilis\u00e9s et les consentements correspondants.<\/p><p>La communication de donn\u00e9es \u00e0 caract\u00e8re personnel n'est ni exig\u00e9e contractuellement ni n\u00e9cessaire \u00e0 la conclusion d'un contrat. Vous n'\u00eates pas oblig\u00e9 de fournir des donn\u00e9es personnelles. Si vous ne fournissez pas de donn\u00e9es personnelles, nous ne pouvons pas g\u00e9rer vos consentements.<\/p><p><strong>Fonctions de commentaire<\/strong><br \/>Dans le cadre de la fonction de commentaire, nous collectons des donn\u00e9es personnelles (par exemple, le nom, l'adresse \u00e9lectronique) en rapport avec votre commentaire sur un article uniquement dans la mesure o\u00f9 vous les avez fournies. Lors de la publication d'un commentaire, l'adresse \u00e9lectronique que vous avez fournie sera stock\u00e9e mais ne sera pas publi\u00e9e. Votre nom sera publi\u00e9 si vous n'avez pas \u00e9crit sous un pseudonyme.<\/p><p><strong>Politique de confidentialit\u00e9 du plugin Facebook (\"Like\")<\/strong><br \/>Ce site web utilise des plugins de Facebook.com, fournis par Facebook Inc. 1601 S. California Avenue, Palo Alto, CA 94304, USA. Les utilisateurs de notre site web, o\u00f9 le plugin Facebook (bouton \"J'aime\") est install\u00e9, sont inform\u00e9s que le plugin \u00e9tablit une connexion avec Facebook, transmettant ainsi des informations \u00e0 votre navigateur pour permettre au plugin d'appara\u00eetre sur le site web.<\/p><p>En outre, en utilisant le plugin, des donn\u00e9es sont transmises aux serveurs de Facebook, qui contiennent des informations sur vos visites sur notre site web. Les utilisateurs de Facebook connect\u00e9s verront leurs donn\u00e9es d'utilisation li\u00e9es \u00e0 leur compte Facebook personnel.<\/p><p>Si vous utilisez activement le plugin Facebook (par exemple en cliquant sur le bouton \"J'aime\" ou en utilisant la fonction de commentaire), ces donn\u00e9es sont transmises \u00e0 votre compte Facebook et publi\u00e9es. Vous pouvez \u00e9viter cela en vous d\u00e9connectant de votre compte Facebook avant d'utiliser le plugin.<\/p><p>De plus amples informations sur l'utilisation des donn\u00e9es par Facebook sont disponibles dans la politique de confidentialit\u00e9 de Facebook \u00e0 l'adresse suivante <a href=\"http:\/\/de-de.facebook.com\/policy.php\" target=\"_blank\" rel=\"noopener\">http:\/\/de-de.facebook.com\/policy.php<\/a>.<\/p><p><strong>R\u00e8gles de confidentialit\u00e9 pour le service d'analyse du Web de Google Analytics<\/strong><br \/>Ce site utilise Google Analytics, un service d'analyse de site internet fourni par Google Inc. (\"Google\"). Google Analytics utilise des \"cookies\", des fichiers texte stock\u00e9s sur votre ordinateur qui permettent d'analyser votre utilisation du site web. Les informations g\u00e9n\u00e9r\u00e9es par les cookies concernant votre utilisation de ce site Internet sont g\u00e9n\u00e9ralement transmises \u00e0 un serveur de Google aux Etats-Unis et y sont stock\u00e9es.<\/p><p>Nous avons activ\u00e9 l'anonymisation de l'adresse IP. Votre adresse IP est donc raccourcie par Google au sein des \u00c9tats membres de l'Union europ\u00e9enne ou d'autres parties \u00e0 l'accord sur l'Espace \u00e9conomique europ\u00e9en avant d'\u00eatre transmise. Ce n'est que dans des cas exceptionnels que l'adresse IP compl\u00e8te est transmise \u00e0 un serveur de Google aux \u00c9tats-Unis et y est raccourcie.<\/p><p>Au nom de l'exploitant de ce site, Google utilisera ces informations pour \u00e9valuer votre utilisation du site, compiler des rapports sur l'activit\u00e9 du site et fournir d'autres services li\u00e9s \u00e0 l'activit\u00e9 du site et \u00e0 l'utilisation d'Internet. L'adresse IP transmise par votre navigateur dans le cadre de Google Analytics ne sera pas fusionn\u00e9e avec d'autres donn\u00e9es de Google.<\/p><p>Vous pouvez emp\u00eacher le stockage des cookies en r\u00e9glant les param\u00e8tres de votre navigateur. Nous attirons toutefois votre attention sur le fait que, dans ce cas, il se peut que vous ne puissiez pas utiliser pleinement toutes les fonctionnalit\u00e9s de ce site web. Vous pouvez \u00e9galement emp\u00eacher la collecte des donn\u00e9es g\u00e9n\u00e9r\u00e9es par les cookies et li\u00e9es \u00e0 votre utilisation du site web (y compris votre adresse IP) et leur traitement par Google en t\u00e9l\u00e9chargeant et en installant le plugin de navigateur disponible \u00e0 l'adresse suivante<br \/><a href=\"http:\/\/tools.google.com\/dlpage\/gaoptout?hl=en\" target=\"_blank\" rel=\"noopener\">http:\/\/tools.google.com\/dlpage\/gaoptout?hl=en<\/a>.<\/p><p><strong>Droit \u00e0 l'information<\/strong><br \/>Vous avez le droit de vous renseigner, gratuitement et sans d\u00e9lai, sur les donn\u00e9es collect\u00e9es \u00e0 votre sujet. Vous avez \u00e9galement le droit de r\u00e9voquer \u00e0 tout moment votre consentement \u00e0 l'utilisation de vos donn\u00e9es personnelles pour l'avenir.<\/p><p>Pour obtenir des informations, veuillez contacter le fournisseur en utilisant les coordonn\u00e9es fournies dans l'avis juridique.<\/p>\t\t\t\t\t\t\t\t<\/div>\n\t\t\t\t<\/div>\n\t\t\t\t\t<\/div>\n\t\t\t\t<\/div>\n\t\t\t\t<\/div>","protected":false},"excerpt":{"rendered":"<p>Privacy policy Privacy PolicyBelow, we would like to inform you about our privacy policy. Here, you will find information about the collection and use of personal data when using our website. We comply with the data protection laws applicable in Germany. You can access this statement at any time on our website. We explicitly point [&hellip;]<\/p>","protected":false},"author":74,"featured_media":0,"parent":0,"menu_order":0,"comment_status":"closed","ping_status":"closed","template":"","meta":{"_acf_changed":false,"footnotes":""},"folder":[],"class_list":["post-40479","page","type-page","status-publish","hentry"],"acf":[],"_links":{"self":[{"href":"https:\/\/exposed-concrete-franchise.com\/fr\/wp-json\/wp\/v2\/pages\/40479","targetHints":{"allow":["GET"]}}],"collection":[{"href":"https:\/\/exposed-concrete-franchise.com\/fr\/wp-json\/wp\/v2\/pages"}],"about":[{"href":"https:\/\/exposed-concrete-franchise.com\/fr\/wp-json\/wp\/v2\/types\/page"}],"author":[{"embeddable":true,"href":"https:\/\/exposed-concrete-franchise.com\/fr\/wp-json\/wp\/v2\/users\/74"}],"replies":[{"embeddable":true,"href":"https:\/\/exposed-concrete-franchise.com\/fr\/wp-json\/wp\/v2\/comments?post=40479"}],"version-history":[{"count":7,"href":"https:\/\/exposed-concrete-franchise.com\/fr\/wp-json\/wp\/v2\/pages\/40479\/revisions"}],"predecessor-version":[{"id":40491,"href":"https:\/\/exposed-concrete-franchise.com\/fr\/wp-json\/wp\/v2\/pages\/40479\/revisions\/40491"}],"wp:attachment":[{"href":"https:\/\/exposed-concrete-franchise.com\/fr\/wp-json\/wp\/v2\/media?parent=40479"}],"wp:term":[{"taxonomy":"folder","embeddable":true,"href":"https:\/\/exposed-concrete-franchise.com\/fr\/wp-json\/wp\/v2\/folder?post=40479"}],"curies":[{"name":"wp","href":"https:\/\/api.w.org\/{rel}","templated":true}]}}