{"id":40463,"date":"2025-02-13T16:07:56","date_gmt":"2025-02-13T15:07:56","guid":{"rendered":"https:\/\/exposed-concrete-franchise.com\/?page_id=40463"},"modified":"2025-02-13T16:09:40","modified_gmt":"2025-02-13T15:09:40","slug":"imprint","status":"publish","type":"page","link":"https:\/\/exposed-concrete-franchise.com\/fr\/imprint\/","title":{"rendered":"Impression"},"content":{"rendered":"<div data-elementor-type=\"wp-page\" data-elementor-id=\"40463\" class=\"elementor elementor-40463\" data-elementor-post-type=\"page\">\n\t\t\t\t<div class=\"elementor-element elementor-element-1724046f e-con-full e-flex e-con e-parent\" data-id=\"1724046f\" data-element_type=\"container\" data-e-type=\"container\" data-settings=\"{&quot;background_background&quot;:&quot;classic&quot;,&quot;jet_parallax_layout_list&quot;:[]}\">\n\t\t<div class=\"elementor-element elementor-element-20297c5f e-flex e-con-boxed e-con e-child\" data-id=\"20297c5f\" data-element_type=\"container\" data-e-type=\"container\" data-settings=\"{&quot;jet_parallax_layout_list&quot;:[]}\">\n\t\t\t\t\t<div class=\"e-con-inner\">\n\t\t\t\t<div class=\"elementor-element elementor-element-410add0f elementor-widget elementor-widget-heading\" data-id=\"410add0f\" data-element_type=\"widget\" data-e-type=\"widget\" data-widget_type=\"heading.default\">\n\t\t\t\t<div class=\"elementor-widget-container\">\n\t\t\t\t\t<h2 class=\"elementor-heading-title elementor-size-default\">Impression<\/h2>\t\t\t\t<\/div>\n\t\t\t\t<\/div>\n\t\t\t\t\t<\/div>\n\t\t\t\t<\/div>\n\t\t\t\t<\/div>\n\t\t<div class=\"elementor-element elementor-element-11cd4576 e-flex e-con-boxed e-con e-parent\" data-id=\"11cd4576\" data-element_type=\"container\" data-e-type=\"container\" data-settings=\"{&quot;jet_parallax_layout_list&quot;:[]}\">\n\t\t\t\t\t<div class=\"e-con-inner\">\n\t\t<div class=\"elementor-element elementor-element-4a1eee49 e-con-full e-flex e-con e-child\" data-id=\"4a1eee49\" data-element_type=\"container\" data-e-type=\"container\" data-settings=\"{&quot;background_background&quot;:&quot;classic&quot;,&quot;jet_parallax_layout_list&quot;:[]}\">\n\t\t\t\t<\/div>\n\t\t\t\t<div class=\"elementor-element elementor-element-424df82e elementor-widget elementor-widget-text-editor\" data-id=\"424df82e\" data-element_type=\"widget\" data-e-type=\"widget\" data-widget_type=\"text-editor.default\">\n\t\t\t\t<div class=\"elementor-widget-container\">\n\t\t\t\t\t\t\t\t\t<p><strong>Adresse de l'entreprise :<\/strong><\/p><p><strong>beconart e. K.<\/strong><br \/>Flughafenstr. 59<br \/>70629 Stuttgart<br \/>sicht-beton.com<br \/>T\u00e9l\u00e9phone : +49 711 <span style=\"color: #808285; font-family: 'Titillium Web', Arial;\">76749219<\/span><br \/>Courriel : info@sicht-beton.com<br \/>ID TVA : DE251441734<br \/>(Num\u00e9ro d'identification TVA conform\u00e9ment \u00e0 l'article 27a de la loi allemande sur la TVA)<\/p><p><strong>Gestion :<\/strong><br \/>Martin C. Berger, ing\u00e9nieur dipl\u00f4m\u00e9<\/p><p><strong>Autorit\u00e9 de surveillance :<\/strong><br \/>Bundesg\u00fctegemeinschaft Instandsetzung von Betonbauwerken e.V.<br \/>Nassauische Strasse 15 | 10717 Berlin<br \/>T\u00e9l\u00e9phone : +49 30 - 86 00 04-891 | Fax : +49 30 - 86 00 04-43 +49 30 - 86 00 04-891 | Fax : +49 30 - 86 00 04-43 |<br \/>Courriel : info@betonerhaltung.com<\/p>\t\t\t\t\t\t\t\t<\/div>\n\t\t\t\t<\/div>\n\t\t\t\t\t<\/div>\n\t\t\t\t<\/div>\n\t\t\t\t<\/div>","protected":false},"excerpt":{"rendered":"<p>Imprint Company Address: beconart e. K.Flughafenstr. 5970629 Stuttgartsicht-beton.comPhone: +49 711 76749219Email: info@sicht-beton.comVAT ID: DE251441734(VAT Identification Number according to \u00a727a German VAT Act) Management:Dipl.-Wirt.-Ing. Martin C. Berger Supervisory Authority:Bundesg\u00fctegemeinschaft Instandsetzung von Betonbauwerken e.V.Nassauische Strasse 15 | 10717 BerlinPhone: +49 30 \u2013 86 00 04-891 | Fax: +49 30 \u2013 86 00 04-43 |Email: info@betonerhaltung.com<\/p>","protected":false},"author":74,"featured_media":0,"parent":0,"menu_order":0,"comment_status":"closed","ping_status":"closed","template":"","meta":{"_acf_changed":false,"footnotes":""},"folder":[],"class_list":["post-40463","page","type-page","status-publish","hentry"],"acf":[],"_links":{"self":[{"href":"https:\/\/exposed-concrete-franchise.com\/fr\/wp-json\/wp\/v2\/pages\/40463","targetHints":{"allow":["GET"]}}],"collection":[{"href":"https:\/\/exposed-concrete-franchise.com\/fr\/wp-json\/wp\/v2\/pages"}],"about":[{"href":"https:\/\/exposed-concrete-franchise.com\/fr\/wp-json\/wp\/v2\/types\/page"}],"author":[{"embeddable":true,"href":"https:\/\/exposed-concrete-franchise.com\/fr\/wp-json\/wp\/v2\/users\/74"}],"replies":[{"embeddable":true,"href":"https:\/\/exposed-concrete-franchise.com\/fr\/wp-json\/wp\/v2\/comments?post=40463"}],"version-history":[{"count":10,"href":"https:\/\/exposed-concrete-franchise.com\/fr\/wp-json\/wp\/v2\/pages\/40463\/revisions"}],"predecessor-version":[{"id":40478,"href":"https:\/\/exposed-concrete-franchise.com\/fr\/wp-json\/wp\/v2\/pages\/40463\/revisions\/40478"}],"wp:attachment":[{"href":"https:\/\/exposed-concrete-franchise.com\/fr\/wp-json\/wp\/v2\/media?parent=40463"}],"wp:term":[{"taxonomy":"folder","embeddable":true,"href":"https:\/\/exposed-concrete-franchise.com\/fr\/wp-json\/wp\/v2\/folder?post=40463"}],"curies":[{"name":"wp","href":"https:\/\/api.w.org\/{rel}","templated":true}]}}