{"id":41282,"date":"2025-09-29T15:35:13","date_gmt":"2025-09-29T13:35:13","guid":{"rendered":"https:\/\/exposed-concrete-franchise.com\/?page_id=41282"},"modified":"2025-10-08T17:25:24","modified_gmt":"2025-10-08T15:25:24","slug":"benefits","status":"publish","type":"page","link":"https:\/\/exposed-concrete-franchise.com\/es\/benefits\/","title":{"rendered":"Beneficios"},"content":{"rendered":"<div data-elementor-type=\"wp-page\" data-elementor-id=\"41282\" class=\"elementor elementor-41282\" data-elementor-post-type=\"page\">\n\t\t\t\t<div class=\"elementor-element elementor-element-1ef03dd e-flex e-con-boxed e-con e-parent\" data-id=\"1ef03dd\" data-element_type=\"container\" data-e-type=\"container\" data-settings=\"{&quot;background_background&quot;:&quot;classic&quot;,&quot;jet_parallax_layout_list&quot;:[]}\">\n\t\t\t\t\t<div class=\"e-con-inner\">\n\t\t<div class=\"elementor-element elementor-element-ff0ac9f e-flex e-con-boxed e-con e-child\" data-id=\"ff0ac9f\" data-element_type=\"container\" data-e-type=\"container\" data-settings=\"{&quot;jet_parallax_layout_list&quot;:[]}\">\n\t\t\t\t\t<div class=\"e-con-inner\">\n\t\t\t\t<div class=\"elementor-element elementor-element-d4f6846 elementor-widget elementor-widget-heading\" data-id=\"d4f6846\" data-element_type=\"widget\" data-e-type=\"widget\" data-widget_type=\"heading.default\">\n\t\t\t\t<div class=\"elementor-widget-container\">\n\t\t\t\t\t<h2 class=\"elementor-heading-title elementor-size-default\">Beneficios<\/h2>\t\t\t\t<\/div>\n\t\t\t\t<\/div>\n\t\t\t\t\t<\/div>\n\t\t\t\t<\/div>\n\t\t\t\t\t<\/div>\n\t\t\t\t<\/div>\n\t\t<div class=\"elementor-element elementor-element-32dbb54 e-flex e-con-boxed e-con e-parent\" data-id=\"32dbb54\" data-element_type=\"container\" data-e-type=\"container\" data-settings=\"{&quot;jet_parallax_layout_list&quot;:[]}\">\n\t\t\t\t\t<div class=\"e-con-inner\">\n\t\t<div class=\"elementor-element elementor-element-f1f68d0 e-con-full e-flex e-con e-child\" data-id=\"f1f68d0\" data-element_type=\"container\" data-e-type=\"container\" data-settings=\"{&quot;jet_parallax_layout_list&quot;:[]}\">\n\t\t\t\t<div class=\"elementor-element elementor-element-f9a02b8 elementor-widget elementor-widget-heading\" data-id=\"f9a02b8\" data-element_type=\"widget\" data-e-type=\"widget\" data-widget_type=\"heading.default\">\n\t\t\t\t<div class=\"elementor-widget-container\">\n\t\t\t\t\t<h2 class=\"elementor-heading-title elementor-size-default\">Fuerza de marca y presencia inmediata en el mercado<\/h2>\t\t\t\t<\/div>\n\t\t\t\t<\/div>\n\t\t\t\t<div class=\"elementor-element elementor-element-6b7da8b elementor-widget__width-initial elementor-widget elementor-widget-text-editor\" data-id=\"6b7da8b\" data-element_type=\"widget\" data-e-type=\"widget\" data-widget_type=\"text-editor.default\">\n\t\t\t\t<div class=\"elementor-widget-container\">\n\t\t\t\t\t\t\t\t\t<p>La marca Beconart est\u00e1 protegida en toda la UE y goza de un gran reconocimiento en muchos pa\u00edses europeos y fuera de ellos, especialmente en proyectos arquitect\u00f3nicos exigentes. Las referencias y testimonios de gran valor as\u00ed lo confirman: proyectos como Stuttgart 21, el t\u00fanel del metro ligero de Karlsruhe, la Universidad de Potsdam, la 5\u00aa Avenida de Nueva York y la torre fronteriza Bleckede demuestran su competencia en contextos complejos. Las declaraciones de arquitectos y clientes confirman la confianza, la calidad, la puntualidad en la entrega y la gran calidad est\u00e9tica de los resultados.<\/p>\t\t\t\t\t\t\t\t<\/div>\n\t\t\t\t<\/div>\n\t\t\t\t<div class=\"elementor-element elementor-element-d4c34e8 elementor-mobile-align-center elementor-widget elementor-widget-global elementor-global-33601 elementor-widget-button\" data-id=\"d4c34e8\" data-element_type=\"widget\" data-e-type=\"widget\" data-widget_type=\"button.default\">\n\t\t\t\t<div class=\"elementor-widget-container\">\n\t\t\t\t\t\t\t\t\t<div class=\"elementor-button-wrapper\">\n\t\t\t\t\t<a class=\"elementor-button elementor-button-link elementor-size-sm\" href=\"https:\/\/exposed-concrete-franchise.com\/es\/#kontakt\">\n\t\t\t\t\t\t<span class=\"elementor-button-content-wrapper\">\n\t\t\t\t\t\t\t\t\t<span class=\"elementor-button-text\">Contacte con nosotros<\/span>\n\t\t\t\t\t<\/span>\n\t\t\t\t\t<\/a>\n\t\t\t\t<\/div>\n\t\t\t\t\t\t\t\t<\/div>\n\t\t\t\t<\/div>\n\t\t\t\t<\/div>\n\t\t<div class=\"elementor-element elementor-element-43de31f e-con-full elementor-hidden-mobile e-flex e-con e-child\" data-id=\"43de31f\" data-element_type=\"container\" data-e-type=\"container\" data-settings=\"{&quot;jet_parallax_layout_list&quot;:[]}\">\n\t\t\t\t<\/div>\n\t\t<div class=\"elementor-element elementor-element-dbb1049 e-con-full e-flex e-con e-child\" data-id=\"dbb1049\" data-element_type=\"container\" data-e-type=\"container\" data-settings=\"{&quot;background_background&quot;:&quot;classic&quot;,&quot;jet_parallax_layout_list&quot;:[]}\">\n\t\t\t\t<\/div>\n\t\t\t\t\t<\/div>\n\t\t\t\t<\/div>\n\t\t<div class=\"elementor-element elementor-element-e1a11cd e-flex e-con-boxed e-con e-parent\" data-id=\"e1a11cd\" data-element_type=\"container\" data-e-type=\"container\" data-settings=\"{&quot;jet_parallax_layout_list&quot;:[]}\">\n\t\t\t\t\t<div class=\"e-con-inner\">\n\t\t<div class=\"elementor-element elementor-element-3776630 e-con-full e-flex e-con e-child\" data-id=\"3776630\" data-element_type=\"container\" data-e-type=\"container\" data-settings=\"{&quot;jet_parallax_layout_list&quot;:[]}\">\n\t\t\t\t<div class=\"elementor-element elementor-element-191fcd9 elementor-widget elementor-widget-heading\" data-id=\"191fcd9\" data-element_type=\"widget\" data-e-type=\"widget\" data-widget_type=\"heading.default\">\n\t\t\t\t<div class=\"elementor-widget-container\">\n\t\t\t\t\t<h2 class=\"elementor-heading-title elementor-size-default\">Amplia cartera y fuerte diferenciaci\u00f3n<\/h2>\t\t\t\t<\/div>\n\t\t\t\t<\/div>\n\t\t\t\t<div class=\"elementor-element elementor-element-f3b02fb elementor-widget__width-initial elementor-widget elementor-widget-text-editor\" data-id=\"f3b02fb\" data-element_type=\"widget\" data-e-type=\"widget\" data-widget_type=\"text-editor.default\">\n\t\t\t\t<div class=\"elementor-widget-container\">\n\t\t\t\t\t\t\t\t\t<p>Beconart cubre pr\u00e1cticamente todos los aspectos del trabajo con hormig\u00f3n visto, desde la cosm\u00e9tica y el retoque hasta la restauraci\u00f3n de da\u00f1os causados por el fuego, el acristalamiento del hormig\u00f3n y el refinamiento del color, el abujardado y la eliminaci\u00f3n de grafitis. Adem\u00e1s, las soluciones de hormig\u00f3n ligero e infraligero destacan no s\u00f3lo visualmente, sino tambi\u00e9n en t\u00e9rminos de f\u00edsica de la construcci\u00f3n (por ejemplo, rendimiento t\u00e9rmico). Una entrada estructurada y una presencia local apoyan a los socios con sedes establecidas en Alemania (M\u00fanich, Stuttgart, Berl\u00edn, Frankfurt, Hamburgo), as\u00ed como en Suiza, Noruega, Dinamarca, Portugal y otros pa\u00edses, garantizando una formaci\u00f3n estandarizada, el intercambio de conocimientos y la optimizaci\u00f3n de procesos a largo plazo.<\/p>\t\t\t\t\t\t\t\t<\/div>\n\t\t\t\t<\/div>\n\t\t\t\t<div class=\"elementor-element elementor-element-c9d1d26 elementor-widget elementor-widget-button\" data-id=\"c9d1d26\" data-element_type=\"widget\" data-e-type=\"widget\" data-widget_type=\"button.default\">\n\t\t\t\t<div class=\"elementor-widget-container\">\n\t\t\t\t\t\t\t\t\t<div class=\"elementor-button-wrapper\">\n\t\t\t\t\t<a class=\"elementor-button elementor-button-link elementor-size-sm\" href=\"https:\/\/exposed-concrete-franchise.com\/es\/#kontakt\">\n\t\t\t\t\t\t<span class=\"elementor-button-content-wrapper\">\n\t\t\t\t\t\t\t\t\t<span class=\"elementor-button-text\">Concierte una reuni\u00f3n<\/span>\n\t\t\t\t\t<\/span>\n\t\t\t\t\t<\/a>\n\t\t\t\t<\/div>\n\t\t\t\t\t\t\t\t<\/div>\n\t\t\t\t<\/div>\n\t\t\t\t<\/div>\n\t\t<div class=\"elementor-element elementor-element-54ad5ed e-con-full elementor-hidden-mobile e-flex e-con e-child\" data-id=\"54ad5ed\" data-element_type=\"container\" data-e-type=\"container\" data-settings=\"{&quot;jet_parallax_layout_list&quot;:[]}\">\n\t\t\t\t<\/div>\n\t\t<div class=\"elementor-element elementor-element-715ef9d e-con-full e-flex e-con e-child\" data-id=\"715ef9d\" data-element_type=\"container\" data-e-type=\"container\" data-settings=\"{&quot;background_background&quot;:&quot;classic&quot;,&quot;jet_parallax_layout_list&quot;:[]}\">\n\t\t\t\t<\/div>\n\t\t\t\t\t<\/div>\n\t\t\t\t<\/div>\n\t\t<div class=\"elementor-element elementor-element-9040ee8 e-flex e-con-boxed e-con e-parent\" data-id=\"9040ee8\" data-element_type=\"container\" data-e-type=\"container\" data-settings=\"{&quot;jet_parallax_layout_list&quot;:[]}\">\n\t\t\t\t\t<div class=\"e-con-inner\">\n\t\t<div class=\"elementor-element elementor-element-828a876 e-con-full e-flex e-con e-child\" data-id=\"828a876\" data-element_type=\"container\" data-e-type=\"container\" data-settings=\"{&quot;jet_parallax_layout_list&quot;:[]}\">\n\t\t\t\t<div class=\"elementor-element elementor-element-6ae196f elementor-widget elementor-widget-heading\" data-id=\"6ae196f\" data-element_type=\"widget\" data-e-type=\"widget\" data-widget_type=\"heading.default\">\n\t\t\t\t<div class=\"elementor-widget-container\">\n\t\t\t\t\t<h2 class=\"elementor-heading-title elementor-size-default\">Procesos eficientes y r\u00e1pido retorno de la inversi\u00f3n<\/h2>\t\t\t\t<\/div>\n\t\t\t\t<\/div>\n\t\t\t\t<div class=\"elementor-element elementor-element-5e18696 elementor-widget__width-initial elementor-widget elementor-widget-text-editor\" data-id=\"5e18696\" data-element_type=\"widget\" data-e-type=\"widget\" data-widget_type=\"text-editor.default\">\n\t\t\t\t<div class=\"elementor-widget-container\">\n\t\t\t\t\t\t\t\t\t<p>Los procedimientos establecidos y la aceptaci\u00f3n de la marca ayudan a los socios a conseguir contratos m\u00e1s r\u00e1pidamente, operar con eficacia y lograr m\u00e1rgenes s\u00f3lidos. Los socios conservan la flexibilidad regional -los precios, la estructura del equipo y el desarrollo empresarial pueden adaptarse a las necesidades locales- al tiempo que se benefician de la estructura probada, la presencia en el mercado y el liderazgo en calidad de Beconart. Nuestro desarrollo organizativo pretende que el trabajo diario resulte atractivo e inspirador; formar parte de una red profesional de \u00e1mbito europeo fomenta la transferencia de conocimientos y la colaboraci\u00f3n. Posicionados en el segmento premium, servicios como las superficies listas para la entrega y la restauraci\u00f3n de da\u00f1os por incendio impulsan la satisfacci\u00f3n del cliente y las recomendaciones, un claro diferenciador para el crecimiento sostenible.<\/p>\t\t\t\t\t\t\t\t<\/div>\n\t\t\t\t<\/div>\n\t\t\t\t<div class=\"elementor-element elementor-element-e5c5afa elementor-widget elementor-widget-button\" data-id=\"e5c5afa\" data-element_type=\"widget\" data-e-type=\"widget\" data-widget_type=\"button.default\">\n\t\t\t\t<div class=\"elementor-widget-container\">\n\t\t\t\t\t\t\t\t\t<div class=\"elementor-button-wrapper\">\n\t\t\t\t\t<a class=\"elementor-button elementor-button-link elementor-size-sm\" href=\"https:\/\/exposed-concrete-franchise.com\/es\/#kontakt\">\n\t\t\t\t\t\t<span class=\"elementor-button-content-wrapper\">\n\t\t\t\t\t\t\t\t\t<span class=\"elementor-button-text\">\u00danete a la familia<\/span>\n\t\t\t\t\t<\/span>\n\t\t\t\t\t<\/a>\n\t\t\t\t<\/div>\n\t\t\t\t\t\t\t\t<\/div>\n\t\t\t\t<\/div>\n\t\t\t\t<\/div>\n\t\t<div class=\"elementor-element elementor-element-ae7c2e2 e-con-full elementor-hidden-mobile e-flex e-con e-child\" data-id=\"ae7c2e2\" data-element_type=\"container\" data-e-type=\"container\" data-settings=\"{&quot;jet_parallax_layout_list&quot;:[]}\">\n\t\t\t\t<\/div>\n\t\t<div class=\"elementor-element elementor-element-eb01c14 e-con-full e-flex e-con e-child\" data-id=\"eb01c14\" data-element_type=\"container\" data-e-type=\"container\" data-settings=\"{&quot;background_background&quot;:&quot;classic&quot;,&quot;jet_parallax_layout_list&quot;:[]}\">\n\t\t\t\t<\/div>\n\t\t\t\t\t<\/div>\n\t\t\t\t<\/div>\n\t\t<div class=\"elementor-element elementor-element-2951ef8 e-flex e-con-boxed e-con e-parent\" data-id=\"2951ef8\" data-element_type=\"container\" data-e-type=\"container\" data-settings=\"{&quot;jet_parallax_layout_list&quot;:[]}\">\n\t\t\t\t\t<div class=\"e-con-inner\">\n\t\t\t\t\t<\/div>\n\t\t\t\t<\/div>\n\t\t\t\t<\/div>","protected":false},"excerpt":{"rendered":"<p>Benefits Brand strength &amp; immediate market presence The Beconart brand is protected across the EU and enjoys strong recognition in many European countries and beyond\u2014especially in demanding architectural projects. High-value references &amp; testimonials underscore this: projects such as Stuttgart 21, the Karlsruhe light-rail tunnel, University of Potsdam, 5th Avenue New York, and the Bleckede border [&hellip;]<\/p>","protected":false},"author":74,"featured_media":0,"parent":0,"menu_order":0,"comment_status":"closed","ping_status":"closed","template":"","meta":{"_acf_changed":false,"footnotes":""},"folder":[],"class_list":["post-41282","page","type-page","status-publish","hentry"],"acf":[],"_links":{"self":[{"href":"https:\/\/exposed-concrete-franchise.com\/es\/wp-json\/wp\/v2\/pages\/41282","targetHints":{"allow":["GET"]}}],"collection":[{"href":"https:\/\/exposed-concrete-franchise.com\/es\/wp-json\/wp\/v2\/pages"}],"about":[{"href":"https:\/\/exposed-concrete-franchise.com\/es\/wp-json\/wp\/v2\/types\/page"}],"author":[{"embeddable":true,"href":"https:\/\/exposed-concrete-franchise.com\/es\/wp-json\/wp\/v2\/users\/74"}],"replies":[{"embeddable":true,"href":"https:\/\/exposed-concrete-franchise.com\/es\/wp-json\/wp\/v2\/comments?post=41282"}],"version-history":[{"count":22,"href":"https:\/\/exposed-concrete-franchise.com\/es\/wp-json\/wp\/v2\/pages\/41282\/revisions"}],"predecessor-version":[{"id":41485,"href":"https:\/\/exposed-concrete-franchise.com\/es\/wp-json\/wp\/v2\/pages\/41282\/revisions\/41485"}],"wp:attachment":[{"href":"https:\/\/exposed-concrete-franchise.com\/es\/wp-json\/wp\/v2\/media?parent=41282"}],"wp:term":[{"taxonomy":"folder","embeddable":true,"href":"https:\/\/exposed-concrete-franchise.com\/es\/wp-json\/wp\/v2\/folder?post=41282"}],"curies":[{"name":"wp","href":"https:\/\/api.w.org\/{rel}","templated":true}]}}