{"id":41280,"date":"2025-09-29T15:34:42","date_gmt":"2025-09-29T13:34:42","guid":{"rendered":"https:\/\/exposed-concrete-franchise.com\/?page_id=41280"},"modified":"2025-10-07T10:56:00","modified_gmt":"2025-10-07T08:56:00","slug":"franchise-overview","status":"publish","type":"page","link":"https:\/\/exposed-concrete-franchise.com\/es\/franchise-overview\/","title":{"rendered":"Visi\u00f3n general de la franquicia"},"content":{"rendered":"<div data-elementor-type=\"wp-page\" data-elementor-id=\"41280\" class=\"elementor elementor-41280\" data-elementor-post-type=\"page\">\n\t\t\t\t<div class=\"elementor-element elementor-element-fefccc0 e-flex e-con-boxed e-con e-parent\" data-id=\"fefccc0\" data-element_type=\"container\" data-e-type=\"container\" data-settings=\"{&quot;background_background&quot;:&quot;classic&quot;,&quot;jet_parallax_layout_list&quot;:[]}\">\n\t\t\t\t\t<div class=\"e-con-inner\">\n\t\t<div class=\"elementor-element elementor-element-fbfb2f1 e-flex e-con-boxed e-con e-child\" data-id=\"fbfb2f1\" data-element_type=\"container\" data-e-type=\"container\" data-settings=\"{&quot;jet_parallax_layout_list&quot;:[]}\">\n\t\t\t\t\t<div class=\"e-con-inner\">\n\t\t\t\t<div class=\"elementor-element elementor-element-47dc6c8 elementor-widget elementor-widget-heading\" data-id=\"47dc6c8\" data-element_type=\"widget\" data-e-type=\"widget\" data-widget_type=\"heading.default\">\n\t\t\t\t<div class=\"elementor-widget-container\">\n\t\t\t\t\t<h2 class=\"elementor-heading-title elementor-size-default\">Franquicia<br>Visi\u00f3n general<\/h2>\t\t\t\t<\/div>\n\t\t\t\t<\/div>\n\t\t\t\t\t<\/div>\n\t\t\t\t<\/div>\n\t\t\t\t\t<\/div>\n\t\t\t\t<\/div>\n\t\t<div class=\"elementor-element elementor-element-fbf31d9 e-flex e-con-boxed e-con e-parent\" data-id=\"fbf31d9\" data-element_type=\"container\" data-e-type=\"container\" data-settings=\"{&quot;jet_parallax_layout_list&quot;:[]}\">\n\t\t\t\t\t<div class=\"e-con-inner\">\n\t\t<div class=\"elementor-element elementor-element-353dbb7 e-con-full e-flex e-con e-child\" data-id=\"353dbb7\" data-element_type=\"container\" data-e-type=\"container\" data-settings=\"{&quot;jet_parallax_layout_list&quot;:[]}\">\n\t\t\t\t<div class=\"elementor-element elementor-element-a2fbdcd elementor-widget elementor-widget-heading\" data-id=\"a2fbdcd\" data-element_type=\"widget\" data-e-type=\"widget\" data-widget_type=\"heading.default\">\n\t\t\t\t<div class=\"elementor-widget-container\">\n\t\t\t\t\t<h2 class=\"elementor-heading-title elementor-size-default\">Beconart \n<br>- \"Hacemos visible lo concreto\".<\/h2>\t\t\t\t<\/div>\n\t\t\t\t<\/div>\n\t\t\t\t<div class=\"elementor-element elementor-element-5025d18 elementor-widget elementor-widget-heading\" data-id=\"5025d18\" data-element_type=\"widget\" data-e-type=\"widget\" data-widget_type=\"heading.default\">\n\t\t\t\t<div class=\"elementor-widget-container\">\n\t\t\t\t\t<h2 class=\"elementor-heading-title elementor-size-default\">Beconart es una empresa europea activa y registrada internacionalmente<\/h2>\t\t\t\t<\/div>\n\t\t\t\t<\/div>\n\t\t\t\t<div class=\"elementor-element elementor-element-c084280 elementor-widget__width-initial elementor-widget elementor-widget-text-editor\" data-id=\"c084280\" data-element_type=\"widget\" data-e-type=\"widget\" data-widget_type=\"text-editor.default\">\n\t\t\t\t<div class=\"elementor-widget-container\">\n\t\t\t\t\t\t\t\t\t<p>Especializados en postprocesamiento, reparaci\u00f3n, retoque, cosm\u00e9tica, restauraci\u00f3n, protecci\u00f3n, cuidado y mantenimiento de superficies de hormig\u00f3n visto, incluyendo planificaci\u00f3n, concepto y ejecuci\u00f3n de proyectos. Trabajamos con equipos desplegados por todo el mundo.<\/p><ul data-start=\"772\" data-end=\"1491\"><li data-start=\"772\" data-end=\"866\"><p data-start=\"774\" data-end=\"866\"><strong data-start=\"774\" data-end=\"803\">Marca premium establecida<\/strong> con un alto valor de reconocimiento y una percepci\u00f3n positiva por parte de los clientes<\/p><\/li><li data-start=\"867\" data-end=\"935\"><p data-start=\"869\" data-end=\"935\"><strong data-start=\"869\" data-end=\"899\">Sistema probado y escalable<\/strong> para un funcionamiento eficaz de la empresa<\/p><\/li><li data-start=\"936\" data-end=\"1003\"><p data-start=\"938\" data-end=\"1003\"><strong data-start=\"938\" data-end=\"960\">Productos exclusivos<\/strong> con un dise\u00f1o protegido y una h\u00e1ptica \u00fanica<\/p><\/li><li data-start=\"1004\" data-end=\"1092\"><p data-start=\"1006\" data-end=\"1092\"><strong data-start=\"1006\" data-end=\"1042\">Formaci\u00f3n y asistencia completas<\/strong> en los \u00e1mbitos t\u00e9cnico, operativo y comercial<\/p><\/li><li data-start=\"1093\" data-end=\"1179\"><p data-start=\"1095\" data-end=\"1179\"><strong data-start=\"1095\" data-end=\"1129\">Estrategias de marketing eficaces<\/strong> que generan continuamente clientes potenciales y visibilidad<\/p><\/li><li data-start=\"1180\" data-end=\"1255\"><p data-start=\"1182\" data-end=\"1255\"><strong data-start=\"1182\" data-end=\"1220\">Rentabilidad atractiva y transparente<\/strong> mediante una estructura de m\u00e1rgenes clara<\/p><\/li><li data-start=\"1256\" data-end=\"1351\"><p data-start=\"1258\" data-end=\"1351\"><strong data-start=\"1258\" data-end=\"1285\">Fuerte potencial de crecimiento<\/strong> a trav\u00e9s de la nueva construcci\u00f3n, la rehabilitaci\u00f3n y la protecci\u00f3n de monumentos<\/p><\/li><li data-start=\"1352\" data-end=\"1491\"><p data-start=\"1354\" data-end=\"1491\"><strong data-start=\"1354\" data-end=\"1402\">Sostenibilidad y conservaci\u00f3n del valor a largo plazo<\/strong> mediante el tratamiento superficial que ahorra recursos y la prolongaci\u00f3n de la vida \u00fatil de las estructuras de hormig\u00f3n<\/p><\/li><\/ul><p data-start=\"1493\" data-end=\"1655\">\u00a0<\/p>\t\t\t\t\t\t\t\t<\/div>\n\t\t\t\t<\/div>\n\t\t\t\t<div class=\"elementor-element elementor-element-afc755a elementor-mobile-align-center elementor-widget elementor-widget-button\" data-id=\"afc755a\" data-element_type=\"widget\" data-e-type=\"widget\" data-widget_type=\"button.default\">\n\t\t\t\t<div class=\"elementor-widget-container\">\n\t\t\t\t\t\t\t\t\t<div class=\"elementor-button-wrapper\">\n\t\t\t\t\t<a class=\"elementor-button elementor-button-link elementor-size-sm\" href=\"https:\/\/exposed-concrete-franchise.com\/es\/#kontakt\">\n\t\t\t\t\t\t<span class=\"elementor-button-content-wrapper\">\n\t\t\t\t\t\t\t\t\t<span class=\"elementor-button-text\">Concierte una reuni\u00f3n<\/span>\n\t\t\t\t\t<\/span>\n\t\t\t\t\t<\/a>\n\t\t\t\t<\/div>\n\t\t\t\t\t\t\t\t<\/div>\n\t\t\t\t<\/div>\n\t\t\t\t<\/div>\n\t\t<div class=\"elementor-element elementor-element-5096e1a e-con-full elementor-hidden-mobile e-flex e-con e-child\" data-id=\"5096e1a\" data-element_type=\"container\" data-e-type=\"container\" data-settings=\"{&quot;jet_parallax_layout_list&quot;:[]}\">\n\t\t\t\t<\/div>\n\t\t<div class=\"elementor-element elementor-element-48779ab e-con-full e-flex e-con e-child\" data-id=\"48779ab\" data-element_type=\"container\" data-e-type=\"container\" data-settings=\"{&quot;background_background&quot;:&quot;classic&quot;,&quot;jet_parallax_layout_list&quot;:[]}\">\n\t\t\t\t<\/div>\n\t\t\t\t\t<\/div>\n\t\t\t\t<\/div>\n\t\t<div class=\"elementor-element elementor-element-e5f4d93 e-flex e-con-boxed e-con e-parent\" data-id=\"e5f4d93\" data-element_type=\"container\" data-e-type=\"container\" data-settings=\"{&quot;background_background&quot;:&quot;classic&quot;,&quot;jet_parallax_layout_list&quot;:[]}\">\n\t\t\t\t\t<div class=\"e-con-inner\">\n\t\t<div class=\"elementor-element elementor-element-b4c7297 e-con-full e-flex e-con e-child\" data-id=\"b4c7297\" data-element_type=\"container\" data-e-type=\"container\" data-settings=\"{&quot;background_background&quot;:&quot;classic&quot;,&quot;jet_parallax_layout_list&quot;:[]}\">\n\t\t\t\t<\/div>\n\t\t<div class=\"elementor-element elementor-element-5aa25c1 e-con-full e-flex e-con e-child\" data-id=\"5aa25c1\" data-element_type=\"container\" data-e-type=\"container\" data-settings=\"{&quot;jet_parallax_layout_list&quot;:[]}\">\n\t\t<div class=\"elementor-element elementor-element-fa95aa2 e-flex e-con-boxed e-con e-child\" data-id=\"fa95aa2\" data-element_type=\"container\" data-e-type=\"container\" data-settings=\"{&quot;jet_parallax_layout_list&quot;:[]}\">\n\t\t\t\t\t<div class=\"e-con-inner\">\n\t\t\t\t<div class=\"elementor-element elementor-element-3854f93 elementor-widget elementor-widget-heading\" data-id=\"3854f93\" data-element_type=\"widget\" data-e-type=\"widget\" data-widget_type=\"heading.default\">\n\t\t\t\t<div class=\"elementor-widget-container\">\n\t\t\t\t\t<h2 class=\"elementor-heading-title elementor-size-default\">Franquicia Beconart: <br>Activo en Alemania y Europa<\/h2>\t\t\t\t<\/div>\n\t\t\t\t<\/div>\n\t\t\t\t<div class=\"elementor-element elementor-element-3d9bc7f elementor-widget elementor-widget-text-editor\" data-id=\"3d9bc7f\" data-element_type=\"widget\" data-e-type=\"widget\" data-widget_type=\"text-editor.default\">\n\t\t\t\t<div class=\"elementor-widget-container\">\n\t\t\t\t\t\t\t\t\t<p>\u00danase a un especialista l\u00edder en <strong data-start=\"539\" data-end=\"598\">restauraci\u00f3n, cosm\u00e9tica y mantenimiento del hormig\u00f3n visto<\/strong>. Obtenga credibilidad instant\u00e1nea, apoyo de marketing y calidad estandarizada para ganar proyectos m\u00e1s r\u00e1pidamente en toda Alemania y Europa.<\/p>\t\t\t\t\t\t\t\t<\/div>\n\t\t\t\t<\/div>\n\t\t\t\t<div class=\"elementor-element elementor-element-e92127d elementor-widget elementor-widget-button\" data-id=\"e92127d\" data-element_type=\"widget\" data-e-type=\"widget\" data-widget_type=\"button.default\">\n\t\t\t\t<div class=\"elementor-widget-container\">\n\t\t\t\t\t\t\t\t\t<div class=\"elementor-button-wrapper\">\n\t\t\t\t\t<a class=\"elementor-button elementor-button-link elementor-size-sm\" href=\"https:\/\/exposed-concrete-franchise.com\/es\/#kontakt\">\n\t\t\t\t\t\t<span class=\"elementor-button-content-wrapper\">\n\t\t\t\t\t\t\t\t\t<span class=\"elementor-button-text\">Solicitar informaci\u00f3n de franquicia<\/span>\n\t\t\t\t\t<\/span>\n\t\t\t\t\t<\/a>\n\t\t\t\t<\/div>\n\t\t\t\t\t\t\t\t<\/div>\n\t\t\t\t<\/div>\n\t\t\t\t\t<\/div>\n\t\t\t\t<\/div>\n\t\t\t\t<\/div>\n\t\t\t\t\t<\/div>\n\t\t\t\t<\/div>\n\t\t<div class=\"elementor-element elementor-element-58ef6e5 e-flex e-con-boxed e-con e-parent\" data-id=\"58ef6e5\" data-element_type=\"container\" data-e-type=\"container\" data-settings=\"{&quot;jet_parallax_layout_list&quot;:[]}\">\n\t\t\t\t\t<div class=\"e-con-inner\">\n\t\t<div class=\"elementor-element elementor-element-be8e59b e-con-full e-flex e-con e-child\" data-id=\"be8e59b\" data-element_type=\"container\" data-e-type=\"container\" data-settings=\"{&quot;jet_parallax_layout_list&quot;:[]}\">\n\t\t\t\t<div class=\"elementor-element elementor-element-f37f782 elementor-widget elementor-widget-heading\" data-id=\"f37f782\" data-element_type=\"widget\" data-e-type=\"widget\" data-widget_type=\"heading.default\">\n\t\t\t\t<div class=\"elementor-widget-container\">\n\t\t\t\t\t<h2 class=\"elementor-heading-title elementor-size-default\">Nuestro modelo de franquicia \"plug and play\" se basa en una marca registrada en la UE<\/h2>\t\t\t\t<\/div>\n\t\t\t\t<\/div>\n\t\t\t\t<div class=\"elementor-element elementor-element-b8f665e elementor-widget__width-initial elementor-widget elementor-widget-text-editor\" data-id=\"b8f665e\" data-element_type=\"widget\" data-e-type=\"widget\" data-widget_type=\"text-editor.default\">\n\t\t\t\t<div class=\"elementor-widget-container\">\n\t\t\t\t\t\t\t\t\t<p data-start=\"826\" data-end=\"1474\">Ideal para socios que se benefician de un nombre establecido y protegido legalmente. Beconart ofrece conocimientos t\u00e9cnicos certificados y est\u00e1ndares de calidad en cosm\u00e9tica de hormig\u00f3n visto, retoque, renovaci\u00f3n, restauraci\u00f3n, limpieza, protecci\u00f3n y mantenimiento, as\u00ed como superficies de hormig\u00f3n listas para la entrega, todo ello bajo el paraguas de una marca s\u00f3lida. Una infraestructura y un soporte eficientes anclados en un desarrollo organizativo centralizado -guiados por desarrolladores organizativos y cibern\u00e9ticos- se centran en hacer que la jornada laboral resulte atractiva y eficaz para los socios.<\/p>\t\t\t\t\t\t\t\t<\/div>\n\t\t\t\t<\/div>\n\t\t\t\t<div class=\"elementor-element elementor-element-d3dc5e6 elementor-widget elementor-widget-button\" data-id=\"d3dc5e6\" data-element_type=\"widget\" data-e-type=\"widget\" data-widget_type=\"button.default\">\n\t\t\t\t<div class=\"elementor-widget-container\">\n\t\t\t\t\t\t\t\t\t<div class=\"elementor-button-wrapper\">\n\t\t\t\t\t<a class=\"elementor-button elementor-button-link elementor-size-sm\" href=\"https:\/\/exposed-concrete-franchise.com\/es\/#kontakt\">\n\t\t\t\t\t\t<span class=\"elementor-button-content-wrapper\">\n\t\t\t\t\t\t\t\t\t<span class=\"elementor-button-text\">Contacte con nosotros<\/span>\n\t\t\t\t\t<\/span>\n\t\t\t\t\t<\/a>\n\t\t\t\t<\/div>\n\t\t\t\t\t\t\t\t<\/div>\n\t\t\t\t<\/div>\n\t\t\t\t<\/div>\n\t\t<div class=\"elementor-element elementor-element-116ed99 e-con-full elementor-hidden-mobile e-flex e-con e-child\" data-id=\"116ed99\" data-element_type=\"container\" data-e-type=\"container\" data-settings=\"{&quot;jet_parallax_layout_list&quot;:[]}\">\n\t\t\t\t<\/div>\n\t\t<div class=\"elementor-element elementor-element-209c06a e-con-full e-flex e-con e-child\" data-id=\"209c06a\" data-element_type=\"container\" data-e-type=\"container\" data-settings=\"{&quot;background_background&quot;:&quot;classic&quot;,&quot;jet_parallax_layout_list&quot;:[]}\">\n\t\t\t\t<\/div>\n\t\t\t\t\t<\/div>\n\t\t\t\t<\/div>\n\t\t\t\t<\/div>","protected":false},"excerpt":{"rendered":"<p>FranchiseOverview Beconart \u2014 \u201cWe make concrete visible.\u201d Beconart is a Europe-wide active and internationally registered company Specializing in post-processing, repair, retouching, cosmetics, refurbishment, protection, care, and maintenance of exposed concrete surfaces\u2014including planning, concept, and project implementation. We operate with deployment teams all around the globe. Established premium brand with high recognition value and positive customer [&hellip;]<\/p>","protected":false},"author":74,"featured_media":0,"parent":0,"menu_order":0,"comment_status":"closed","ping_status":"closed","template":"","meta":{"_acf_changed":false,"footnotes":""},"folder":[],"class_list":["post-41280","page","type-page","status-publish","hentry"],"acf":[],"_links":{"self":[{"href":"https:\/\/exposed-concrete-franchise.com\/es\/wp-json\/wp\/v2\/pages\/41280","targetHints":{"allow":["GET"]}}],"collection":[{"href":"https:\/\/exposed-concrete-franchise.com\/es\/wp-json\/wp\/v2\/pages"}],"about":[{"href":"https:\/\/exposed-concrete-franchise.com\/es\/wp-json\/wp\/v2\/types\/page"}],"author":[{"embeddable":true,"href":"https:\/\/exposed-concrete-franchise.com\/es\/wp-json\/wp\/v2\/users\/74"}],"replies":[{"embeddable":true,"href":"https:\/\/exposed-concrete-franchise.com\/es\/wp-json\/wp\/v2\/comments?post=41280"}],"version-history":[{"count":49,"href":"https:\/\/exposed-concrete-franchise.com\/es\/wp-json\/wp\/v2\/pages\/41280\/revisions"}],"predecessor-version":[{"id":41463,"href":"https:\/\/exposed-concrete-franchise.com\/es\/wp-json\/wp\/v2\/pages\/41280\/revisions\/41463"}],"wp:attachment":[{"href":"https:\/\/exposed-concrete-franchise.com\/es\/wp-json\/wp\/v2\/media?parent=41280"}],"wp:term":[{"taxonomy":"folder","embeddable":true,"href":"https:\/\/exposed-concrete-franchise.com\/es\/wp-json\/wp\/v2\/folder?post=41280"}],"curies":[{"name":"wp","href":"https:\/\/api.w.org\/{rel}","templated":true}]}}