{"id":40492,"date":"2025-02-13T16:46:57","date_gmt":"2025-02-13T15:46:57","guid":{"rendered":"https:\/\/exposed-concrete-franchise.com\/?page_id=40492"},"modified":"2025-02-13T16:49:42","modified_gmt":"2025-02-13T15:49:42","slug":"terms-and-conditions","status":"publish","type":"page","link":"https:\/\/exposed-concrete-franchise.com\/es\/terms-and-conditions\/","title":{"rendered":"Condiciones generales"},"content":{"rendered":"<div data-elementor-type=\"wp-page\" data-elementor-id=\"40492\" class=\"elementor elementor-40492\" data-elementor-post-type=\"page\">\n\t\t\t\t<div class=\"elementor-element elementor-element-48a354a9 e-con-full e-flex e-con e-parent\" data-id=\"48a354a9\" data-element_type=\"container\" data-e-type=\"container\" data-settings=\"{&quot;background_background&quot;:&quot;classic&quot;,&quot;jet_parallax_layout_list&quot;:[]}\">\n\t\t<div class=\"elementor-element elementor-element-7c8558af e-flex e-con-boxed e-con e-child\" data-id=\"7c8558af\" data-element_type=\"container\" data-e-type=\"container\" data-settings=\"{&quot;jet_parallax_layout_list&quot;:[]}\">\n\t\t\t\t\t<div class=\"e-con-inner\">\n\t\t\t\t<div class=\"elementor-element elementor-element-33d6785b elementor-widget elementor-widget-heading\" data-id=\"33d6785b\" data-element_type=\"widget\" data-e-type=\"widget\" data-widget_type=\"heading.default\">\n\t\t\t\t<div class=\"elementor-widget-container\">\n\t\t\t\t\t<h2 class=\"elementor-heading-title elementor-size-default\">Condiciones generales<\/h2>\t\t\t\t<\/div>\n\t\t\t\t<\/div>\n\t\t\t\t\t<\/div>\n\t\t\t\t<\/div>\n\t\t\t\t<\/div>\n\t\t<div class=\"elementor-element elementor-element-1c8d366a e-flex e-con-boxed e-con e-parent\" data-id=\"1c8d366a\" data-element_type=\"container\" data-e-type=\"container\" data-settings=\"{&quot;jet_parallax_layout_list&quot;:[]}\">\n\t\t\t\t\t<div class=\"e-con-inner\">\n\t\t\t\t<div class=\"elementor-element elementor-element-5bf7eedd elementor-widget elementor-widget-text-editor\" data-id=\"5bf7eedd\" data-element_type=\"widget\" data-e-type=\"widget\" data-widget_type=\"text-editor.default\">\n\t\t\t\t<div class=\"elementor-widget-container\">\n\t\t\t\t\t\t\t\t\t<p><strong>1. \u00c1mbito de aplicaci\u00f3n de las condiciones<\/strong><\/p><p>Las siguientes condiciones regulan las relaciones comerciales entre beconart y sus clientes. Tambi\u00e9n se incluyen los sitios web, las empresas y las marcas de la direcci\u00f3n, incluidas las ofertas y los pedidos vistos.<br \/>Los contratos s\u00f3lo se aceptan bajo nuestras condiciones de pedido, entrega y pago. Las condiciones de compra del cliente se rechazan expresamente a menos que se acepten individualmente por escrito. El silencio de beconart respecto a las condiciones contractuales y de compra presentadas no constituye aceptaci\u00f3n. Las condiciones contractuales y de compra s\u00f3lo son vinculantes si las hemos confirmado expresamente por escrito.<br \/>Los acuerdos o suplementos contradictorios o divergentes, as\u00ed como los acuerdos verbales o telef\u00f3nicos, s\u00f3lo ser\u00e1n vinculantes si los confirmamos por escrito.<br \/>Tenemos derecho a contratar a otras empresas cualificadas, artistas y empresarios aut\u00f3nomos, empresas especializadas, etc., directamente subordinadas a nosotros para cumplir y proporcionar la obligaci\u00f3n asumida contractualmente (servicios de construcci\u00f3n por subcontratistas).<\/p><p><strong>2. Ofrece<\/strong><\/p><p>Nuestras ofertas son siempre no vinculantes, sin compromiso y basadas en nuestras Condiciones Generales. Los acuerdos divergentes s\u00f3lo se aplicar\u00e1n si se indican expl\u00edcita y claramente por escrito en la oferta y son confirmados por nosotros por escrito o por correo electr\u00f3nico. No est\u00e1n permitidos los acuerdos paralelos verbales.<br \/>No asumimos responsabilidad alguna por la exactitud de los datos t\u00e9cnicos y dem\u00e1s informaci\u00f3n contenida en listas de precios, circulares, cat\u00e1logos y otros materiales impresos y folletos de fabricantes. Quedan reservadas las modificaciones t\u00e9cnicas. Las desviaciones no constituyen reclamaciones siempre que sean razonables para el cliente.<\/p><p><strong>3. Celebraci\u00f3n y contenido del contrato<\/strong><\/p><p>El alcance de los servicios prestados por beconart, la remuneraci\u00f3n a pagar por el cliente y cualesquiera otras condiciones necesarias se determinan en un contrato individual, de trabajo o marco entre beconart y el cliente\/socio contractual. Un contrato se perfecciona cuando el cliente env\u00eda una copia firmada del contrato (pedido) (en casos individuales tambi\u00e9n por correo electr\u00f3nico o fax) y beconart presta el servicio y\/o entrega el material. Todos los pedidos realizados a beconart s\u00f3lo ser\u00e1n vinculantes con nuestra confirmaci\u00f3n del pedido por escrito o con el inicio del trabajo. Al realizar el pedido o confirmarlo por escrito, el cliente reconoce estas condiciones. Se mencionan expl\u00edcitamente en los documentos correspondientes y pueden consultarse en l\u00ednea en<br \/><a href=\"https:\/\/sicht-beton.com\/impressum-datenschutz\/\" target=\"_blank\" rel=\"noopener\">https:\/\/sicht-beton.com\/impressum-datenschutz\/<\/a>. Proporcionamos versiones impresas o digitales previa solicitud.<\/p><p><strong>4. Prestaci\u00f3n de servicios \/ Plazos de ejecuci\u00f3n<\/strong><\/p><p>Si la prestaci\u00f3n de servicios debida por beconart se retrasa inevitablemente debido a circunstancias imprevistas e inevitables, tales como viento y condiciones meteorol\u00f3gicas, temperaturas del aire y de los componentes constantemente inferiores a 5 grados cent\u00edgrados, procesamiento del esmalte a temperaturas inferiores a 12 grados cent\u00edgrados, lluvia durante trabajos al aire libre, cierres patronales, interrupciones operativas y de tr\u00e1fico de todo tipo (especialmente en empresas proveedoras), circunstancias excepcionales, fuerza mayor, falta de acceso a la obra, cierre de la obra debido a disposiciones oficiales, el plazo de ejecuci\u00f3n acordado se prorrogar\u00e1 en consecuencia. Cualquier paralizaci\u00f3n, tiempo de inactividad o retraso no imputable a nosotros deber\u00e1 ser compensado por el cliente por empleado m\u00e1s costes adicionales como gastos de viaje, dietas, y seg\u00fan el contrato de servicios en 80%. El cliente deber\u00e1 demostrar una reclamaci\u00f3n inferior.<br \/>Advertimos que las superficies horizontales, las superficies expuestas, los suelos y las grietas est\u00e1n sujetos a la intemperie natural, al movimiento o al desgaste, y no garantizamos la fuerza de adherencia, la solidez del color ni la durabilidad. Las superficies exteriores tratadas parcialmente pueden mostrar un aspecto general muy poco homog\u00e9neo si cambian las condiciones meteorol\u00f3gicas. La decisi\u00f3n de tratar s\u00f3lo partes de una superficie es a petici\u00f3n expl\u00edcita del cliente.<br \/>Los servicios s\u00f3lo se prestar\u00e1n si se cumplen los requisitos relacionados con la construcci\u00f3n proporcionados por el cliente. Esto incluye garantizar la seguridad y el acceso sin restricciones a la obra. El cliente debe proporcionar los servicios necesarios, como electricidad, agua y andamiaje desde una altura de trabajo de 3,20 metros. Alternativamente, tras la aprobaci\u00f3n y autorizaci\u00f3n de las superficies del terreno circundante por parte del cliente, beconart puede encargarse de ello con un coste adicional. Adem\u00e1s, el cliente deber\u00e1 garantizar la provisi\u00f3n de plazas de aparcamiento para veh\u00edculos y maquinaria, adecuadas al tama\u00f1o del proyecto.<br \/>Los permisos de propietarios, autoridades, etc., para posibles cierres de carreteras, eliminaci\u00f3n de aguas residuales o tareas similares no forman parte de la oferta y deben ser proporcionados por el cliente. A petici\u00f3n del cliente, beconart puede encargarse de estas tareas, que se facturar\u00e1n por separado.<br \/>Salvo que aqu\u00ed se regule lo contrario, para las mediciones y la facturaci\u00f3n se aplican las \u00faltimas versiones de VOB\/B y VOB\/C.<\/p><p><strong>5. Aceptaci\u00f3n<\/strong><\/p><p>Por lo general, los trabajos extensivos se discuten semanalmente in situ o a distancia entre el cliente y beconart y se registran por escrito. Para los plazos de ejecuci\u00f3n superiores a 4 semanas naturales, los informes de finalizaci\u00f3n se documentan en protocolos de inspecci\u00f3n relativos a la ejecuci\u00f3n y la aceptaci\u00f3n parcial. Una vez finalizado todo el trabajo, la aceptaci\u00f3n puede producirse in situ en persona o mediante un informe de finalizaci\u00f3n por escrito. Al revisar la factura final por escrito, el servicio se considera aceptado.<br \/>La aceptaci\u00f3n se rige por la ley de contratos de trabajo del BGB y\/o VOB.<\/p><p><strong>6. Reclamaciones, denuncias de defectos y responsabilidad<\/strong><\/p><p>Las reclamaciones relativas a una ejecuci\u00f3n incompleta o incorrecta o a defectos aparentes deben comunicarse por escrito inmediatamente, a m\u00e1s tardar 8 d\u00edas despu\u00e9s de la ejecuci\u00f3n. Los dem\u00e1s defectos deben comunicarse por escrito inmediatamente despu\u00e9s de su descubrimiento. Si las reclamaciones y los informes de defectos no se realizan a tiempo, el servicio realizado se considerar\u00e1 aceptado y no se podr\u00e1n realizar reclamaciones adicionales.<br \/>Si se reclaman defectos, beconart tiene derecho a inspeccionar los servicios denunciados y rectificar cualquier defecto.<br \/>Cuando se reclamen defectos relativos a elementos individuales, la tramitaci\u00f3n del resto de servicios continuar\u00e1 como si no se hubiera presentado ninguna reclamaci\u00f3n.<br \/>Si el cliente lleva a cabo medidas correctoras sin el consentimiento de beconart, se anular\u00e1n todos los derechos de garant\u00eda frente a beconart.<\/p><p><strong>7. Disposiciones relativas a las entregas de material<\/strong><\/p><p>La entrega de material se produce tras la recepci\u00f3n de un pedido por escrito y depende de las condiciones log\u00edsticas.<br \/>Durante el procesamiento del material deben seguirse las normas contenidas en las fichas t\u00e9cnicas y de seguridad. No se aceptan devoluciones de los productos entregados.<br \/>Si se solicita la entrega de material al cliente o a una direcci\u00f3n de obra, el riesgo de p\u00e9rdida o deterioro accidental de la mercanc\u00eda se transfiere al cliente en el momento de la expedici\u00f3n, a m\u00e1s tardar a la salida del almac\u00e9n.<\/p><p><strong>8. Precios y condiciones de pago<\/strong><\/p><p>Todos los precios indicados son precios netos m\u00e1s el IVA legal aplicable, o en consideraci\u00f3n del mecanismo de inversi\u00f3n del sujeto pasivo conforme al art\u00edculo 13b de la UStG. Los pagos deben efectuarse dentro del plazo de pago acordado tras la facturaci\u00f3n. Nuestros plazos de pago est\u00e1ndar son de 5 d\u00edas naturales netos. Queda reservada la reclamaci\u00f3n de da\u00f1os y perjuicios por demora.<br \/>El cliente s\u00f3lo podr\u00e1 compensar las reclamaciones de beconart con reclamaciones indiscutibles o legalmente establecidas. El cliente solo tendr\u00e1 derecho de retenci\u00f3n si su contrademanda se basa en la relaci\u00f3n contractual.<br \/>Las reclamaciones sobre la factura deben presentarse por escrito en el plazo de una semana desde su recepci\u00f3n. De lo contrario, nuestra factura se considerar\u00e1 aceptada.<\/p><p><strong>9. Anticipos \/ Pagos parciales<\/strong><\/p><p>Para los nuevos clientes, generalmente exigimos el pago por adelantado del valor total del pedido junto con la confirmaci\u00f3n del mismo. No estamos obligados a realizar entregas o prestar servicios antes de recibir el pago por adelantado.<br \/>La aceptaci\u00f3n formal y los pagos parciales se producen en funci\u00f3n del avance de la construcci\u00f3n. Para plazos de ejecuci\u00f3n superiores a 5 d\u00edas naturales, se consideran acordados pagos parciales semanales.<br \/>Los pagos deben efectuarse \u00fanicamente a la cuenta especificada en la factura. Si no se reciben a tiempo pagos parciales, tenemos derecho a suspender el trabajo hasta que se reciba el pago.<\/p><p><strong>10. Retirada<\/strong><\/p><p>Si el cliente desiste del contrato sin causa justificada o si el contrato no puede ejecutarse por causas imputables al cliente, beconart tendr\u00e1 derecho a reclamar 25% del importe neto del contrato en concepto de indemnizaci\u00f3n, sin perjuicio de la prueba de un da\u00f1o mayor.<\/p><p><strong>11. Verificaci\u00f3n del cr\u00e9dito<\/strong><\/p><p>Para protegerse frente a impagos y uso indebido de los servicios por parte de terceros, beconart tiene derecho a obtener informes de cr\u00e9dito antes de celebrar el contrato y a transmitir los datos personales del contrato a una agencia de cr\u00e9dito. En caso de tratamiento no contractual, beconart tambi\u00e9n tiene derecho a transmitir los datos pertinentes.<\/p><p><strong>12. Jurisdicci\u00f3n<\/strong><\/p><p>El lugar exclusivo de jurisdicci\u00f3n y cumplimiento para todos los litigios derivados directa o indirectamente de la relaci\u00f3n contractual es el domicilio social de beconart en Stuttgart.<\/p><p><strong>13. Disposiciones finales<\/strong><\/p><p>Se aplica exclusivamente la legislaci\u00f3n de la Rep\u00fablica Federal de Alemania. Los acuerdos divergentes deben realizarse por escrito. El correo electr\u00f3nico no es suficiente para la forma escrita.<br \/>Si alguna disposici\u00f3n de estas CGC es o deviene inv\u00e1lida, la validez de las disposiciones restantes no se ver\u00e1 afectada. Las partes deber\u00e1n sustituir la disposici\u00f3n inv\u00e1lida por una disposici\u00f3n v\u00e1lida que logre el objetivo econ\u00f3mico previsto de la forma m\u00e1s fiel posible.<\/p>\t\t\t\t\t\t\t\t<\/div>\n\t\t\t\t<\/div>\n\t\t\t\t\t<\/div>\n\t\t\t\t<\/div>\n\t\t\t\t<\/div>","protected":false},"excerpt":{"rendered":"<p>Condiciones generales 1. \u00c1mbito de aplicaci\u00f3n Alcance de las condiciones Las siguientes condiciones regulan las relaciones comerciales entre beconart y sus clientes. S\u00f3lo se aceptar\u00e1n contratos bajo nuestras condiciones de pedido, entrega y pago. Las condiciones de compra del cliente se rechazan expresamente a menos que [...]<\/p>","protected":false},"author":74,"featured_media":0,"parent":0,"menu_order":0,"comment_status":"closed","ping_status":"closed","template":"","meta":{"_acf_changed":false,"footnotes":""},"folder":[],"class_list":["post-40492","page","type-page","status-publish","hentry"],"acf":[],"_links":{"self":[{"href":"https:\/\/exposed-concrete-franchise.com\/es\/wp-json\/wp\/v2\/pages\/40492","targetHints":{"allow":["GET"]}}],"collection":[{"href":"https:\/\/exposed-concrete-franchise.com\/es\/wp-json\/wp\/v2\/pages"}],"about":[{"href":"https:\/\/exposed-concrete-franchise.com\/es\/wp-json\/wp\/v2\/types\/page"}],"author":[{"embeddable":true,"href":"https:\/\/exposed-concrete-franchise.com\/es\/wp-json\/wp\/v2\/users\/74"}],"replies":[{"embeddable":true,"href":"https:\/\/exposed-concrete-franchise.com\/es\/wp-json\/wp\/v2\/comments?post=40492"}],"version-history":[{"count":7,"href":"https:\/\/exposed-concrete-franchise.com\/es\/wp-json\/wp\/v2\/pages\/40492\/revisions"}],"predecessor-version":[{"id":40503,"href":"https:\/\/exposed-concrete-franchise.com\/es\/wp-json\/wp\/v2\/pages\/40492\/revisions\/40503"}],"wp:attachment":[{"href":"https:\/\/exposed-concrete-franchise.com\/es\/wp-json\/wp\/v2\/media?parent=40492"}],"wp:term":[{"taxonomy":"folder","embeddable":true,"href":"https:\/\/exposed-concrete-franchise.com\/es\/wp-json\/wp\/v2\/folder?post=40492"}],"curies":[{"name":"wp","href":"https:\/\/api.w.org\/{rel}","templated":true}]}}