{"id":40479,"date":"2025-02-13T16:32:26","date_gmt":"2025-02-13T15:32:26","guid":{"rendered":"https:\/\/exposed-concrete-franchise.com\/?page_id=40479"},"modified":"2025-02-13T16:38:19","modified_gmt":"2025-02-13T15:38:19","slug":"privacy-policy","status":"publish","type":"page","link":"https:\/\/exposed-concrete-franchise.com\/es\/privacy-policy\/","title":{"rendered":"Pol\u00edtica de privacidad"},"content":{"rendered":"<div data-elementor-type=\"wp-page\" data-elementor-id=\"40479\" class=\"elementor elementor-40479\" data-elementor-post-type=\"page\">\n\t\t\t\t<div class=\"elementor-element elementor-element-5e4dcc0f e-con-full e-flex e-con e-parent\" data-id=\"5e4dcc0f\" data-element_type=\"container\" data-e-type=\"container\" data-settings=\"{&quot;background_background&quot;:&quot;classic&quot;,&quot;jet_parallax_layout_list&quot;:[]}\">\n\t\t<div class=\"elementor-element elementor-element-5029d980 e-flex e-con-boxed e-con e-child\" data-id=\"5029d980\" data-element_type=\"container\" data-e-type=\"container\" data-settings=\"{&quot;jet_parallax_layout_list&quot;:[]}\">\n\t\t\t\t\t<div class=\"e-con-inner\">\n\t\t\t\t<div class=\"elementor-element elementor-element-39f7bdfa elementor-widget elementor-widget-heading\" data-id=\"39f7bdfa\" data-element_type=\"widget\" data-e-type=\"widget\" data-widget_type=\"heading.default\">\n\t\t\t\t<div class=\"elementor-widget-container\">\n\t\t\t\t\t<h2 class=\"elementor-heading-title elementor-size-default\">Pol\u00edtica de privacidad<\/h2>\t\t\t\t<\/div>\n\t\t\t\t<\/div>\n\t\t\t\t\t<\/div>\n\t\t\t\t<\/div>\n\t\t\t\t<\/div>\n\t\t<div class=\"elementor-element elementor-element-330b8c4a e-flex e-con-boxed e-con e-parent\" data-id=\"330b8c4a\" data-element_type=\"container\" data-e-type=\"container\" data-settings=\"{&quot;jet_parallax_layout_list&quot;:[]}\">\n\t\t\t\t\t<div class=\"e-con-inner\">\n\t\t\t\t<div class=\"elementor-element elementor-element-12b6dc24 elementor-widget elementor-widget-text-editor\" data-id=\"12b6dc24\" data-element_type=\"widget\" data-e-type=\"widget\" data-widget_type=\"text-editor.default\">\n\t\t\t\t<div class=\"elementor-widget-container\">\n\t\t\t\t\t\t\t\t\t<p><strong>Pol\u00edtica de privacidad<\/strong><br \/>A continuaci\u00f3n, nos gustar\u00eda informarle sobre nuestra pol\u00edtica de privacidad. Aqu\u00ed encontrar\u00e1 informaci\u00f3n sobre la recogida y el uso de datos personales al utilizar nuestro sitio web. Cumplimos las leyes de protecci\u00f3n de datos aplicables en Alemania. Puede acceder a esta declaraci\u00f3n en cualquier momento en nuestro sitio web.<\/p><p>Se\u00f1alamos expl\u00edcitamente que la transmisi\u00f3n de datos en Internet (por ejemplo, la comunicaci\u00f3n por correo electr\u00f3nico) puede presentar vulnerabilidades de seguridad y no puede protegerse completamente del acceso de terceros.<\/p><p>Queda expresamente prohibido el uso de los datos de contacto de nuestro aviso legal para fines de publicidad comercial, a menos que hayamos dado nuestro consentimiento previo por escrito o que ya exista una relaci\u00f3n comercial. El proveedor y todas las personas mencionadas en este sitio web se oponen por la presente a cualquier uso comercial y divulgaci\u00f3n de sus datos.<\/p><p><strong>Datos personales<\/strong><br \/>Puede visitar nuestro sitio web sin facilitar datos personales. Si en nuestras p\u00e1ginas se recogen datos personales (como nombre, direcci\u00f3n o correo electr\u00f3nico), se hace de forma voluntaria siempre que sea posible. Estos datos no se transmitir\u00e1n a terceros sin su consentimiento expreso.<\/p><p>Si se va a establecer, dise\u00f1ar o modificar una relaci\u00f3n contractual entre usted y nosotros, o si nos env\u00eda una consulta, recopilamos y utilizamos sus datos personales en la medida en que sea necesario para estos fines (datos de inventario). Recogemos, procesamos y utilizamos sus datos personales en la medida en que sea necesario para permitirle utilizar nuestros servicios web (datos de uso).<\/p><p>Todos los datos personales se almacenar\u00e1n \u00fanicamente durante el tiempo necesario para el fin indicado (tramitar su consulta o gestionar un contrato). Se tendr\u00e1n en cuenta los plazos de conservaci\u00f3n legales y fiscales. Por orden de las autoridades competentes, podemos facilitar informaci\u00f3n sobre estos datos (datos de inventario) en casos concretos si es necesario para la aplicaci\u00f3n de la ley, fines de seguridad, el cumplimiento de las tareas legales de las autoridades de protecci\u00f3n constitucional o el servicio de contrainteligencia militar, o para la aplicaci\u00f3n de los derechos de propiedad intelectual.<\/p><p><strong>Uso de cookies<\/strong><br \/>Para gestionar las cookies y tecnolog\u00edas similares (p\u00edxeles de seguimiento, balizas web, etc.) utilizadas en nuestro sitio, as\u00ed como los consentimientos relacionados, utilizamos la herramienta de consentimiento \"Real Cookie Banner.\" Los detalles sobre la funcionalidad de \"Real Cookie Banner\" se pueden encontrar en<br \/><a href=\"https:\/\/devowl.io\/en\/rcb\/data-processing\/\" target=\"_blank\" rel=\"noopener noreferrer\">https:\/\/devowl.io\/en\/rcb\/data-processing\/<\/a>.<\/p><p>La base jur\u00eddica para el tratamiento de datos personales en este contexto es el art\u00edculo 6, apartado 1, letra c), del GDPR y el art\u00edculo 6, apartado 1, letra f), del GDPR. Nuestro inter\u00e9s leg\u00edtimo es gestionar las cookies y tecnolog\u00edas similares utilizadas y los consentimientos relacionados.<\/p><p>Facilitar datos personales no es obligatorio ni necesario para celebrar un contrato. Usted no est\u00e1 obligado a facilitar datos personales. Si no facilita datos personales, no podremos gestionar sus consentimientos.<\/p><p><strong>Funciones de comentario<\/strong><br \/>Como parte de la funci\u00f3n de comentarios, recopilamos datos personales (por ejemplo, nombre, correo electr\u00f3nico) en relaci\u00f3n con su comentario sobre una entrada s\u00f3lo en la medida en que usted los haya proporcionado. Al publicar un comentario, la direcci\u00f3n de correo electr\u00f3nico que proporcione se almacenar\u00e1 pero no se publicar\u00e1. Su nombre se publicar\u00e1 si no ha escrito bajo seud\u00f3nimo.<\/p><p><strong>Pol\u00edtica de privacidad del plugin de Facebook (\"Me gusta\")<\/strong><br \/>Este sitio web utiliza plugins de Facebook.com, proporcionados por Facebook Inc., 1601 S. California Avenue, Palo Alto, CA 94304, EE.UU.. Se informa a los usuarios de nuestro sitio web, en el que est\u00e1 instalado el plugin de Facebook (bot\u00f3n \"Me gusta\"), de que el plugin establece una conexi\u00f3n con Facebook, transmitiendo as\u00ed informaci\u00f3n a su navegador para permitir que el plugin aparezca en el sitio web.<\/p><p>Adem\u00e1s, al utilizar el plugin, se transmiten datos a los servidores de Facebook, que contienen informaci\u00f3n sobre sus visitas a nuestro sitio web. Los usuarios de Facebook conectados tendr\u00e1n sus datos de uso vinculados a su cuenta personal de Facebook.<\/p><p>Si utiliza activamente el plugin de Facebook (por ejemplo, haciendo clic en el bot\u00f3n \"Me gusta\" o utilizando la funci\u00f3n de comentarios), estos datos se transmiten a su cuenta de Facebook y se publican. Puede evitarlo cerrando la sesi\u00f3n de su cuenta de Facebook antes de utilizar el plugin.<\/p><p>Para m\u00e1s informaci\u00f3n sobre el uso de datos por parte de Facebook, consulta su pol\u00edtica de privacidad en <a href=\"http:\/\/de-de.facebook.com\/policy.php\" target=\"_blank\" rel=\"noopener\">http:\/\/de-de.facebook.com\/policy.php<\/a>.<\/p><p><strong>Pol\u00edtica de privacidad del servicio de an\u00e1lisis web de Google Analytics<\/strong><br \/>Este sitio web utiliza Google Analytics, un servicio anal\u00edtico de web prestado por Google Inc. (\"Google\"). Google Analytics utiliza \"cookies\", archivos de texto almacenados en su ordenador que permiten un an\u00e1lisis de su uso del sitio web. La informaci\u00f3n que genera la cookie acerca de su uso de este sitio web se transmite generalmente a un servidor de Google en los EE.UU. y se almacena all\u00ed.<\/p><p>Hemos activado la anonimizaci\u00f3n de IP. Por lo tanto, su direcci\u00f3n IP es acortada por Google dentro de los estados miembros de la Uni\u00f3n Europea u otras partes del Acuerdo sobre el Espacio Econ\u00f3mico Europeo antes de su transmisi\u00f3n. S\u00f3lo en casos excepcionales se transmitir\u00e1 la direcci\u00f3n IP completa a un servidor de Google en EE.UU. y se acortar\u00e1 all\u00ed.<\/p><p>En nombre del operador de este sitio web, Google usar\u00e1 esta informaci\u00f3n para evaluar su uso del sitio web, recopilando informes de la actividad del sitio web y prestando otros servicios relacionados con la actividad del sitio web y el uso de Internet. La direcci\u00f3n IP transmitida por su navegador como parte de Google Analytics no se fusionar\u00e1 con otros datos de Google.<\/p><p>Puede evitar el almacenamiento de cookies ajustando la configuraci\u00f3n de su navegador. Sin embargo, tenga en cuenta que si lo hace, es posible que no pueda utilizar todas las funciones de este sitio web en su totalidad. Tambi\u00e9n puede evitar la recopilaci\u00f3n de datos generados por la cookie y relacionados con su uso del sitio web (incluida su direcci\u00f3n IP) y su procesamiento por parte de Google descargando e instalando el complemento del navegador disponible en.<br \/><a href=\"http:\/\/tools.google.com\/dlpage\/gaoptout?hl=en\" target=\"_blank\" rel=\"noopener\">http:\/\/tools.google.com\/dlpage\/gaoptout?hl=en<\/a>.<\/p><p><strong>Derecho a la informaci\u00f3n<\/strong><br \/>Tiene derecho a informarse gratuitamente y sin demora sobre los datos recogidos sobre usted. Tambi\u00e9n tiene derecho a revocar en cualquier momento su consentimiento al uso de sus datos personales para el futuro.<\/p><p>Para obtener informaci\u00f3n, p\u00f3ngase en contacto con el proveedor utilizando los datos de contacto que figuran en el aviso legal.<\/p>\t\t\t\t\t\t\t\t<\/div>\n\t\t\t\t<\/div>\n\t\t\t\t\t<\/div>\n\t\t\t\t<\/div>\n\t\t\t\t<\/div>","protected":false},"excerpt":{"rendered":"<p>Privacy policy Privacy PolicyBelow, we would like to inform you about our privacy policy. Here, you will find information about the collection and use of personal data when using our website. We comply with the data protection laws applicable in Germany. You can access this statement at any time on our website. We explicitly point [&hellip;]<\/p>","protected":false},"author":74,"featured_media":0,"parent":0,"menu_order":0,"comment_status":"closed","ping_status":"closed","template":"","meta":{"_acf_changed":false,"footnotes":""},"folder":[],"class_list":["post-40479","page","type-page","status-publish","hentry"],"acf":[],"_links":{"self":[{"href":"https:\/\/exposed-concrete-franchise.com\/es\/wp-json\/wp\/v2\/pages\/40479","targetHints":{"allow":["GET"]}}],"collection":[{"href":"https:\/\/exposed-concrete-franchise.com\/es\/wp-json\/wp\/v2\/pages"}],"about":[{"href":"https:\/\/exposed-concrete-franchise.com\/es\/wp-json\/wp\/v2\/types\/page"}],"author":[{"embeddable":true,"href":"https:\/\/exposed-concrete-franchise.com\/es\/wp-json\/wp\/v2\/users\/74"}],"replies":[{"embeddable":true,"href":"https:\/\/exposed-concrete-franchise.com\/es\/wp-json\/wp\/v2\/comments?post=40479"}],"version-history":[{"count":7,"href":"https:\/\/exposed-concrete-franchise.com\/es\/wp-json\/wp\/v2\/pages\/40479\/revisions"}],"predecessor-version":[{"id":40491,"href":"https:\/\/exposed-concrete-franchise.com\/es\/wp-json\/wp\/v2\/pages\/40479\/revisions\/40491"}],"wp:attachment":[{"href":"https:\/\/exposed-concrete-franchise.com\/es\/wp-json\/wp\/v2\/media?parent=40479"}],"wp:term":[{"taxonomy":"folder","embeddable":true,"href":"https:\/\/exposed-concrete-franchise.com\/es\/wp-json\/wp\/v2\/folder?post=40479"}],"curies":[{"name":"wp","href":"https:\/\/api.w.org\/{rel}","templated":true}]}}