{"id":41282,"date":"2025-09-29T15:35:13","date_gmt":"2025-09-29T13:35:13","guid":{"rendered":"https:\/\/exposed-concrete-franchise.com\/?page_id=41282"},"modified":"2025-10-08T17:25:24","modified_gmt":"2025-10-08T15:25:24","slug":"benefits","status":"publish","type":"page","link":"https:\/\/exposed-concrete-franchise.com\/de\/benefits\/","title":{"rendered":"Vorteile"},"content":{"rendered":"<div data-elementor-type=\"wp-page\" data-elementor-id=\"41282\" class=\"elementor elementor-41282\" data-elementor-post-type=\"page\">\n\t\t\t\t<div class=\"elementor-element elementor-element-1ef03dd e-flex e-con-boxed e-con e-parent\" data-id=\"1ef03dd\" data-element_type=\"container\" data-e-type=\"container\" data-settings=\"{&quot;background_background&quot;:&quot;classic&quot;,&quot;jet_parallax_layout_list&quot;:[]}\">\n\t\t\t\t\t<div class=\"e-con-inner\">\n\t\t<div class=\"elementor-element elementor-element-ff0ac9f e-flex e-con-boxed e-con e-child\" data-id=\"ff0ac9f\" data-element_type=\"container\" data-e-type=\"container\" data-settings=\"{&quot;jet_parallax_layout_list&quot;:[]}\">\n\t\t\t\t\t<div class=\"e-con-inner\">\n\t\t\t\t<div class=\"elementor-element elementor-element-d4f6846 elementor-widget elementor-widget-heading\" data-id=\"d4f6846\" data-element_type=\"widget\" data-e-type=\"widget\" data-widget_type=\"heading.default\">\n\t\t\t\t<div class=\"elementor-widget-container\">\n\t\t\t\t\t<h2 class=\"elementor-heading-title elementor-size-default\">Vorteile<\/h2>\t\t\t\t<\/div>\n\t\t\t\t<\/div>\n\t\t\t\t\t<\/div>\n\t\t\t\t<\/div>\n\t\t\t\t\t<\/div>\n\t\t\t\t<\/div>\n\t\t<div class=\"elementor-element elementor-element-32dbb54 e-flex e-con-boxed e-con e-parent\" data-id=\"32dbb54\" data-element_type=\"container\" data-e-type=\"container\" data-settings=\"{&quot;jet_parallax_layout_list&quot;:[]}\">\n\t\t\t\t\t<div class=\"e-con-inner\">\n\t\t<div class=\"elementor-element elementor-element-f1f68d0 e-con-full e-flex e-con e-child\" data-id=\"f1f68d0\" data-element_type=\"container\" data-e-type=\"container\" data-settings=\"{&quot;jet_parallax_layout_list&quot;:[]}\">\n\t\t\t\t<div class=\"elementor-element elementor-element-f9a02b8 elementor-widget elementor-widget-heading\" data-id=\"f9a02b8\" data-element_type=\"widget\" data-e-type=\"widget\" data-widget_type=\"heading.default\">\n\t\t\t\t<div class=\"elementor-widget-container\">\n\t\t\t\t\t<h2 class=\"elementor-heading-title elementor-size-default\">Markenst\u00e4rke und unmittelbare Marktpr\u00e4senz<\/h2>\t\t\t\t<\/div>\n\t\t\t\t<\/div>\n\t\t\t\t<div class=\"elementor-element elementor-element-6b7da8b elementor-widget__width-initial elementor-widget elementor-widget-text-editor\" data-id=\"6b7da8b\" data-element_type=\"widget\" data-e-type=\"widget\" data-widget_type=\"text-editor.default\">\n\t\t\t\t<div class=\"elementor-widget-container\">\n\t\t\t\t\t\t\t\t\t<p>Die Marke Beconart ist EU-weit gesch\u00fctzt und genie\u00dft in vielen europ\u00e4ischen L\u00e4ndern und dar\u00fcber hinaus einen hohen Bekanntheitsgrad - vor allem bei anspruchsvollen Architekturprojekten. Hochwertige Referenzen &amp; Testimonials unterstreichen dies: Projekte wie Stuttgart 21, der Karlsruher Stadtbahntunnel, die Universit\u00e4t Potsdam, 5th Avenue New York und der Grenzturm Bleckede zeigen Kompetenz in komplexen Zusammenh\u00e4ngen. Aussagen von Architekten und Bauherren best\u00e4tigen Vertrauen, Qualit\u00e4t, Termintreue und hoch\u00e4sthetische Ergebnisse - ein starker Anker f\u00fcr potenzielle Lizenznehmer.<\/p>\t\t\t\t\t\t\t\t<\/div>\n\t\t\t\t<\/div>\n\t\t\t\t<div class=\"elementor-element elementor-element-d4c34e8 elementor-mobile-align-center elementor-widget elementor-widget-global elementor-global-33601 elementor-widget-button\" data-id=\"d4c34e8\" data-element_type=\"widget\" data-e-type=\"widget\" data-widget_type=\"button.default\">\n\t\t\t\t<div class=\"elementor-widget-container\">\n\t\t\t\t\t\t\t\t\t<div class=\"elementor-button-wrapper\">\n\t\t\t\t\t<a class=\"elementor-button elementor-button-link elementor-size-sm\" href=\"https:\/\/exposed-concrete-franchise.com\/de\/#kontakt\">\n\t\t\t\t\t\t<span class=\"elementor-button-content-wrapper\">\n\t\t\t\t\t\t\t\t\t<span class=\"elementor-button-text\">Kontakt<\/span>\n\t\t\t\t\t<\/span>\n\t\t\t\t\t<\/a>\n\t\t\t\t<\/div>\n\t\t\t\t\t\t\t\t<\/div>\n\t\t\t\t<\/div>\n\t\t\t\t<\/div>\n\t\t<div class=\"elementor-element elementor-element-43de31f e-con-full elementor-hidden-mobile e-flex e-con e-child\" data-id=\"43de31f\" data-element_type=\"container\" data-e-type=\"container\" data-settings=\"{&quot;jet_parallax_layout_list&quot;:[]}\">\n\t\t\t\t<\/div>\n\t\t<div class=\"elementor-element elementor-element-dbb1049 e-con-full e-flex e-con e-child\" data-id=\"dbb1049\" data-element_type=\"container\" data-e-type=\"container\" data-settings=\"{&quot;background_background&quot;:&quot;classic&quot;,&quot;jet_parallax_layout_list&quot;:[]}\">\n\t\t\t\t<\/div>\n\t\t\t\t\t<\/div>\n\t\t\t\t<\/div>\n\t\t<div class=\"elementor-element elementor-element-e1a11cd e-flex e-con-boxed e-con e-parent\" data-id=\"e1a11cd\" data-element_type=\"container\" data-e-type=\"container\" data-settings=\"{&quot;jet_parallax_layout_list&quot;:[]}\">\n\t\t\t\t\t<div class=\"e-con-inner\">\n\t\t<div class=\"elementor-element elementor-element-3776630 e-con-full e-flex e-con e-child\" data-id=\"3776630\" data-element_type=\"container\" data-e-type=\"container\" data-settings=\"{&quot;jet_parallax_layout_list&quot;:[]}\">\n\t\t\t\t<div class=\"elementor-element elementor-element-191fcd9 elementor-widget elementor-widget-heading\" data-id=\"191fcd9\" data-element_type=\"widget\" data-e-type=\"widget\" data-widget_type=\"heading.default\">\n\t\t\t\t<div class=\"elementor-widget-container\">\n\t\t\t\t\t<h2 class=\"elementor-heading-title elementor-size-default\">Breites Portfolio &amp; starke Differenzierung<\/h2>\t\t\t\t<\/div>\n\t\t\t\t<\/div>\n\t\t\t\t<div class=\"elementor-element elementor-element-f3b02fb elementor-widget__width-initial elementor-widget elementor-widget-text-editor\" data-id=\"f3b02fb\" data-element_type=\"widget\" data-e-type=\"widget\" data-widget_type=\"text-editor.default\">\n\t\t\t\t<div class=\"elementor-widget-container\">\n\t\t\t\t\t\t\t\t\t<p>Von der Kosmetik und Retusche \u00fcber die Brandschadensanierung, Betonverglasung\/Farbveredelung, Entbuschung und Graffitientfernung deckt Beconart nahezu alle Aspekte von Sichtbetonarbeiten ab. Dar\u00fcber hinaus zeichnen sich Leicht- und Infraleichtbetonl\u00f6sungen nicht nur optisch, sondern auch bauphysikalisch (z.B. thermische Leistung) aus. Ein strukturierter Einstieg &amp; lokale Pr\u00e4senz unterst\u00fctzt Partner mit etablierten Standorten in Deutschland (M\u00fcnchen, Stuttgart, Berlin, Frankfurt, Hamburg) sowie in der Schweiz, Norwegen, D\u00e4nemark, Portugal und anderen L\u00e4ndern und gew\u00e4hrleistet eine einheitliche Ausbildung, Wissensaustausch und langfristige Prozessoptimierung.<\/p>\t\t\t\t\t\t\t\t<\/div>\n\t\t\t\t<\/div>\n\t\t\t\t<div class=\"elementor-element elementor-element-c9d1d26 elementor-widget elementor-widget-button\" data-id=\"c9d1d26\" data-element_type=\"widget\" data-e-type=\"widget\" data-widget_type=\"button.default\">\n\t\t\t\t<div class=\"elementor-widget-container\">\n\t\t\t\t\t\t\t\t\t<div class=\"elementor-button-wrapper\">\n\t\t\t\t\t<a class=\"elementor-button elementor-button-link elementor-size-sm\" href=\"https:\/\/exposed-concrete-franchise.com\/de\/#kontakt\">\n\t\t\t\t\t\t<span class=\"elementor-button-content-wrapper\">\n\t\t\t\t\t\t\t\t\t<span class=\"elementor-button-text\">Buchen Sie ein Treffen<\/span>\n\t\t\t\t\t<\/span>\n\t\t\t\t\t<\/a>\n\t\t\t\t<\/div>\n\t\t\t\t\t\t\t\t<\/div>\n\t\t\t\t<\/div>\n\t\t\t\t<\/div>\n\t\t<div class=\"elementor-element elementor-element-54ad5ed e-con-full elementor-hidden-mobile e-flex e-con e-child\" data-id=\"54ad5ed\" data-element_type=\"container\" data-e-type=\"container\" data-settings=\"{&quot;jet_parallax_layout_list&quot;:[]}\">\n\t\t\t\t<\/div>\n\t\t<div class=\"elementor-element elementor-element-715ef9d e-con-full e-flex e-con e-child\" data-id=\"715ef9d\" data-element_type=\"container\" data-e-type=\"container\" data-settings=\"{&quot;background_background&quot;:&quot;classic&quot;,&quot;jet_parallax_layout_list&quot;:[]}\">\n\t\t\t\t<\/div>\n\t\t\t\t\t<\/div>\n\t\t\t\t<\/div>\n\t\t<div class=\"elementor-element elementor-element-9040ee8 e-flex e-con-boxed e-con e-parent\" data-id=\"9040ee8\" data-element_type=\"container\" data-e-type=\"container\" data-settings=\"{&quot;jet_parallax_layout_list&quot;:[]}\">\n\t\t\t\t\t<div class=\"e-con-inner\">\n\t\t<div class=\"elementor-element elementor-element-828a876 e-con-full e-flex e-con e-child\" data-id=\"828a876\" data-element_type=\"container\" data-e-type=\"container\" data-settings=\"{&quot;jet_parallax_layout_list&quot;:[]}\">\n\t\t\t\t<div class=\"elementor-element elementor-element-6ae196f elementor-widget elementor-widget-heading\" data-id=\"6ae196f\" data-element_type=\"widget\" data-e-type=\"widget\" data-widget_type=\"heading.default\">\n\t\t\t\t<div class=\"elementor-widget-container\">\n\t\t\t\t\t<h2 class=\"elementor-heading-title elementor-size-default\">Effiziente Prozesse &amp; schneller ROI<\/h2>\t\t\t\t<\/div>\n\t\t\t\t<\/div>\n\t\t\t\t<div class=\"elementor-element elementor-element-5e18696 elementor-widget__width-initial elementor-widget elementor-widget-text-editor\" data-id=\"5e18696\" data-element_type=\"widget\" data-e-type=\"widget\" data-widget_type=\"text-editor.default\">\n\t\t\t\t<div class=\"elementor-widget-container\">\n\t\t\t\t\t\t\t\t\t<p>Etablierte Verfahren und Markenakzeptanz helfen den Partnern, Vertr\u00e4ge schneller zu gewinnen, effizient zu arbeiten und solide Margen zu erzielen. Die Partner behalten ihre regionale Flexibilit\u00e4t - Preisgestaltung, Teamstruktur und Gesch\u00e4ftsentwicklung k\u00f6nnen an die lokalen Bed\u00fcrfnisse angepasst werden - und profitieren gleichzeitig von der bew\u00e4hrten Struktur, Marktpr\u00e4senz und Qualit\u00e4tsf\u00fchrerschaft von Beconart. Unsere Organisationsentwicklung zielt darauf ab, die t\u00e4gliche Arbeit ansprechend und inspirierend zu gestalten; die Zugeh\u00f6rigkeit zu einem professionellen, europaweiten Netzwerk f\u00f6rdert den Wissenstransfer und die Zusammenarbeit. Im Premium-Segment positioniert, sorgen Dienstleistungen wie \u00fcbergabefertige Oberfl\u00e4chen und Brandschadensanierung f\u00fcr Kundenzufriedenheit und Weiterempfehlungen - ein klares Unterscheidungsmerkmal f\u00fcr nachhaltiges Wachstum.<\/p>\t\t\t\t\t\t\t\t<\/div>\n\t\t\t\t<\/div>\n\t\t\t\t<div class=\"elementor-element elementor-element-e5c5afa elementor-widget elementor-widget-button\" data-id=\"e5c5afa\" data-element_type=\"widget\" data-e-type=\"widget\" data-widget_type=\"button.default\">\n\t\t\t\t<div class=\"elementor-widget-container\">\n\t\t\t\t\t\t\t\t\t<div class=\"elementor-button-wrapper\">\n\t\t\t\t\t<a class=\"elementor-button elementor-button-link elementor-size-sm\" href=\"https:\/\/exposed-concrete-franchise.com\/de\/#kontakt\">\n\t\t\t\t\t\t<span class=\"elementor-button-content-wrapper\">\n\t\t\t\t\t\t\t\t\t<span class=\"elementor-button-text\">Werden Sie Mitglied der Familie<\/span>\n\t\t\t\t\t<\/span>\n\t\t\t\t\t<\/a>\n\t\t\t\t<\/div>\n\t\t\t\t\t\t\t\t<\/div>\n\t\t\t\t<\/div>\n\t\t\t\t<\/div>\n\t\t<div class=\"elementor-element elementor-element-ae7c2e2 e-con-full elementor-hidden-mobile e-flex e-con e-child\" data-id=\"ae7c2e2\" data-element_type=\"container\" data-e-type=\"container\" data-settings=\"{&quot;jet_parallax_layout_list&quot;:[]}\">\n\t\t\t\t<\/div>\n\t\t<div class=\"elementor-element elementor-element-eb01c14 e-con-full e-flex e-con e-child\" data-id=\"eb01c14\" data-element_type=\"container\" data-e-type=\"container\" data-settings=\"{&quot;background_background&quot;:&quot;classic&quot;,&quot;jet_parallax_layout_list&quot;:[]}\">\n\t\t\t\t<\/div>\n\t\t\t\t\t<\/div>\n\t\t\t\t<\/div>\n\t\t<div class=\"elementor-element elementor-element-2951ef8 e-flex e-con-boxed e-con e-parent\" data-id=\"2951ef8\" data-element_type=\"container\" data-e-type=\"container\" data-settings=\"{&quot;jet_parallax_layout_list&quot;:[]}\">\n\t\t\t\t\t<div class=\"e-con-inner\">\n\t\t\t\t\t<\/div>\n\t\t\t\t<\/div>\n\t\t\t\t<\/div>","protected":false},"excerpt":{"rendered":"<p>Vorteile Markenst\u00e4rke &amp; unmittelbare Marktpr\u00e4senz Die Marke Beconart ist EU-weit gesch\u00fctzt und genie\u00dft in vielen europ\u00e4ischen L\u00e4ndern und dar\u00fcber hinaus einen hohen Bekanntheitsgrad - vor allem bei anspruchsvollen Architekturprojekten. Hochwertige Referenzen &amp; Testimonials unterstreichen dies: Projekte wie Stuttgart 21, der Karlsruher Stadtbahntunnel, die Universit\u00e4t Potsdam, 5th Avenue New York und die Grenze Bleckede [...]<\/p>","protected":false},"author":74,"featured_media":0,"parent":0,"menu_order":0,"comment_status":"closed","ping_status":"closed","template":"","meta":{"_acf_changed":false,"footnotes":""},"folder":[],"class_list":["post-41282","page","type-page","status-publish","hentry"],"acf":[],"_links":{"self":[{"href":"https:\/\/exposed-concrete-franchise.com\/de\/wp-json\/wp\/v2\/pages\/41282","targetHints":{"allow":["GET"]}}],"collection":[{"href":"https:\/\/exposed-concrete-franchise.com\/de\/wp-json\/wp\/v2\/pages"}],"about":[{"href":"https:\/\/exposed-concrete-franchise.com\/de\/wp-json\/wp\/v2\/types\/page"}],"author":[{"embeddable":true,"href":"https:\/\/exposed-concrete-franchise.com\/de\/wp-json\/wp\/v2\/users\/74"}],"replies":[{"embeddable":true,"href":"https:\/\/exposed-concrete-franchise.com\/de\/wp-json\/wp\/v2\/comments?post=41282"}],"version-history":[{"count":22,"href":"https:\/\/exposed-concrete-franchise.com\/de\/wp-json\/wp\/v2\/pages\/41282\/revisions"}],"predecessor-version":[{"id":41485,"href":"https:\/\/exposed-concrete-franchise.com\/de\/wp-json\/wp\/v2\/pages\/41282\/revisions\/41485"}],"wp:attachment":[{"href":"https:\/\/exposed-concrete-franchise.com\/de\/wp-json\/wp\/v2\/media?parent=41282"}],"wp:term":[{"taxonomy":"folder","embeddable":true,"href":"https:\/\/exposed-concrete-franchise.com\/de\/wp-json\/wp\/v2\/folder?post=41282"}],"curies":[{"name":"wp","href":"https:\/\/api.w.org\/{rel}","templated":true}]}}