{"id":41280,"date":"2025-09-29T15:34:42","date_gmt":"2025-09-29T13:34:42","guid":{"rendered":"https:\/\/exposed-concrete-franchise.com\/?page_id=41280"},"modified":"2025-10-07T10:56:00","modified_gmt":"2025-10-07T08:56:00","slug":"franchise-overview","status":"publish","type":"page","link":"https:\/\/exposed-concrete-franchise.com\/de\/franchise-overview\/","title":{"rendered":"Franchise-\u00dcbersicht"},"content":{"rendered":"<div data-elementor-type=\"wp-page\" data-elementor-id=\"41280\" class=\"elementor elementor-41280\" data-elementor-post-type=\"page\">\n\t\t\t\t<div class=\"elementor-element elementor-element-fefccc0 e-flex e-con-boxed e-con e-parent\" data-id=\"fefccc0\" data-element_type=\"container\" data-e-type=\"container\" data-settings=\"{&quot;background_background&quot;:&quot;classic&quot;,&quot;jet_parallax_layout_list&quot;:[]}\">\n\t\t\t\t\t<div class=\"e-con-inner\">\n\t\t<div class=\"elementor-element elementor-element-fbfb2f1 e-flex e-con-boxed e-con e-child\" data-id=\"fbfb2f1\" data-element_type=\"container\" data-e-type=\"container\" data-settings=\"{&quot;jet_parallax_layout_list&quot;:[]}\">\n\t\t\t\t\t<div class=\"e-con-inner\">\n\t\t\t\t<div class=\"elementor-element elementor-element-47dc6c8 elementor-widget elementor-widget-heading\" data-id=\"47dc6c8\" data-element_type=\"widget\" data-e-type=\"widget\" data-widget_type=\"heading.default\">\n\t\t\t\t<div class=\"elementor-widget-container\">\n\t\t\t\t\t<h2 class=\"elementor-heading-title elementor-size-default\">Franchise<br>\u00dcbersicht<\/h2>\t\t\t\t<\/div>\n\t\t\t\t<\/div>\n\t\t\t\t\t<\/div>\n\t\t\t\t<\/div>\n\t\t\t\t\t<\/div>\n\t\t\t\t<\/div>\n\t\t<div class=\"elementor-element elementor-element-fbf31d9 e-flex e-con-boxed e-con e-parent\" data-id=\"fbf31d9\" data-element_type=\"container\" data-e-type=\"container\" data-settings=\"{&quot;jet_parallax_layout_list&quot;:[]}\">\n\t\t\t\t\t<div class=\"e-con-inner\">\n\t\t<div class=\"elementor-element elementor-element-353dbb7 e-con-full e-flex e-con e-child\" data-id=\"353dbb7\" data-element_type=\"container\" data-e-type=\"container\" data-settings=\"{&quot;jet_parallax_layout_list&quot;:[]}\">\n\t\t\t\t<div class=\"elementor-element elementor-element-a2fbdcd elementor-widget elementor-widget-heading\" data-id=\"a2fbdcd\" data-element_type=\"widget\" data-e-type=\"widget\" data-widget_type=\"heading.default\">\n\t\t\t\t<div class=\"elementor-widget-container\">\n\t\t\t\t\t<h2 class=\"elementor-heading-title elementor-size-default\">Beconart \n<br>- \"Wir machen Beton sichtbar.\"<\/h2>\t\t\t\t<\/div>\n\t\t\t\t<\/div>\n\t\t\t\t<div class=\"elementor-element elementor-element-5025d18 elementor-widget elementor-widget-heading\" data-id=\"5025d18\" data-element_type=\"widget\" data-e-type=\"widget\" data-widget_type=\"heading.default\">\n\t\t\t\t<div class=\"elementor-widget-container\">\n\t\t\t\t\t<h2 class=\"elementor-heading-title elementor-size-default\">Beconart ist ein europaweit t\u00e4tiges und international registriertes Unternehmen<\/h2>\t\t\t\t<\/div>\n\t\t\t\t<\/div>\n\t\t\t\t<div class=\"elementor-element elementor-element-c084280 elementor-widget__width-initial elementor-widget elementor-widget-text-editor\" data-id=\"c084280\" data-element_type=\"widget\" data-e-type=\"widget\" data-widget_type=\"text-editor.default\">\n\t\t\t\t<div class=\"elementor-widget-container\">\n\t\t\t\t\t\t\t\t\t<p>Spezialisiert auf Nachbearbeitung, Reparatur, Retusche, Kosmetik, Sanierung, Schutz, Pflege und Instandhaltung von Sichtbetonoberfl\u00e4chen - inklusive Planung, Konzept und Projektdurchf\u00fchrung. Wir arbeiten mit Einsatzteams rund um den Globus.<\/p><ul data-start=\"772\" data-end=\"1491\"><li data-start=\"772\" data-end=\"866\"><p data-start=\"774\" data-end=\"866\"><strong data-start=\"774\" data-end=\"803\">Etablierte Premiummarke<\/strong> mit hohem Wiedererkennungswert und positiver Kundenwahrnehmung<\/p><\/li><li data-start=\"867\" data-end=\"935\"><p data-start=\"869\" data-end=\"935\"><strong data-start=\"869\" data-end=\"899\">Bew\u00e4hrtes und skalierbares System<\/strong> f\u00fcr effiziente Gesch\u00e4ftsabl\u00e4ufe<\/p><\/li><li data-start=\"936\" data-end=\"1003\"><p data-start=\"938\" data-end=\"1003\"><strong data-start=\"938\" data-end=\"960\">Exklusive Produkte<\/strong> mit gesch\u00fctztem Design und einzigartiger Haptik<\/p><\/li><li data-start=\"1004\" data-end=\"1092\"><p data-start=\"1006\" data-end=\"1092\"><strong data-start=\"1006\" data-end=\"1042\">Umfassende Schulung und Unterst\u00fctzung<\/strong> in technischen, betrieblichen und kaufm\u00e4nnischen Bereichen<\/p><\/li><li data-start=\"1093\" data-end=\"1179\"><p data-start=\"1095\" data-end=\"1179\"><strong data-start=\"1095\" data-end=\"1129\">Wirksame Marketingstrategien<\/strong> die kontinuierlich Leads und Sichtbarkeit generieren<\/p><\/li><li data-start=\"1180\" data-end=\"1255\"><p data-start=\"1182\" data-end=\"1255\"><strong data-start=\"1182\" data-end=\"1220\">Attraktive und transparente Renditen<\/strong> durch eine klare Margenstruktur<\/p><\/li><li data-start=\"1256\" data-end=\"1351\"><p data-start=\"1258\" data-end=\"1351\"><strong data-start=\"1258\" data-end=\"1285\">Starkes Wachstumspotenzial<\/strong> in den Bereichen Neubau, Renovierung und Denkmalschutz<\/p><\/li><li data-start=\"1352\" data-end=\"1491\"><p data-start=\"1354\" data-end=\"1491\"><strong data-start=\"1354\" data-end=\"1402\">Nachhaltigkeit und langfristige Werterhaltung<\/strong> durch ressourcenschonende Oberfl\u00e4chenbehandlung und verl\u00e4ngerte Lebensdauer von Betonbauwerken<\/p><\/li><\/ul><p data-start=\"1493\" data-end=\"1655\">\u00a0<\/p>\t\t\t\t\t\t\t\t<\/div>\n\t\t\t\t<\/div>\n\t\t\t\t<div class=\"elementor-element elementor-element-afc755a elementor-mobile-align-center elementor-widget elementor-widget-button\" data-id=\"afc755a\" data-element_type=\"widget\" data-e-type=\"widget\" data-widget_type=\"button.default\">\n\t\t\t\t<div class=\"elementor-widget-container\">\n\t\t\t\t\t\t\t\t\t<div class=\"elementor-button-wrapper\">\n\t\t\t\t\t<a class=\"elementor-button elementor-button-link elementor-size-sm\" href=\"https:\/\/exposed-concrete-franchise.com\/de\/#kontakt\">\n\t\t\t\t\t\t<span class=\"elementor-button-content-wrapper\">\n\t\t\t\t\t\t\t\t\t<span class=\"elementor-button-text\">Buchen Sie ein Treffen<\/span>\n\t\t\t\t\t<\/span>\n\t\t\t\t\t<\/a>\n\t\t\t\t<\/div>\n\t\t\t\t\t\t\t\t<\/div>\n\t\t\t\t<\/div>\n\t\t\t\t<\/div>\n\t\t<div class=\"elementor-element elementor-element-5096e1a e-con-full elementor-hidden-mobile e-flex e-con e-child\" data-id=\"5096e1a\" data-element_type=\"container\" data-e-type=\"container\" data-settings=\"{&quot;jet_parallax_layout_list&quot;:[]}\">\n\t\t\t\t<\/div>\n\t\t<div class=\"elementor-element elementor-element-48779ab e-con-full e-flex e-con e-child\" data-id=\"48779ab\" data-element_type=\"container\" data-e-type=\"container\" data-settings=\"{&quot;background_background&quot;:&quot;classic&quot;,&quot;jet_parallax_layout_list&quot;:[]}\">\n\t\t\t\t<\/div>\n\t\t\t\t\t<\/div>\n\t\t\t\t<\/div>\n\t\t<div class=\"elementor-element elementor-element-e5f4d93 e-flex e-con-boxed e-con e-parent\" data-id=\"e5f4d93\" data-element_type=\"container\" data-e-type=\"container\" data-settings=\"{&quot;background_background&quot;:&quot;classic&quot;,&quot;jet_parallax_layout_list&quot;:[]}\">\n\t\t\t\t\t<div class=\"e-con-inner\">\n\t\t<div class=\"elementor-element elementor-element-b4c7297 e-con-full e-flex e-con e-child\" data-id=\"b4c7297\" data-element_type=\"container\" data-e-type=\"container\" data-settings=\"{&quot;background_background&quot;:&quot;classic&quot;,&quot;jet_parallax_layout_list&quot;:[]}\">\n\t\t\t\t<\/div>\n\t\t<div class=\"elementor-element elementor-element-5aa25c1 e-con-full e-flex e-con e-child\" data-id=\"5aa25c1\" data-element_type=\"container\" data-e-type=\"container\" data-settings=\"{&quot;jet_parallax_layout_list&quot;:[]}\">\n\t\t<div class=\"elementor-element elementor-element-fa95aa2 e-flex e-con-boxed e-con e-child\" data-id=\"fa95aa2\" data-element_type=\"container\" data-e-type=\"container\" data-settings=\"{&quot;jet_parallax_layout_list&quot;:[]}\">\n\t\t\t\t\t<div class=\"e-con-inner\">\n\t\t\t\t<div class=\"elementor-element elementor-element-3854f93 elementor-widget elementor-widget-heading\" data-id=\"3854f93\" data-element_type=\"widget\" data-e-type=\"widget\" data-widget_type=\"heading.default\">\n\t\t\t\t<div class=\"elementor-widget-container\">\n\t\t\t\t\t<h2 class=\"elementor-heading-title elementor-size-default\">Beconart Franchise: <br>Aktiv in ganz Deutschland und Europa<\/h2>\t\t\t\t<\/div>\n\t\t\t\t<\/div>\n\t\t\t\t<div class=\"elementor-element elementor-element-3d9bc7f elementor-widget elementor-widget-text-editor\" data-id=\"3d9bc7f\" data-element_type=\"widget\" data-e-type=\"widget\" data-widget_type=\"text-editor.default\">\n\t\t\t\t<div class=\"elementor-widget-container\">\n\t\t\t\t\t\t\t\t\t<p>Komm zu einem f\u00fchrenden Spezialisten f\u00fcr <strong data-start=\"539\" data-end=\"598\">Sichtbetonsanierung, Kosmetik und Instandhaltung<\/strong>. Gewinne sofortige Kredibilit\u00e4t, Marketingunterst\u00fctzung und standardisierte Qualit\u00e4t, um schneller Projekte in Deutschland und Europa zu gewinnen.<\/p>\t\t\t\t\t\t\t\t<\/div>\n\t\t\t\t<\/div>\n\t\t\t\t<div class=\"elementor-element elementor-element-e92127d elementor-widget elementor-widget-button\" data-id=\"e92127d\" data-element_type=\"widget\" data-e-type=\"widget\" data-widget_type=\"button.default\">\n\t\t\t\t<div class=\"elementor-widget-container\">\n\t\t\t\t\t\t\t\t\t<div class=\"elementor-button-wrapper\">\n\t\t\t\t\t<a class=\"elementor-button elementor-button-link elementor-size-sm\" href=\"https:\/\/exposed-concrete-franchise.com\/de\/#kontakt\">\n\t\t\t\t\t\t<span class=\"elementor-button-content-wrapper\">\n\t\t\t\t\t\t\t\t\t<span class=\"elementor-button-text\">Franchise-Informationen anfordern<\/span>\n\t\t\t\t\t<\/span>\n\t\t\t\t\t<\/a>\n\t\t\t\t<\/div>\n\t\t\t\t\t\t\t\t<\/div>\n\t\t\t\t<\/div>\n\t\t\t\t\t<\/div>\n\t\t\t\t<\/div>\n\t\t\t\t<\/div>\n\t\t\t\t\t<\/div>\n\t\t\t\t<\/div>\n\t\t<div class=\"elementor-element elementor-element-58ef6e5 e-flex e-con-boxed e-con e-parent\" data-id=\"58ef6e5\" data-element_type=\"container\" data-e-type=\"container\" data-settings=\"{&quot;jet_parallax_layout_list&quot;:[]}\">\n\t\t\t\t\t<div class=\"e-con-inner\">\n\t\t<div class=\"elementor-element elementor-element-be8e59b e-con-full e-flex e-con e-child\" data-id=\"be8e59b\" data-element_type=\"container\" data-e-type=\"container\" data-settings=\"{&quot;jet_parallax_layout_list&quot;:[]}\">\n\t\t\t\t<div class=\"elementor-element elementor-element-f37f782 elementor-widget elementor-widget-heading\" data-id=\"f37f782\" data-element_type=\"widget\" data-e-type=\"widget\" data-widget_type=\"heading.default\">\n\t\t\t\t<div class=\"elementor-widget-container\">\n\t\t\t\t\t<h2 class=\"elementor-heading-title elementor-size-default\">Unser Plug-and-Play-Franchisemodell baut auf einer EU-registrierten Marke auf<\/h2>\t\t\t\t<\/div>\n\t\t\t\t<\/div>\n\t\t\t\t<div class=\"elementor-element elementor-element-b8f665e elementor-widget__width-initial elementor-widget elementor-widget-text-editor\" data-id=\"b8f665e\" data-element_type=\"widget\" data-e-type=\"widget\" data-widget_type=\"text-editor.default\">\n\t\t\t\t<div class=\"elementor-widget-container\">\n\t\t\t\t\t\t\t\t\t<p data-start=\"826\" data-end=\"1474\">Ideal f\u00fcr Partner, die von einem etablierten, rechtlich gesch\u00fctzten Namen profitieren. Beconart bietet zertifiziertes Know-how und Qualit\u00e4tsstandards in den Bereichen Sichtbetonkosmetik, Retusche, Sanierung, Restaurierung, Reinigung, Schutz und Instandhaltung sowie \u00fcbergabefertige Betonoberfl\u00e4chen - alles unter einem starken Markendach. Eine effiziente Infrastruktur und Betreuung, verankert in einer zentralen Organisationsentwicklung - gef\u00fchrt von Organisationsentwicklern und Kybernetikern - soll den Arbeitsalltag f\u00fcr die Partner attraktiv und effektiv gestalten.<\/p>\t\t\t\t\t\t\t\t<\/div>\n\t\t\t\t<\/div>\n\t\t\t\t<div class=\"elementor-element elementor-element-d3dc5e6 elementor-widget elementor-widget-button\" data-id=\"d3dc5e6\" data-element_type=\"widget\" data-e-type=\"widget\" data-widget_type=\"button.default\">\n\t\t\t\t<div class=\"elementor-widget-container\">\n\t\t\t\t\t\t\t\t\t<div class=\"elementor-button-wrapper\">\n\t\t\t\t\t<a class=\"elementor-button elementor-button-link elementor-size-sm\" href=\"https:\/\/exposed-concrete-franchise.com\/de\/#kontakt\">\n\t\t\t\t\t\t<span class=\"elementor-button-content-wrapper\">\n\t\t\t\t\t\t\t\t\t<span class=\"elementor-button-text\">Kontakt<\/span>\n\t\t\t\t\t<\/span>\n\t\t\t\t\t<\/a>\n\t\t\t\t<\/div>\n\t\t\t\t\t\t\t\t<\/div>\n\t\t\t\t<\/div>\n\t\t\t\t<\/div>\n\t\t<div class=\"elementor-element elementor-element-116ed99 e-con-full elementor-hidden-mobile e-flex e-con e-child\" data-id=\"116ed99\" data-element_type=\"container\" data-e-type=\"container\" data-settings=\"{&quot;jet_parallax_layout_list&quot;:[]}\">\n\t\t\t\t<\/div>\n\t\t<div class=\"elementor-element elementor-element-209c06a e-con-full e-flex e-con e-child\" data-id=\"209c06a\" data-element_type=\"container\" data-e-type=\"container\" data-settings=\"{&quot;background_background&quot;:&quot;classic&quot;,&quot;jet_parallax_layout_list&quot;:[]}\">\n\t\t\t\t<\/div>\n\t\t\t\t\t<\/div>\n\t\t\t\t<\/div>\n\t\t\t\t<\/div>","protected":false},"excerpt":{"rendered":"<p>FranchiseOverview Beconart \u2014 \u201cWe make concrete visible.\u201d Beconart is a Europe-wide active and internationally registered company Specializing in post-processing, repair, retouching, cosmetics, refurbishment, protection, care, and maintenance of exposed concrete surfaces\u2014including planning, concept, and project implementation. We operate with deployment teams all around the globe. Established premium brand with high recognition value and positive customer [&hellip;]<\/p>","protected":false},"author":74,"featured_media":0,"parent":0,"menu_order":0,"comment_status":"closed","ping_status":"closed","template":"","meta":{"_acf_changed":false,"footnotes":""},"folder":[],"class_list":["post-41280","page","type-page","status-publish","hentry"],"acf":[],"_links":{"self":[{"href":"https:\/\/exposed-concrete-franchise.com\/de\/wp-json\/wp\/v2\/pages\/41280","targetHints":{"allow":["GET"]}}],"collection":[{"href":"https:\/\/exposed-concrete-franchise.com\/de\/wp-json\/wp\/v2\/pages"}],"about":[{"href":"https:\/\/exposed-concrete-franchise.com\/de\/wp-json\/wp\/v2\/types\/page"}],"author":[{"embeddable":true,"href":"https:\/\/exposed-concrete-franchise.com\/de\/wp-json\/wp\/v2\/users\/74"}],"replies":[{"embeddable":true,"href":"https:\/\/exposed-concrete-franchise.com\/de\/wp-json\/wp\/v2\/comments?post=41280"}],"version-history":[{"count":49,"href":"https:\/\/exposed-concrete-franchise.com\/de\/wp-json\/wp\/v2\/pages\/41280\/revisions"}],"predecessor-version":[{"id":41463,"href":"https:\/\/exposed-concrete-franchise.com\/de\/wp-json\/wp\/v2\/pages\/41280\/revisions\/41463"}],"wp:attachment":[{"href":"https:\/\/exposed-concrete-franchise.com\/de\/wp-json\/wp\/v2\/media?parent=41280"}],"wp:term":[{"taxonomy":"folder","embeddable":true,"href":"https:\/\/exposed-concrete-franchise.com\/de\/wp-json\/wp\/v2\/folder?post=41280"}],"curies":[{"name":"wp","href":"https:\/\/api.w.org\/{rel}","templated":true}]}}