{"id":40492,"date":"2025-02-13T16:46:57","date_gmt":"2025-02-13T15:46:57","guid":{"rendered":"https:\/\/exposed-concrete-franchise.com\/?page_id=40492"},"modified":"2025-02-13T16:49:42","modified_gmt":"2025-02-13T15:49:42","slug":"terms-and-conditions","status":"publish","type":"page","link":"https:\/\/exposed-concrete-franchise.com\/de\/terms-and-conditions\/","title":{"rendered":"Bedingungen und Konditionen"},"content":{"rendered":"<div data-elementor-type=\"wp-page\" data-elementor-id=\"40492\" class=\"elementor elementor-40492\" data-elementor-post-type=\"page\">\n\t\t\t\t<div class=\"elementor-element elementor-element-48a354a9 e-con-full e-flex e-con e-parent\" data-id=\"48a354a9\" data-element_type=\"container\" data-e-type=\"container\" data-settings=\"{&quot;background_background&quot;:&quot;classic&quot;,&quot;jet_parallax_layout_list&quot;:[]}\">\n\t\t<div class=\"elementor-element elementor-element-7c8558af e-flex e-con-boxed e-con e-child\" data-id=\"7c8558af\" data-element_type=\"container\" data-e-type=\"container\" data-settings=\"{&quot;jet_parallax_layout_list&quot;:[]}\">\n\t\t\t\t\t<div class=\"e-con-inner\">\n\t\t\t\t<div class=\"elementor-element elementor-element-33d6785b elementor-widget elementor-widget-heading\" data-id=\"33d6785b\" data-element_type=\"widget\" data-e-type=\"widget\" data-widget_type=\"heading.default\">\n\t\t\t\t<div class=\"elementor-widget-container\">\n\t\t\t\t\t<h2 class=\"elementor-heading-title elementor-size-default\">Bedingungen und Konditionen<\/h2>\t\t\t\t<\/div>\n\t\t\t\t<\/div>\n\t\t\t\t\t<\/div>\n\t\t\t\t<\/div>\n\t\t\t\t<\/div>\n\t\t<div class=\"elementor-element elementor-element-1c8d366a e-flex e-con-boxed e-con e-parent\" data-id=\"1c8d366a\" data-element_type=\"container\" data-e-type=\"container\" data-settings=\"{&quot;jet_parallax_layout_list&quot;:[]}\">\n\t\t\t\t\t<div class=\"e-con-inner\">\n\t\t\t\t<div class=\"elementor-element elementor-element-5bf7eedd elementor-widget elementor-widget-text-editor\" data-id=\"5bf7eedd\" data-element_type=\"widget\" data-e-type=\"widget\" data-widget_type=\"text-editor.default\">\n\t\t\t\t<div class=\"elementor-widget-container\">\n\t\t\t\t\t\t\t\t\t<p><strong>1. Umfang der Bedingungen<\/strong><\/p><p>Die nachfolgenden Bedingungen regeln die Gesch\u00c3?ftsbeziehungen zwischen beconart und seinen Kunden. Die Webseiten, Firmen und Marken der Gesch\u00e4ftsleitung, einschlie\u00dflich der eingesehenen Angebote und Auftr\u00e4ge, sind ebenfalls enthalten.<br \/>Vertr\u00e4ge werden nur zu unseren Bestell-, Liefer- und Zahlungsbedingungen angenommen. Einkaufsbedingungen des Auftraggebers wird ausdr\u00fccklich widersprochen, es sei denn, sie werden im Einzelfall schriftlich anerkannt. Das Schweigen von beconart auf vorgelegte Vertrags- und Einkaufsbedingungen stellt keine Anerkennung dar. Vertrags- und Einkaufsbedingungen sind nur dann verbindlich, wenn wir sie ausdr\u00fccklich schriftlich best\u00e4tigt haben.<br \/>Entgegenstehende oder abweichende Vereinbarungen oder Erg\u00e4nzungen sowie m\u00fcndliche oder telefonische Absprachen sind nur verbindlich, wenn sie von uns schriftlich best\u00e4tigt werden.<br \/>Wir sind berechtigt, zur Erf\u00fcllung und Erbringung der vertraglich \u00fcbernommenen Verpflichtung andere qualifizierte Unternehmen, freiberufliche K\u00fcnstler und Unternehmer, Fachfirmen etc. einzuschalten, die uns unmittelbar unterstellt sind (Subunternehmerleistungen).<\/p><p><strong>2. Angebote<\/strong><\/p><p>Unsere Angebote sind stets freibleibend, unverbindlich und basieren auf unseren Allgemeinen Gesch\u00e4ftsbedingungen. Abweichende Vereinbarungen gelten nur, wenn sie im Angebot ausdr\u00fccklich und eindeutig schriftlich festgehalten und von uns schriftlich oder per E-Mail best\u00e4tigt werden. M\u00fcndliche Nebenabreden sind nicht zul\u00e4ssig.<br \/>F\u00fcr die Richtigkeit der technischen Daten und sonstigen Angaben in Preislisten, Rundschreiben, Katalogen und sonstigen Druckschriften sowie Herstellerprospekten \u00fcbernehmen wir keine Gew\u00e4hr. Technische \u00c4nderungen bleiben vorbehalten. Etwaige Abweichungen begr\u00fcnden keine Anspr\u00fcche, soweit sie dem Auftraggeber zumutbar sind.<\/p><p><strong>3. Vertragsabschluss und Vertragsinhalt<\/strong><\/p><p>Der Umfang der von beconart zu erbringenden Leistungen, die vom Auftraggeber zu zahlende Verg\u00fctung und die sonstigen erforderlichen Bedingungen werden in einem Einzel-, Werk- oder Rahmenvertrag zwischen beconart und dem Auftraggeber\/Vertragspartner festgelegt. Ein Vertrag kommt zustande, wenn der Auftraggeber ein unterschriebenes Vertragsexemplar (Bestellung) (im Einzelfall auch per E-Mail oder Fax) abgibt und beconart die Leistung und\/oder Materiallieferung erbringt. Alle beconart erteilten Auftr\u00c3?ge werden erst mit unserer schriftlichen Auftragsbest\u00c3?tigung oder mit dem Beginn der Arbeiten verbindlich. Mit der Auftragserteilung oder schriftlichen Best\u00e4tigung erkennt der Auftraggeber diese Bedingungen an. Sie sind in den entsprechenden Dokumenten ausdr\u00fccklich erw\u00e4hnt und k\u00f6nnen online eingesehen werden unter<br \/><a href=\"https:\/\/sicht-beton.com\/impressum-datenschutz\/\" target=\"_blank\" rel=\"noopener\">https:\/\/sicht-beton.com\/impressum-datenschutz\/<\/a>. Auf Anfrage stellen wir gedruckte oder digitale Versionen zur Verf\u00fcgung.<\/p><p><strong>4. Leistungserbringung \/ Ausf\u00fchrungsfristen<\/strong><\/p><p>Wird die von beconart geschuldete Leistungserbringung durch unvorhergesehene und unvermeidbare Umst\u00e4nde, wie z.B. Wind- und Wetterverh\u00e4ltnisse, Luft- und Bauteiltemperaturen durchg\u00e4ngig unter 5 Grad Celsius, Glasurverarbeitung bei Temperaturen unter 12 Grad Celsius, Regen bei Au\u00dfenarbeiten, Aussperrungen, Betriebs- und Verkehrsst\u00f6rungen aller Art (insbesondere in Zulieferbetrieben), au\u00dfergew\u00f6hnliche Umst\u00e4nde, h\u00f6here Gewalt, fehlende Baustellenzufahrt, Sperrung der Baustelle aufgrund beh\u00f6rdlicher Anordnungen, unvermeidbar verz\u00f6gert, so verl\u00e4ngert sich der vereinbarte Ausf\u00fchrungstermin entsprechend. Nicht von uns zu vertretende Stillst\u00e4nde, Ausf\u00e4lle oder Verz\u00f6gerungen sind vom Auftraggeber pro Mitarbeiter zuz\u00fcglich Nebenkosten wie Reisekosten, Spesen und gem\u00e4\u00df Dienstleistungsvertrag mit 80% zu verg\u00fcten. Ein geringerer Anspruch muss vom Auftraggeber nachgewiesen werden.<br \/>Wir weisen darauf hin, dass waagerechte Fl\u00e4chen, freiliegende Fl\u00e4chen, B\u00f6den und Risse der nat\u00fcrlichen Bewitterung, Bewegung oder Abnutzung unterliegen und wir keine Garantie f\u00fcr Haftfestigkeit, Farbechtheit oder Haltbarkeit \u00fcbernehmen k\u00f6nnen. Teilweise behandelte Au\u00dfenfl\u00e4chen k\u00f6nnen unter ver\u00e4nderten Witterungsbedingungen ein sehr inhomogenes Gesamtbild aufweisen. Die Entscheidung, nur Teile einer Fl\u00e4che zu bearbeiten, erfolgt auf ausdr\u00fccklichen Wunsch des Auftraggebers.<br \/>Die Leistungen werden nur erbracht, wenn die vom Auftraggeber gestellten bautechnischen Anforderungen erf\u00fcllt sind. Dazu geh\u00f6rt die Gew\u00e4hrleistung des ungehinderten Zugangs zur Baustelle und der Sicherheit. Erforderliche Versorgungseinrichtungen wie Strom, Wasser und Ger\u00fcste ab einer Arbeitsh\u00f6he von 3,20 m m\u00fcssen vom Auftraggeber bereitgestellt werden. Alternativ kann dies nach Freigabe der umliegenden Bodenfl\u00e4chen durch den Bauherrn gegen Aufpreis von beconart \u00fcbernommen werden. Zudem muss die Bereitstellung von Abstellpl\u00e4tzen f\u00fcr Fahrzeuge und Maschinen, entsprechend der Projektgr\u00f6\u00dfe, durch den Auftraggeber sichergestellt werden.<br \/>Genehmigungen von Eigent\u00fcmern, Beh\u00f6rden, etc. f\u00fcr eventuelle Stra\u00dfensperrungen, Abwasserentsorgung oder \u00e4hnliches sind nicht Bestandteil des Angebotes und m\u00fcssen vom Auftraggeber erbracht werden. Auf Wunsch k\u00f6nnen diese Aufgaben von beconart \u00fcbernommen werden und werden gesondert in Rechnung gestellt.<br \/>Soweit hier nicht anders geregelt, gelten f\u00fcr Aufma\u00df und Abrechnung die neuesten Fassungen der VOB\/B und VOB\/C.<\/p><p><strong>5. Akzeptanz<\/strong><\/p><p>Umfangreiche Arbeiten werden in der Regel w\u00f6chentlich vor Ort oder aus der Ferne zwischen dem Auftraggeber und beconart besprochen und schriftlich festgehalten. Bei Ausf\u00fchrungszeiten, die 4 Kalenderwochen \u00fcberschreiten, werden Fertigstellungsberichte in Abnahmeprotokollen \u00fcber die Ausf\u00fchrung und Teilabnahme dokumentiert. Nach Abschluss aller Arbeiten kann die Abnahme entweder pers\u00f6nlich vor Ort oder durch ein schriftliches Abnahmeprotokoll erfolgen. Mit der \u00dcberpr\u00fcfung der schriftlichen Schlussrechnung gilt die Leistung als abgenommen.<br \/>Die Abnahme erfolgt nach dem Werkvertragsrecht des BGB bzw. der VOB.<\/p><p><strong>6. Beanstandungen, M\u00e4ngelberichte und Haftung<\/strong><\/p><p>Beanstandungen wegen unvollst\u00e4ndiger oder unrichtiger Ausf\u00fchrung oder offensichtlicher M\u00e4ngel sind unverz\u00fcglich, sp\u00e4testens innerhalb von 8 Tagen nach Ausf\u00fchrung, schriftlich zu r\u00fcgen. Sonstige M\u00e4ngel sind unverz\u00fcglich nach Entdeckung schriftlich zu r\u00fcgen. Bei nicht rechtzeitiger Beanstandung und M\u00e4ngelanzeige gilt die erbrachte Leistung als abgenommen und es k\u00f6nnen keine weiteren Anspr\u00fcche geltend gemacht werden.<br \/>Werden M\u00e4ngel ger\u00fcgt, ist beconart berechtigt, die ger\u00fcgten Leistungen zu \u00fcberpr\u00fcfen und etwaige M\u00e4ngel zu beseitigen.<br \/>Bei der Geltendmachung von M\u00e4ngeln an einzelnen Positionen wird die Bearbeitung der \u00fcbrigen Leistungen fortgesetzt, als ob keine Beanstandungen vorl\u00e4gen.<br \/>F\u00fchrt der Kunde ohne Zustimmung von beconart Nachbesserungsarbeiten durch, entfallen s\u00e4mtliche Gew\u00e4hrleistungsanspr\u00fcche gegen\u00fcber beconart.<\/p><p><strong>7. Bestimmungen f\u00fcr Materiallieferungen<\/strong><\/p><p>Die Materiallieferung erfolgt nach Eingang einer schriftlichen Bestellung und h\u00e4ngt von den logistischen Bedingungen ab.<br \/>Die in den technischen Datenbl\u00e4ttern und Sicherheitsdatenbl\u00e4ttern enthaltenen Normen m\u00fcssen bei der Materialverarbeitung beachtet werden. R\u00fccksendungen von gelieferten Waren werden nicht angenommen.<br \/>Bei Materiallieferungen an den Auftraggeber oder eine Baustellenadresse geht die Gefahr des zuf\u00e4lligen Untergangs oder der zuf\u00e4lligen Verschlechterung der Ware mit der Absendung, sp\u00e4testens mit Verlassen des Lagers, auf den Auftraggeber \u00fcber.<\/p><p><strong>8. Preise und Zahlungsbedingungen<\/strong><\/p><p>Alle Preisangaben sind Nettopreise zuz\u00fcglich der jeweils g\u00fcltigen gesetzlichen Umsatzsteuer bzw. unter Ber\u00fccksichtigung des Reverse-Charge-Verfahrens nach \u00a7 13b UStG. Zahlungen haben innerhalb der vereinbarten Zahlungsfrist nach Rechnungsstellung zu erfolgen. Unsere \u00fcblichen Zahlungsfristen betragen 5 Kalendertage netto. Die Geltendmachung von Verzugssch\u00e4den bleibt vorbehalten.<br \/>Gegen Anspr\u00fcche von beconart kann der Kunde nur mit unbestrittenen oder rechtskr\u00e4ftig festgestellten Anspr\u00fcchen aufrechnen. Ein Zur\u00fcckbehaltungsrecht steht dem Auftraggeber nur zu, wenn sein Gegenanspruch auf dem Vertragsverh\u00e4ltnis beruht.<br \/>Beanstandungen von Rechnungen m\u00fcssen innerhalb einer Woche nach Erhalt schriftlich eingereicht werden. Andernfalls gilt unsere Rechnung als anerkannt.<\/p><p><strong>9. Vorauszahlungen\/Teilzahlungen<\/strong><\/p><p>Bei Neukunden verlangen wir in der Regel mit der Auftragsbest\u00e4tigung eine Anzahlung in H\u00f6he des vollen Auftragswertes. Wir sind nicht verpflichtet, Lieferungen oder Leistungen vor Eingang der Vorauszahlung zu erbringen.<br \/>F\u00f6rmliche Abnahmen und Abschlagszahlungen erfolgen entsprechend dem Baufortschritt. Bei Ausf\u00fchrungszeiten von mehr als 5 Kalendertagen gelten w\u00f6chentliche Abschlagszahlungen als vereinbart.<br \/>Zahlungen sind nur auf das in der Rechnung angegebene Konto zu leisten. Bei nicht rechtzeitigem Eingang von Teilzahlungen sind wir berechtigt, die Arbeiten bis zum Zahlungseingang einzustellen.<\/p><p><strong>10. R\u00fccknahme<\/strong><\/p><p>Tritt der Kunde unberechtigt vom Vertrag zur\u00fcck oder kann der Vertrag aus Gr\u00fcnden, die der Kunde zu vertreten hat, nicht durchgef\u00fchrt werden, ist beconart berechtigt, unbeschadet des Nachweises eines h\u00f6heren Schadens 25% der Nettoauftragssumme als Schadensersatz zu verlangen.<\/p><p><strong>11. Bonit\u00e4tspr\u00fcfung<\/strong><\/p><p>Zum Schutz vor Zahlungsausf\u00c3?llen und Leistungsmissbrauch durch Dritte ist beconart berechtigt, vor Vertragsabschluss Wirtschaftsausk\u00c3?nfte einzuholen und personenbezogene Vertragsdaten an eine Wirtschaftsauskunftei zu \u00c3?bermitteln. Im Falle einer nicht vertragsgem\u00e4\u00dfen Abwicklung ist beconart ebenfalls berechtigt, entsprechende Daten zu \u00fcbermitteln.<\/p><p><strong>12. Zust\u00e4ndigkeit<\/strong><\/p><p>Ausschlie\u00dflicher Gerichtsstand und Erf\u00fcllungsort f\u00fcr alle sich aus dem Vertragsverh\u00e4ltnis unmittelbar oder mittelbar ergebenden Streitigkeiten ist der Sitz von beconart in Stuttgart.<\/p><p><strong>13. Schlussbestimmungen<\/strong><\/p><p>Es gilt ausschlie\u00dflich das Recht der Bundesrepublik Deutschland. Abweichende Vereinbarungen bed\u00fcrfen der Schriftform. E-Mail gen\u00fcgt der Schriftform nicht.<br \/>Sollte eine Bestimmung dieser AGB unwirksam sein oder werden, so wird dadurch die Wirksamkeit der \u00fcbrigen Bestimmungen nicht ber\u00fchrt. Die Parteien haben die unwirksame Bestimmung durch eine wirksame Bestimmung zu ersetzen, die dem angestrebten wirtschaftlichen Zweck m\u00f6glichst nahe kommt.<\/p>\t\t\t\t\t\t\t\t<\/div>\n\t\t\t\t<\/div>\n\t\t\t\t\t<\/div>\n\t\t\t\t<\/div>\n\t\t\t\t<\/div>","protected":false},"excerpt":{"rendered":"<p>Terms and conditions 1. Scope of Conditions The following conditions govern the business relationships between beconart and its clients. The websites, companies, and brands of the management, including viewed offers and orders, are also included.Contracts are only accepted under our order, delivery, and payment conditions. The client&#8217;s purchasing conditions are expressly rejected unless they are [&hellip;]<\/p>","protected":false},"author":74,"featured_media":0,"parent":0,"menu_order":0,"comment_status":"closed","ping_status":"closed","template":"","meta":{"_acf_changed":false,"footnotes":""},"folder":[],"class_list":["post-40492","page","type-page","status-publish","hentry"],"acf":[],"_links":{"self":[{"href":"https:\/\/exposed-concrete-franchise.com\/de\/wp-json\/wp\/v2\/pages\/40492","targetHints":{"allow":["GET"]}}],"collection":[{"href":"https:\/\/exposed-concrete-franchise.com\/de\/wp-json\/wp\/v2\/pages"}],"about":[{"href":"https:\/\/exposed-concrete-franchise.com\/de\/wp-json\/wp\/v2\/types\/page"}],"author":[{"embeddable":true,"href":"https:\/\/exposed-concrete-franchise.com\/de\/wp-json\/wp\/v2\/users\/74"}],"replies":[{"embeddable":true,"href":"https:\/\/exposed-concrete-franchise.com\/de\/wp-json\/wp\/v2\/comments?post=40492"}],"version-history":[{"count":7,"href":"https:\/\/exposed-concrete-franchise.com\/de\/wp-json\/wp\/v2\/pages\/40492\/revisions"}],"predecessor-version":[{"id":40503,"href":"https:\/\/exposed-concrete-franchise.com\/de\/wp-json\/wp\/v2\/pages\/40492\/revisions\/40503"}],"wp:attachment":[{"href":"https:\/\/exposed-concrete-franchise.com\/de\/wp-json\/wp\/v2\/media?parent=40492"}],"wp:term":[{"taxonomy":"folder","embeddable":true,"href":"https:\/\/exposed-concrete-franchise.com\/de\/wp-json\/wp\/v2\/folder?post=40492"}],"curies":[{"name":"wp","href":"https:\/\/api.w.org\/{rel}","templated":true}]}}