{"id":40479,"date":"2025-02-13T16:32:26","date_gmt":"2025-02-13T15:32:26","guid":{"rendered":"https:\/\/exposed-concrete-franchise.com\/?page_id=40479"},"modified":"2025-02-13T16:38:19","modified_gmt":"2025-02-13T15:38:19","slug":"privacy-policy","status":"publish","type":"page","link":"https:\/\/exposed-concrete-franchise.com\/de\/privacy-policy\/","title":{"rendered":"Datenschutzbestimmungen"},"content":{"rendered":"<div data-elementor-type=\"wp-page\" data-elementor-id=\"40479\" class=\"elementor elementor-40479\" data-elementor-post-type=\"page\">\n\t\t\t\t<div class=\"elementor-element elementor-element-5e4dcc0f e-con-full e-flex e-con e-parent\" data-id=\"5e4dcc0f\" data-element_type=\"container\" data-e-type=\"container\" data-settings=\"{&quot;background_background&quot;:&quot;classic&quot;,&quot;jet_parallax_layout_list&quot;:[]}\">\n\t\t<div class=\"elementor-element elementor-element-5029d980 e-flex e-con-boxed e-con e-child\" data-id=\"5029d980\" data-element_type=\"container\" data-e-type=\"container\" data-settings=\"{&quot;jet_parallax_layout_list&quot;:[]}\">\n\t\t\t\t\t<div class=\"e-con-inner\">\n\t\t\t\t<div class=\"elementor-element elementor-element-39f7bdfa elementor-widget elementor-widget-heading\" data-id=\"39f7bdfa\" data-element_type=\"widget\" data-e-type=\"widget\" data-widget_type=\"heading.default\">\n\t\t\t\t<div class=\"elementor-widget-container\">\n\t\t\t\t\t<h2 class=\"elementor-heading-title elementor-size-default\">Datenschutzbestimmungen<\/h2>\t\t\t\t<\/div>\n\t\t\t\t<\/div>\n\t\t\t\t\t<\/div>\n\t\t\t\t<\/div>\n\t\t\t\t<\/div>\n\t\t<div class=\"elementor-element elementor-element-330b8c4a e-flex e-con-boxed e-con e-parent\" data-id=\"330b8c4a\" data-element_type=\"container\" data-e-type=\"container\" data-settings=\"{&quot;jet_parallax_layout_list&quot;:[]}\">\n\t\t\t\t\t<div class=\"e-con-inner\">\n\t\t\t\t<div class=\"elementor-element elementor-element-12b6dc24 elementor-widget elementor-widget-text-editor\" data-id=\"12b6dc24\" data-element_type=\"widget\" data-e-type=\"widget\" data-widget_type=\"text-editor.default\">\n\t\t\t\t<div class=\"elementor-widget-container\">\n\t\t\t\t\t\t\t\t\t<p><strong>Datenschutzbestimmungen<\/strong><br \/>Im Folgenden m\u00f6chten wir Sie \u00fcber unsere Datenschutzpolitik informieren. Hier finden Sie Informationen \u00fcber die Erhebung und Verwendung personenbezogener Daten bei der Nutzung unserer Website. Wir halten uns an die in Deutschland geltenden Datenschutzgesetze. Sie k\u00f6nnen diese Erkl\u00e4rung jederzeit auf unserer Website abrufen.<\/p><p>Wir weisen ausdr\u00fccklich darauf hin, dass die Daten\u00fcbertragung im Internet (z.B. bei der Kommunikation per E-Mail) Sicherheitsl\u00fccken aufweisen und nicht l\u00fcckenlos vor dem Zugriff durch Dritte gesch\u00fctzt werden kann.<\/p><p>Die Verwendung der Kontaktdaten des Impressums zur gewerblichen Werbung ist ausdr\u00fccklich nicht erw\u00fcnscht, es sei denn, wir haben zuvor unsere schriftliche Einwilligung erteilt oder es besteht bereits eine Gesch\u00e4ftsbeziehung. Der Anbieter und alle auf dieser Website genannten Personen widersprechen hiermit jeder kommerziellen Verwendung und Weitergabe ihrer Daten.<\/p><p><strong>Pers\u00f6nliche Daten<\/strong><br \/>Sie k\u00f6nnen unsere Website besuchen, ohne personenbezogene Daten anzugeben. Soweit auf unseren Seiten personenbezogene Daten (beispielsweise Name, Anschrift oder eMail-Adressen) erhoben werden, erfolgt dies, soweit m\u00f6glich, stets auf freiwilliger Basis. Diese Daten werden ohne Ihre ausdr\u00fcckliche Zustimmung nicht an Dritte weitergegeben.<\/p><p>Wenn ein Vertragsverh\u00e4ltnis zwischen Ihnen und uns begr\u00fcndet, inhaltlich ausgestaltet oder ge\u00e4ndert werden soll oder wenn Sie eine Anfrage stellen, erheben und verwenden wir personenbezogene Daten von Ihnen, soweit dies zu diesen Zwecken erforderlich ist (Bestandsdaten). Wir erheben, verarbeiten und nutzen personenbezogene Daten, soweit dies erforderlich ist, um Ihnen die Inanspruchnahme unserer Webangebote zu erm\u00f6glichen (Nutzungsdaten).<\/p><p>Alle personenbezogenen Daten werden nur so lange gespeichert, wie dies f\u00fcr den angegebenen Zweck (Bearbeitung Ihrer Anfrage oder Abwicklung eines Vertrages) erforderlich ist. Gesetzliche und steuerrechtliche Aufbewahrungsfristen werden dabei ber\u00fccksichtigt. Auf Anordnung der zust\u00e4ndigen Stellen d\u00fcrfen wir im Einzelfall Auskunft \u00fcber diese Daten (Bestandsdaten) erteilen, soweit dies f\u00fcr Zwecke der Strafverfolgung, zur Gefahrenabwehr, zur Erf\u00fcllung der gesetzlichen Aufgaben der Verfassungsschutzbeh\u00f6rden oder des Milit\u00e4rischen Abschirmdienstes oder zur Durchsetzung der Rechte am geistigen Eigentum erforderlich ist.<\/p><p><strong>Verwendung von Cookies<\/strong><br \/>Zur Verwaltung der auf unserer Website verwendeten Cookies und \u00e4hnlicher Technologien (Z\u00e4hlpixel, Web Beacons usw.) sowie der damit verbundenen Einwilligungen verwenden wir das Einwilligungstool \"Real Cookie Banner\". Einzelheiten zur Funktionalit\u00e4t von \"Real Cookie Banner\" finden Sie unter<br \/><a href=\"https:\/\/devowl.io\/en\/rcb\/data-processing\/\" target=\"_blank\" rel=\"noopener noreferrer\">https:\/\/devowl.io\/en\/rcb\/data-processing\/<\/a>.<\/p><p>Die Rechtsgrundlage f\u00fcr die Verarbeitung personenbezogener Daten in diesem Zusammenhang ist Artikel 6 Absatz 1 Buchstabe c der DSGVO und Artikel 6 Absatz 1 Buchstabe f der DSGVO. Unser berechtigtes Interesse ist die Verwaltung der verwendeten Cookies und \u00e4hnlicher Technologien sowie der damit verbundenen Zustimmungen.<\/p><p>Die Bereitstellung personenbezogener Daten ist weder vertraglich vorgeschrieben noch f\u00fcr einen Vertragsabschluss erforderlich. Sie sind nicht verpflichtet, personenbezogene Daten bereitzustellen. Wenn Sie keine personenbezogenen Daten bereitstellen, k\u00f6nnen wir Ihre Einwilligungen nicht verwalten.<\/p><p><strong>Kommentar Funktionen<\/strong><br \/>Im Rahmen der Kommentarfunktion erheben wir personenbezogene Daten (z.B. Name, E-Mail) im Zusammenhang mit Ihrem Kommentar zu einem Beitrag nur insoweit, als Sie diese angegeben haben. Bei der Ver\u00f6ffentlichung eines Kommentars wird die von Ihnen angegebene E-Mail-Adresse gespeichert, aber nicht ver\u00f6ffentlicht. Ihr Name wird ver\u00f6ffentlicht, wenn Sie nicht unter einem Pseudonym geschrieben haben.<\/p><p><strong>Datenschutzrichtlinie f\u00fcr das Facebook-Plugin (\"Like\")<\/strong><br \/>Diese Website verwendet Plugins von Facebook.com, die von der Facebook Inc. 1601 S. California Avenue, Palo Alto, CA 94304, USA, bereitgestellt werden. Die Nutzer unserer Website, auf der das Facebook-Plugin (\"Gef\u00e4llt mir\"-Button) installiert ist, werden hiermit dar\u00fcber informiert, dass das Plugin eine Verbindung zu Facebook herstellt und dadurch Informationen an Ihren Browser \u00fcbermittelt werden, damit das Plugin auf der Website angezeigt werden kann.<\/p><p>Zus\u00e4tzlich werden durch die Nutzung des Plugins Daten an die Facebook-Server \u00fcbermittelt, die Informationen \u00fcber Ihren Besuch auf unserer Website enthalten. Bei eingeloggten Facebook-Nutzern werden die Nutzungsdaten mit ihrem pers\u00f6nlichen Facebook-Konto verkn\u00fcpft.<\/p><p>Wenn Sie das Facebook-Plugin aktiv nutzen (z.B. durch Anklicken des \"Gef\u00e4llt mir\"-Buttons oder Nutzung der Kommentarfunktion), werden diese Daten an Ihr Facebook-Konto \u00fcbermittelt und ver\u00f6ffentlicht. Sie k\u00f6nnen dies vermeiden, indem Sie sich vor der Nutzung des Plugins aus Ihrem Facebook-Konto ausloggen.<\/p><p>Weitere Informationen \u00fcber die Datennutzung durch Facebook finden Sie in den Datenschutzbestimmungen von Facebook unter <a href=\"http:\/\/de-de.facebook.com\/policy.php\" target=\"_blank\" rel=\"noopener\">http:\/\/de-de.facebook.com\/policy.php<\/a>.<\/p><p><strong>Datenschutzbestimmungen f\u00fcr den Webanalysedienst Google Analytics<\/strong><br \/>Diese Website benutzt Google Analytics, einen Webanalysedienst der Google Inc. (\"Google\"). Google Analytics verwendet sog. \"Cookies\", Textdateien, die auf Ihrem Computer gespeichert werden und die eine Analyse der Benutzung der Website durch Sie erm\u00f6glichen. Die durch den Cookie erzeugten Informationen \u00fcber Ihre Benutzung dieser Website werden in der Regel an einen Server von Google in den USA \u00fcbertragen und dort gespeichert.<\/p><p>Wir haben die IP-Anonymisierung aktiviert. Ihre IP-Adresse wird daher von Google innerhalb von Mitgliedstaaten der Europ\u00e4ischen Union oder in anderen Vertragsstaaten des Abkommens \u00fcber den Europ\u00e4ischen Wirtschaftsraum vor der \u00dcbertragung gek\u00fcrzt. Nur in Ausnahmef\u00e4llen wird die volle IP-Adresse an einen Server von Google in den USA \u00fcbertragen und dort gek\u00fcrzt.<\/p><p>Im Auftrag des Betreibers dieser Website wird Google diese Informationen benutzen, um Ihre Nutzung der Website auszuwerten, um Reports \u00fcber die Websiteaktivit\u00e4ten zusammenzustellen und um weitere mit der Websitenutzung und der Internetnutzung verbundene Dienstleistungen zu erbringen. Die im Rahmen von Google Analytics von Ihrem Browser \u00fcbermittelte IP-Adresse wird nicht mit anderen Daten von Google zusammengef\u00fchrt.<\/p><p>Sie k\u00f6nnen die Speicherung von Cookies verhindern, indem Sie Ihre Browsereinstellungen anpassen. Bitte beachten Sie jedoch, dass Sie in diesem Fall m\u00f6glicherweise nicht alle Funktionen dieser Website in vollem Umfang nutzen k\u00f6nnen. Sie k\u00f6nnen dar\u00fcber hinaus die Erfassung der durch das Cookie erzeugten und auf Ihre Nutzung der Website bezogenen Daten (inkl. Ihrer IP-Adresse) sowie deren Verarbeitung durch Google verhindern, indem sie das unter folgender Adresse verf\u00fcgbare Browser-Plugin herunterladen und installieren<br \/><a href=\"http:\/\/tools.google.com\/dlpage\/gaoptout?hl=en\" target=\"_blank\" rel=\"noopener\">http:\/\/tools.google.com\/dlpage\/gaoptout?hl=en<\/a>.<\/p><p><strong>Recht auf Information<\/strong><br \/>Sie haben das Recht, unentgeltlich und unverz\u00fcglich Auskunft \u00fcber die \u00fcber Sie erhobenen Daten zu erhalten. Sie haben auch das Recht, Ihre Zustimmung zur Verwendung Ihrer personenbezogenen Daten jederzeit f\u00fcr die Zukunft zu widerrufen.<\/p><p>Um Informationen zu erhalten, wenden Sie sich bitte an den Anbieter unter den im Impressum angegebenen Kontaktdaten.<\/p>\t\t\t\t\t\t\t\t<\/div>\n\t\t\t\t<\/div>\n\t\t\t\t\t<\/div>\n\t\t\t\t<\/div>\n\t\t\t\t<\/div>","protected":false},"excerpt":{"rendered":"<p>Privacy policy Privacy PolicyBelow, we would like to inform you about our privacy policy. Here, you will find information about the collection and use of personal data when using our website. We comply with the data protection laws applicable in Germany. You can access this statement at any time on our website. We explicitly point [&hellip;]<\/p>","protected":false},"author":74,"featured_media":0,"parent":0,"menu_order":0,"comment_status":"closed","ping_status":"closed","template":"","meta":{"_acf_changed":false,"footnotes":""},"folder":[],"class_list":["post-40479","page","type-page","status-publish","hentry"],"acf":[],"_links":{"self":[{"href":"https:\/\/exposed-concrete-franchise.com\/de\/wp-json\/wp\/v2\/pages\/40479","targetHints":{"allow":["GET"]}}],"collection":[{"href":"https:\/\/exposed-concrete-franchise.com\/de\/wp-json\/wp\/v2\/pages"}],"about":[{"href":"https:\/\/exposed-concrete-franchise.com\/de\/wp-json\/wp\/v2\/types\/page"}],"author":[{"embeddable":true,"href":"https:\/\/exposed-concrete-franchise.com\/de\/wp-json\/wp\/v2\/users\/74"}],"replies":[{"embeddable":true,"href":"https:\/\/exposed-concrete-franchise.com\/de\/wp-json\/wp\/v2\/comments?post=40479"}],"version-history":[{"count":7,"href":"https:\/\/exposed-concrete-franchise.com\/de\/wp-json\/wp\/v2\/pages\/40479\/revisions"}],"predecessor-version":[{"id":40491,"href":"https:\/\/exposed-concrete-franchise.com\/de\/wp-json\/wp\/v2\/pages\/40479\/revisions\/40491"}],"wp:attachment":[{"href":"https:\/\/exposed-concrete-franchise.com\/de\/wp-json\/wp\/v2\/media?parent=40479"}],"wp:term":[{"taxonomy":"folder","embeddable":true,"href":"https:\/\/exposed-concrete-franchise.com\/de\/wp-json\/wp\/v2\/folder?post=40479"}],"curies":[{"name":"wp","href":"https:\/\/api.w.org\/{rel}","templated":true}]}}